{"id":137335,"date":"2025-06-05T00:00:00","date_gmt":"2025-06-05T05:00:00","guid":{"rendered":"https:\/\/gpl-love.com\/es\/producto\/yaymail-automatewoo\/"},"modified":"2026-03-09T08:36:53","modified_gmt":"2026-03-09T13:36:53","slug":"yaymail-automatewoo","status":"publish","type":"product","link":"https:\/\/gpl-love.com\/es\/producto\/yaymail-automatewoo\/","title":{"rendered":"YayMail AutomateWoo 4.0.1"},"content":{"rendered":"<h3>YayMail AutomateWoo Caracteristicas<\/h3>\n<p>YayMail AutomateWoo, una herramienta de automatizaci\u00f3n de correo electr\u00f3nico excepcionalmente potente y abarcadora, sirve como un activo invaluable para las empresas con el objetivo de optimizar sus esfuerzos de marketing por correo electr\u00f3nico. Con una interfaz notablemente f\u00e1cil de usar, AutomateWoo permite a los usuarios generar y enviar correos electr\u00f3nicos meticulosamente adaptados a sus suscriptores, teniendo en cuenta sus comportamientos individuales e intereses espec\u00edficos. Adem\u00e1s, esta herramienta fenomenal cuenta con una impresionante variedad de flujos de trabajo de automatizaci\u00f3n, que abarca aspectos cruciales como recordatorios de carros abandonados, series de bienvenida y seguimientos posteriores a la compra. Como si estas caracter\u00edsticas no fueran suficientes, AutomateWoo tambi\u00e9n ofrece una gran cantidad de intrincadas an\u00e1lisis de an\u00e1lisis e informes, otorgando a los usuarios la capacidad de monitorear meticulosamente el rendimiento del correo electr\u00f3nico y optimizar sus campa\u00f1as. En resumen, est\u00e1 inequ\u00edvocamente claro que Yaymail Automatewoo se destaca como una herramienta indispensable para cualquier negocio que anhele mejorar su estrategia de marketing por correo electr\u00f3nico y fomentar una tasa de conversiones m\u00e1s alta.<\/p>\n<ul>\n<li>Racionalizar y automatizar la comunicaci\u00f3n por correo electr\u00f3nico de WooCommerce<\/li>\n<li>Enviar correos electr\u00f3nicos dirigidos y personalizados a los clientes en funci\u00f3n de su comportamiento y h\u00e1bitos de compra<\/li>\n<li>Aumentar la participaci\u00f3n y la lealtad del cliente con correos electr\u00f3nicos de seguimiento automatizados<\/li>\n<li>Configurar secuencias de correo electr\u00f3nico personalizadas con disparadores y condiciones para maximizar la efectividad<\/li>\n<li>Crear y personalizar f\u00e1cilmente las plantillas de correo electr\u00f3nico con una interfaz f\u00e1cil de usar<\/li>\n<li>Programe campa\u00f1as de correo electr\u00f3nico por adelantado para obtener la m\u00e1xima eficiencia<\/li>\n<li>Ver an\u00e1lisis detallados y m\u00e9tricas de rendimiento para rastrear el \u00e9xito de sus campa\u00f1as de correo electr\u00f3nico<\/li>\n<li>Mejorar la satisfacci\u00f3n y la retenci\u00f3n del cliente con una comunicaci\u00f3n oportuna y relevante<\/li>\n<li>Ahorre tiempo y recursos automatizando tareas de correo electr\u00f3nico repetitivas<\/li>\n<li>Acceda a los datos y las ideas del cliente para optimizar las estrategias de marketing por correo electr\u00f3nico.<\/li>\n<\/ul>\n","protected":false},"excerpt":{"rendered":"<p>YayMail AutomateWoo, una herramienta influyente para la automatizaci\u00f3n del marketing por correo electr\u00f3nico, est\u00e1 meticulosamente dise\u00f1ada para facilitar la racionalizaci\u00f3n y optimizaci\u00f3n de sus campa\u00f1as de correo electr\u00f3nico. Cuenta con una amplia gama de caracter\u00edsticas avanzadas, como mensajes personalizados, correos electr\u00f3nicos activados y contenido din\u00e1mico, todos los cuales permiten la creaci\u00f3n de campa\u00f1as cautivadoras que producen resultados rentables. Ya sea que su objetivo sea mejorar la participaci\u00f3n, amplificar las conversiones o fomentar las relaciones con los clientes duraderas, Yaymail AutomateWoo ofrece una soluci\u00f3n integral para elevar sus esfuerzos de marketing por correo electr\u00f3nico. Por lo tanto, \u00bfpor qu\u00e9 retrasar? \u00a1Emb\u00e1rcate en tu viaje con Yaymail Automatewoo hoy y presencie la realizaci\u00f3n de los resultados que has anhelado perpetuamente!<\/p>\n","protected":false},"featured_media":168761,"comment_status":"open","ping_status":"open","template":"","meta":[],"product_brand":[2651],"product_cat":[1207,1248,1206],"product_tag":[2278],"class_list":{"0":"post-137335","1":"product","2":"type-product","3":"status-publish","4":"has-post-thumbnail","6":"product_brand-yaycommerce","7":"product_cat-comercio-electronico-plugins","8":"product_cat-personalizacion-comercio-electronico-plugins","9":"product_cat-plugins","10":"product_tag-yaycommerce","11":"member-discount","12":"discount-restricted","14":"first","15":"instock","16":"sale","17":"downloadable","18":"virtual","19":"sold-individually","20":"purchasable","21":"product-type-simple"},"_links":{"self":[{"href":"https:\/\/gpl-love.com\/es\/wp-json\/wp\/v2\/product\/137335","targetHints":{"allow":["GET"]}}],"collection":[{"href":"https:\/\/gpl-love.com\/es\/wp-json\/wp\/v2\/product"}],"about":[{"href":"https:\/\/gpl-love.com\/es\/wp-json\/wp\/v2\/types\/product"}],"replies":[{"embeddable":true,"href":"https:\/\/gpl-love.com\/es\/wp-json\/wp\/v2\/comments?post=137335"}],"wp:featuredmedia":[{"embeddable":true,"href":"https:\/\/gpl-love.com\/es\/wp-json\/wp\/v2\/media\/168761"}],"wp:attachment":[{"href":"https:\/\/gpl-love.com\/es\/wp-json\/wp\/v2\/media?parent=137335"}],"wp:term":[{"taxonomy":"product_brand","embeddable":true,"href":"https:\/\/gpl-love.com\/es\/wp-json\/wp\/v2\/product_brand?post=137335"},{"taxonomy":"product_cat","embeddable":true,"href":"https:\/\/gpl-love.com\/es\/wp-json\/wp\/v2\/product_cat?post=137335"},{"taxonomy":"product_tag","embeddable":true,"href":"https:\/\/gpl-love.com\/es\/wp-json\/wp\/v2\/product_tag?post=137335"}],"curies":[{"name":"wp","href":"https:\/\/api.w.org\/{rel}","templated":true}]}}