{"id":137334,"date":"2025-06-05T00:00:00","date_gmt":"2025-06-05T05:00:00","guid":{"rendered":"https:\/\/gpl-love.com\/es\/producto\/yaymail-woocommerce-bookings\/"},"modified":"2026-03-09T08:36:52","modified_gmt":"2026-03-09T13:36:52","slug":"yaymail-woocommerce-bookings","status":"publish","type":"product","link":"https:\/\/gpl-love.com\/es\/producto\/yaymail-woocommerce-bookings\/","title":{"rendered":"YayMail Woocommerce Bookings 4.0"},"content":{"rendered":"<h3>YayMail Woocommerce Bookings Caracteristicas<\/h3>\n<p>YayMail WooCommerce Bookings es una herramienta incre\u00edblemente robusta y poderosa que se ha creado espec\u00edficamente para racionalizar y mejorar el proceso de reserva para las empresas que utilizan la popular plataforma WooCommerce. Al aprovechar las capacidades sobresalientes de este notable complemento, las empresas pueden supervisar y administrar sin problemas todas sus citas y reservas, asegurando as\u00ed una experiencia de reserva notablemente conveniente y sin problemas para sus valiosos clientes. La extensa gama de caracter\u00edsticas de vanguardia proporcionadas por este complemento innovador incluye, pero no se limita a la integraci\u00f3n perfecta de un sistema de calendario altamente sofisticado, la creaci\u00f3n y personalizaci\u00f3n de formas de reserva extremadamente vers\u00e1tiles y personalizadas, as\u00ed como la implementaci\u00f3n de un Sistema de notificaci\u00f3n de correo electr\u00f3nico automatizado que garantiza actualizaciones r\u00e1pidas e informativas para todas las partes involucradas. Adem\u00e1s, las empresas pueden aprovechar las capacidades notables de las reservas de WooCommerce de Yaymail para rastrear y monitorear de manera efectiva la informaci\u00f3n cr\u00edtica del cliente, administrar h\u00e1bilmente sus valiosos recursos y disponibilidad, e incluso generar informes y estad\u00edsticas precisos e integrales que proporcionen ideas valiosas y ayuden a hacer que la realizaci\u00f3n comercial informada comercialice negocios informados en la realizaci\u00f3n de negocios informados. decisiones. Gracias a su interfaz incre\u00edblemente f\u00e1cil de usar y su funcionalidad incomparable, las reservas de YayMail WooCommerce representan indudablemente una herramienta indispensable y vital para cualquier negocio ambicioso que se esfuerce sinceramente para optimizar y racionalizar su proceso de reserva y, en consecuencia, mejorar la satisfacci\u00f3n general del cliente a niveles impredentados.<\/p>\n<ul>\n<li>Integraciones perfectas con su tienda WooCommerce para una f\u00e1cil gesti\u00f3n de reservas<\/li>\n<li>Capacidad para personalizar las opciones de reserva y configurar varios niveles de precios<\/li>\n<li>Pantalla de calendario de reserva intuitiva tanto para clientes como para administradores<\/li>\n<li>Notificaciones autom\u00e1ticas por correo electr\u00f3nico para confirmaciones de reserva, actualizaciones y recordatorios<\/li>\n<li>Interfaz f\u00e1cil de usar para una f\u00e1cil gesti\u00f3n y seguimiento de la reserva<\/li>\n<li>Opciones de pasarela de pago m\u00faltiples para transacciones seguras y convenientes<\/li>\n<li>Integraci\u00f3n con herramientas populares de terceros como Google Calendar y Zapier<\/li>\n<li>Opci\u00f3n para compartir f\u00e1cilmente la informaci\u00f3n de reserva y las actualizaciones en las plataformas de redes sociales<\/li>\n<li>Capacidades de informes robustos para ayudarlo a realizar un seguimiento de sus reservas e ingresos<\/li>\n<li>Atenci\u00f3n al cliente dedicada para ayudarlo a aprovechar al m\u00e1ximo su sistema de reserva.<\/li>\n<\/ul>\n","protected":false},"excerpt":{"rendered":"<p>Las reservas de Yaymail WooCommerce surgen como el mejor complemento, que atiende a las intrincadas demandas de organizar y supervisar todos sus requisitos de reserva, consolid\u00e1ndolos sin problemas en un lugar solitario y f\u00e1cil de usar dentro de la plataforma WooCommerce. Esta herramienta excepcionalmente potente le permite la capacidad de manejar y supervisar de manera eficiente sus reservas de clientes, automatizar sin esfuerzo confirmaciones, despachar diligentemente recordatorios oportunos e incluso generar informes completos que le proporcionan efectivamente una visi\u00f3n general integral de todos los datos vitales relacionados con sus ventas y sus ventas y sus ventas y sus ventas y sus ventas. reservaciones. Al aprovechar la notable funcionalidad de las reservas de WooCommerce de Yaymail, puede optimizar impecablemente todo su proceso de reserva y reserva de clientes, lo que le permite redirigir su valioso tiempo y recursos hacia el crecimiento exponencial y la prosperidad de su estimada empresa comercial.<\/p>\n","protected":false},"featured_media":168760,"comment_status":"open","ping_status":"open","template":"","meta":[],"product_brand":[2651],"product_cat":[1207,1248,1206],"product_tag":[2278],"class_list":{"0":"post-137334","1":"product","2":"type-product","3":"status-publish","4":"has-post-thumbnail","6":"product_brand-yaycommerce","7":"product_cat-comercio-electronico-plugins","8":"product_cat-personalizacion-comercio-electronico-plugins","9":"product_cat-plugins","10":"product_tag-yaycommerce","11":"member-discount","12":"discount-restricted","14":"first","15":"instock","16":"sale","17":"downloadable","18":"virtual","19":"sold-individually","20":"purchasable","21":"product-type-simple"},"_links":{"self":[{"href":"https:\/\/gpl-love.com\/es\/wp-json\/wp\/v2\/product\/137334","targetHints":{"allow":["GET"]}}],"collection":[{"href":"https:\/\/gpl-love.com\/es\/wp-json\/wp\/v2\/product"}],"about":[{"href":"https:\/\/gpl-love.com\/es\/wp-json\/wp\/v2\/types\/product"}],"replies":[{"embeddable":true,"href":"https:\/\/gpl-love.com\/es\/wp-json\/wp\/v2\/comments?post=137334"}],"wp:featuredmedia":[{"embeddable":true,"href":"https:\/\/gpl-love.com\/es\/wp-json\/wp\/v2\/media\/168760"}],"wp:attachment":[{"href":"https:\/\/gpl-love.com\/es\/wp-json\/wp\/v2\/media?parent=137334"}],"wp:term":[{"taxonomy":"product_brand","embeddable":true,"href":"https:\/\/gpl-love.com\/es\/wp-json\/wp\/v2\/product_brand?post=137334"},{"taxonomy":"product_cat","embeddable":true,"href":"https:\/\/gpl-love.com\/es\/wp-json\/wp\/v2\/product_cat?post=137334"},{"taxonomy":"product_tag","embeddable":true,"href":"https:\/\/gpl-love.com\/es\/wp-json\/wp\/v2\/product_tag?post=137334"}],"curies":[{"name":"wp","href":"https:\/\/api.w.org\/{rel}","templated":true}]}}