{"id":137333,"date":"2025-06-05T00:00:00","date_gmt":"2025-06-05T05:00:00","guid":{"rendered":"https:\/\/gpl-love.com\/es\/producto\/yaymail-dokan\/"},"modified":"2026-03-09T08:36:51","modified_gmt":"2026-03-09T13:36:51","slug":"yaymail-dokan","status":"publish","type":"product","link":"https:\/\/gpl-love.com\/es\/producto\/yaymail-dokan\/","title":{"rendered":"YayMail Dokan 4.0.1"},"content":{"rendered":"<h3>YayMail Dokan Caracteristicas<\/h3>\n<p>Yaymail Dokan, una s\u00f3lida herramienta de marketing por correo electr\u00f3nico, ha sido meticulosamente elaborada para ayudar a las empresas en la gesti\u00f3n y mejora de sus campa\u00f1as de correo electr\u00f3nico. Este notable software abarca una amplia gama de funcionalidades, incluida la automatizaci\u00f3n del correo electr\u00f3nico, la gesti\u00f3n meticulosa de las listas, as\u00ed como la provisi\u00f3n de plantillas personalizables que exudan un atractivo cautivador, reforzando as\u00ed la creaci\u00f3n de correos electr\u00f3nicos convincentes capaces de fomentar las conversiones. La inclusi\u00f3n de un tablero f\u00e1cil de usar junto con una interfaz intuitiva dentro de Yaymail Dokan asegura que los usuarios est\u00e9n equipados con las herramientas necesarias para fabricar, enviar y monitorear correos electr\u00f3nicos sin esfuerzo. Adem\u00e1s, este software otorga an\u00e1lisis en tiempo real a sus usuarios, lo que les permite evaluar el triunfo de sus campa\u00f1as, aumentar las tasas de participaci\u00f3n y, en \u00faltima instancia, aumentar la generaci\u00f3n de ingresos. En resumen, Yaymail Dokan es inequ\u00edvocamente como un recurso muy ventajoso para cualquier empresa que aspire a optimizar sus esfuerzos de marketing por correo electr\u00f3nico y obtener resultados superiores.<\/p>\n<ul>\n<li>Yaymail Dokan es una soluci\u00f3n de marketing por correo electr\u00f3nico todo en uno para negocios de comercio electr\u00f3nico.<\/li>\n<li>Le permite crear y enviar boletines bellamente dise\u00f1ados a sus clientes.<\/li>\n<li>Yaymail Dokan tambi\u00e9n proporciona an\u00e1lisis detallados en sus campa\u00f1as de correo electr\u00f3nico, incluidas las tasas de apertura y clics.<\/li>\n<li>Con una interfaz f\u00e1cil de usar, puede administrar f\u00e1cilmente sus listas de correo electr\u00f3nico, programar campa\u00f1as y automatizar los correos electr\u00f3nicos de seguimiento.<\/li>\n<li>La integraci\u00f3n con Dokan Marketplace facilita el objetivo de los segmentos espec\u00edficos de los clientes e impulsa m\u00e1s ventas.<\/li>\n<li>YayMail Dokan ofrece plantillas dise\u00f1adas espec\u00edficamente para empresas de comercio electr\u00f3nico, lo que lo ayuda a mostrar sus productos de una manera visualmente atractiva.<\/li>\n<li>Tambi\u00e9n puede personalizar sus correos electr\u00f3nicos con el nombre del destinatario, la ubicaci\u00f3n y otros datos personalizados.<\/li>\n<li>Yaymail Dokan responde totalmente m\u00f3vil, asegurando que sus campa\u00f1as de correo electr\u00f3nico se vean muy bien en cualquier dispositivo.<\/li>\n<li>La plataforma ofrece una prueba gratuita y planes de precios asequibles para adaptarse a cualquier presupuesto.<\/li>\n<\/ul>\n","protected":false},"excerpt":{"rendered":"<p>Yaymail Dokan, una herramienta de marketing por correo electr\u00f3nico altamente eficiente, ofrece a los usuarios la capacidad de generar, supervisar y enviar correos electr\u00f3nicos de primer nivel a sus suscriptores. Utilizando su interfaz de arrastrar y soltar f\u00e1cilmente de uso de usuarios, las personas pueden crear correos electr\u00f3nicos visualmente impresionantes que cautivan a su audiencia y refuerzan la conciencia de su marca. Adem\u00e1s, las capacidades integrales de an\u00e1lisis e informes de Dokan impulsan a los usuarios a monitorear la efectividad de sus campa\u00f1as y utilizar ideas basadas en datos para mejorar sus resultados. Por lo tanto, si est\u00e1 en busca de una soluci\u00f3n confiable de marketing por correo electr\u00f3nico, \u00a1Yaymail Dokan emerge sin duda como la selecci\u00f3n ideal para usted!<\/p>\n","protected":false},"featured_media":168759,"comment_status":"open","ping_status":"open","template":"","meta":[],"product_brand":[2651],"product_cat":[1207,1248,1206],"product_tag":[2278],"class_list":{"0":"post-137333","1":"product","2":"type-product","3":"status-publish","4":"has-post-thumbnail","6":"product_brand-yaycommerce","7":"product_cat-comercio-electronico-plugins","8":"product_cat-personalizacion-comercio-electronico-plugins","9":"product_cat-plugins","10":"product_tag-yaycommerce","11":"member-discount","12":"discount-restricted","14":"first","15":"instock","16":"sale","17":"downloadable","18":"virtual","19":"sold-individually","20":"purchasable","21":"product-type-simple"},"_links":{"self":[{"href":"https:\/\/gpl-love.com\/es\/wp-json\/wp\/v2\/product\/137333","targetHints":{"allow":["GET"]}}],"collection":[{"href":"https:\/\/gpl-love.com\/es\/wp-json\/wp\/v2\/product"}],"about":[{"href":"https:\/\/gpl-love.com\/es\/wp-json\/wp\/v2\/types\/product"}],"replies":[{"embeddable":true,"href":"https:\/\/gpl-love.com\/es\/wp-json\/wp\/v2\/comments?post=137333"}],"wp:featuredmedia":[{"embeddable":true,"href":"https:\/\/gpl-love.com\/es\/wp-json\/wp\/v2\/media\/168759"}],"wp:attachment":[{"href":"https:\/\/gpl-love.com\/es\/wp-json\/wp\/v2\/media?parent=137333"}],"wp:term":[{"taxonomy":"product_brand","embeddable":true,"href":"https:\/\/gpl-love.com\/es\/wp-json\/wp\/v2\/product_brand?post=137333"},{"taxonomy":"product_cat","embeddable":true,"href":"https:\/\/gpl-love.com\/es\/wp-json\/wp\/v2\/product_cat?post=137333"},{"taxonomy":"product_tag","embeddable":true,"href":"https:\/\/gpl-love.com\/es\/wp-json\/wp\/v2\/product_tag?post=137333"}],"curies":[{"name":"wp","href":"https:\/\/api.w.org\/{rel}","templated":true}]}}