{"id":137332,"date":"2025-06-05T00:00:00","date_gmt":"2025-06-05T05:00:00","guid":{"rendered":"https:\/\/gpl-love.com\/es\/producto\/yaymail-woocommerce-germanized\/"},"modified":"2026-03-09T08:36:50","modified_gmt":"2026-03-09T13:36:50","slug":"yaymail-woocommerce-germanized","status":"publish","type":"product","link":"https:\/\/gpl-love.com\/es\/producto\/yaymail-woocommerce-germanized\/","title":{"rendered":"YayMail WooCommerce Germanized 4.0.1"},"content":{"rendered":"<h3>YayMail WooCommerce Germanized Caracteristicas<\/h3>\n<p>El complemento Germanizado de YayMail WooCommerce ofrece una soluci\u00f3n integral para optimizar y optimizar el proceso de comunicaci\u00f3n por correo electr\u00f3nico dise\u00f1ado espec\u00edficamente para su estimada clientela que predominantemente habla el idioma alem\u00e1n. Al integrarse sin problemas con su tienda WooCommerce, este poderoso complemento no solo mejora las funcionalidades de correo electr\u00f3nico existentes, sino que tambi\u00e9n garantiza una estricta adherencia a las leyes y regulaciones alemanas prevalecientes. En consecuencia, a sus estimados clientes se les presenta una imagen altamente profesional y confiable, solidificando a\u00fan m\u00e1s la reputaci\u00f3n de su marca. Adem\u00e1s, este complemento le permite personalizar y adaptar sin esfuerzo las plantillas de correo electr\u00f3nico, desde la confirmaci\u00f3n del pedido hasta la factura, para alinearse impecablemente con el estilo y el tono \u00fanicos de su marca. Abrazar el complemento Germanizado de Yaymail WooCommerce le permite ofrecer una experiencia incomparable a sus valiosos clientes, aumentando as\u00ed su satisfacci\u00f3n general y fomentando la lealtad a largo plazo.<\/p>\n<ul>\n<li>YayMail es un complemento dise\u00f1ado espec\u00edficamente para las tiendas de WooCommerce que desean ofrecer notificaciones de correo electr\u00f3nico alemanizadas a sus clientes.<\/li>\n<li>Con Yaymail, puede personalizar y traducir f\u00e1cilmente sus plantillas de correo electr\u00f3nico para garantizar que sus notificaciones sean claras, concisas y f\u00e1ciles de entender para sus clientes de habla alemana.<\/li>\n<li>El complemento viene lleno de una gama de plantillas de correo electr\u00f3nico preconstruidas que cubren todo, desde la confirmaci\u00f3n del pedido hasta las actualizaciones de env\u00edo, lo que le facilita comenzar.<\/li>\n<li>Yaymail tambi\u00e9n ofrece una gama de opciones de personalizaci\u00f3n, lo que le permite adaptar la apariencia de sus correos electr\u00f3nicos para adaptarse a su marca y preferencias espec\u00edficas.<\/li>\n<li>El complemento est\u00e1 dise\u00f1ado para funcionar sin problemas con la plataforma WooCommerce, lo que significa que puede estar seguro de que sus notificaciones por correo electr\u00f3nico se enviar\u00e1n de manera autom\u00e1tica y precisa.<\/li>\n<li>Yaymail es incre\u00edblemente f\u00e1cil de usar y f\u00e1cil de configurar, incluso si no tiene experiencia con el marketing por correo electr\u00f3nico o el comercio electr\u00f3nico.<\/li>\n<li>Con Yaymail, puede llevar su tienda WooCommerce al siguiente nivel ofreciendo notificaciones de correo electr\u00f3nico dise\u00f1adas y localizadas que ayudar\u00e1n a mejorar la satisfacci\u00f3n y la lealtad del cliente.<\/li>\n<\/ul>\n","protected":false},"excerpt":{"rendered":"<p>Yaymail WooCommerce Germanized se presenta como un complemento extraordinario, lo que brinda asistencia notable en la gesti\u00f3n eficiente de sus correos electr\u00f3nicos dentro de la plataforma WooCommerce. Este complemento innovador muestra un dise\u00f1o que se adapta a una interfaz f\u00e1cil de usar, asegurando as\u00ed que los esfuerzos de gesti\u00f3n de correo electr\u00f3nico carecen de complejidades. Al abrazar a Yaymail WooCommerce germanizado, obtienes la capacidad de adaptar sin esfuerzo tus correos electr\u00f3nicos en el idioma alem\u00e1n, que abarca una amplia gama de elementos como plantillas y confirmaciones de pedidos. Adem\u00e1s, este complemento avanzado le permite aumentar el atractivo y el factor de compromiso de sus correos electr\u00f3nicos incorporando perfectamente im\u00e1genes, enlaces y otros formatos multimedia. Entonces, \u00bfpor qu\u00e9 continuar postergando? \u00a1Adquirir yaymail wooCommerce germanizado sin demora y revolucione su proceso de gesti\u00f3n de correo electr\u00f3nico de WooCommerce con la m\u00e1xima profesionalidad!<\/p>\n","protected":false},"featured_media":168758,"comment_status":"open","ping_status":"open","template":"","meta":[],"product_brand":[2651],"product_cat":[1207,1248,1206],"product_tag":[2278],"class_list":{"0":"post-137332","1":"product","2":"type-product","3":"status-publish","4":"has-post-thumbnail","6":"product_brand-yaycommerce","7":"product_cat-comercio-electronico-plugins","8":"product_cat-personalizacion-comercio-electronico-plugins","9":"product_cat-plugins","10":"product_tag-yaycommerce","11":"member-discount","12":"discount-restricted","14":"first","15":"instock","16":"sale","17":"downloadable","18":"virtual","19":"sold-individually","20":"purchasable","21":"product-type-simple"},"_links":{"self":[{"href":"https:\/\/gpl-love.com\/es\/wp-json\/wp\/v2\/product\/137332","targetHints":{"allow":["GET"]}}],"collection":[{"href":"https:\/\/gpl-love.com\/es\/wp-json\/wp\/v2\/product"}],"about":[{"href":"https:\/\/gpl-love.com\/es\/wp-json\/wp\/v2\/types\/product"}],"replies":[{"embeddable":true,"href":"https:\/\/gpl-love.com\/es\/wp-json\/wp\/v2\/comments?post=137332"}],"wp:featuredmedia":[{"embeddable":true,"href":"https:\/\/gpl-love.com\/es\/wp-json\/wp\/v2\/media\/168758"}],"wp:attachment":[{"href":"https:\/\/gpl-love.com\/es\/wp-json\/wp\/v2\/media?parent=137332"}],"wp:term":[{"taxonomy":"product_brand","embeddable":true,"href":"https:\/\/gpl-love.com\/es\/wp-json\/wp\/v2\/product_brand?post=137332"},{"taxonomy":"product_cat","embeddable":true,"href":"https:\/\/gpl-love.com\/es\/wp-json\/wp\/v2\/product_cat?post=137332"},{"taxonomy":"product_tag","embeddable":true,"href":"https:\/\/gpl-love.com\/es\/wp-json\/wp\/v2\/product_tag?post=137332"}],"curies":[{"name":"wp","href":"https:\/\/api.w.org\/{rel}","templated":true}]}}