{"id":137331,"date":"2025-06-05T00:00:00","date_gmt":"2025-06-05T05:00:00","guid":{"rendered":"https:\/\/gpl-love.com\/es\/producto\/yaymail-conditional-logic\/"},"modified":"2026-03-09T08:36:49","modified_gmt":"2026-03-09T13:36:49","slug":"yaymail-conditional-logic","status":"publish","type":"product","link":"https:\/\/gpl-love.com\/es\/producto\/yaymail-conditional-logic\/","title":{"rendered":"YayMail Conditional Logic 4.0"},"content":{"rendered":"<h3>YayMail Conditional Logic Caracteristicas<\/h3>\n<p>La l\u00f3gica condicional de Yaymail, una herramienta incre\u00edblemente potente, le permite crear campa\u00f1as de correo electr\u00f3nico a medida y altamente enfocadas. Al utilizar este software, obtiene la capacidad de establecer pautas condicionales que dependan del comportamiento o las preferencias del cliente, lo que le permite personalizar sus mensajes en mayor medida. Ya sea que tenga como objetivo enviar promociones dirigidas a sus clientes m\u00e1s leales o esforzarse por volver a participar con aquellos que han abandonado sus carritos de compras, la l\u00f3gica condicional de Yaymail simplifica el proceso de automatizaci\u00f3n y optimizaci\u00f3n de sus esfuerzos de marketing por correo electr\u00f3nico. Este software f\u00e1cil de usar se integra perfectamente con las principales plataformas de marketing por correo electr\u00f3nico, lo que lo convierte en un activo indispensable para las empresas que buscan mejorar sus niveles de compromiso y refuerzos.<\/p>\n<ul>\n<li>Opciones de filtrado avanzadas basadas en condiciones personalizadas<\/li>\n<li>Permite mensajes personalizados basados \u200b\u200ben el comportamiento del usuario<\/li>\n<li>Aumenta las tasas de compromiso y conversi\u00f3n a trav\u00e9s de campa\u00f1as de correo electr\u00f3nico espec\u00edficas<\/li>\n<li>F\u00e1cil de configurar e integrarse con las populares plataformas de marketing por correo electr\u00f3nico<\/li>\n<li>Agiliza el proceso de marketing automatizando mensajes personalizados<\/li>\n<li>Configuraci\u00f3n l\u00f3gica personalizable para adaptarse a objetivos y necesidades de marketing espec\u00edficos<\/li>\n<li>Mejora la experiencia del cliente entregando contenido relevante<\/li>\n<li>Mejora el ROI maximizando la efectividad de las campa\u00f1as de correo electr\u00f3nico<\/li>\n<li>Reduce el esfuerzo manual necesario para la segmentaci\u00f3n y la orientaci\u00f3n<\/li>\n<li>Ayuda a evitar enviar mensajes irrelevantes o spam a los suscriptores.<\/li>\n<\/ul>\n","protected":false},"excerpt":{"rendered":"<p>La l\u00f3gica condicional de Yaymail, una herramienta incre\u00edblemente potente, le permite fabricar campa\u00f1as de correo electr\u00f3nico notablemente a medida. En virtud de la l\u00f3gica condicional, tiene la capacidad de establecer regulaciones que activen un contenido de correo electr\u00f3nico distinto contingente a la conducta o atributos de suscriptores, que abarcan factores como la ubicaci\u00f3n geogr\u00e1fica, el g\u00e9nero o las compras pasadas. En consecuencia, usted posee los medios para enviar misivas con precisi\u00f3n dirigida que resuenan profundamente con cada destinatario individual, lo que genera niveles elevados de compromiso, conversiones y fidelidad del cliente. Adem\u00e1s, la l\u00f3gica condicional de Yaymail se integra perfectamente con su plataforma de marketing por correo electr\u00f3nico preexistente y cuenta con una facilidad de uso, incluso para los especialistas en marketing con perspicacia tecnol\u00f3gica limitada. Eleve la eficacia de sus campa\u00f1as de correo electr\u00f3nico adoptando las ventajas incomparables que ofrecen hoy la l\u00f3gica condicional de Yaymail.<\/p>\n","protected":false},"featured_media":168757,"comment_status":"open","ping_status":"open","template":"","meta":[],"product_brand":[2651],"product_cat":[1207,1248,1206],"product_tag":[2278],"class_list":{"0":"post-137331","1":"product","2":"type-product","3":"status-publish","4":"has-post-thumbnail","6":"product_brand-yaycommerce","7":"product_cat-comercio-electronico-plugins","8":"product_cat-personalizacion-comercio-electronico-plugins","9":"product_cat-plugins","10":"product_tag-yaycommerce","11":"member-discount","12":"discount-restricted","14":"first","15":"instock","16":"sale","17":"downloadable","18":"virtual","19":"sold-individually","20":"purchasable","21":"product-type-simple"},"_links":{"self":[{"href":"https:\/\/gpl-love.com\/es\/wp-json\/wp\/v2\/product\/137331","targetHints":{"allow":["GET"]}}],"collection":[{"href":"https:\/\/gpl-love.com\/es\/wp-json\/wp\/v2\/product"}],"about":[{"href":"https:\/\/gpl-love.com\/es\/wp-json\/wp\/v2\/types\/product"}],"replies":[{"embeddable":true,"href":"https:\/\/gpl-love.com\/es\/wp-json\/wp\/v2\/comments?post=137331"}],"wp:featuredmedia":[{"embeddable":true,"href":"https:\/\/gpl-love.com\/es\/wp-json\/wp\/v2\/media\/168757"}],"wp:attachment":[{"href":"https:\/\/gpl-love.com\/es\/wp-json\/wp\/v2\/media?parent=137331"}],"wp:term":[{"taxonomy":"product_brand","embeddable":true,"href":"https:\/\/gpl-love.com\/es\/wp-json\/wp\/v2\/product_brand?post=137331"},{"taxonomy":"product_cat","embeddable":true,"href":"https:\/\/gpl-love.com\/es\/wp-json\/wp\/v2\/product_cat?post=137331"},{"taxonomy":"product_tag","embeddable":true,"href":"https:\/\/gpl-love.com\/es\/wp-json\/wp\/v2\/product_tag?post=137331"}],"curies":[{"name":"wp","href":"https:\/\/api.w.org\/{rel}","templated":true}]}}