{"id":137330,"date":"2025-06-05T00:00:00","date_gmt":"2025-06-05T05:00:00","guid":{"rendered":"https:\/\/gpl-love.com\/es\/producto\/yaymail-woocommerce-subscriptions\/"},"modified":"2026-03-09T08:36:48","modified_gmt":"2026-03-09T13:36:48","slug":"yaymail-woocommerce-subscriptions","status":"publish","type":"product","link":"https:\/\/gpl-love.com\/es\/producto\/yaymail-woocommerce-subscriptions\/","title":{"rendered":"YayMail WooCommerce Subscriptions 4.0"},"content":{"rendered":"<h3>YayMail WooCommerce Subscriptions Caracteristicas<\/h3>\n<p>Las suscripciones de YayMail WooCommerce son una herramienta incre\u00edblemente robusta y eficiente que ha sido dise\u00f1ada meticulosamente para ayudarlo a administrar eficientemente su negocio de suscripci\u00f3n de WooCommerce. YayMail ofrece una amplia gama de caracter\u00edsticas que le permiten crear y supervisar sin esfuerzo planes de suscripci\u00f3n, automatizar la comunicaci\u00f3n del cliente y optimizar su proceso de facturaci\u00f3n. Adem\u00e1s, esta herramienta excepcional tambi\u00e9n le proporciona la capacidad invaluable para segmentar efectivamente a sus clientes, lo que le permite dirigirse espec\u00edficamente a grupos distintos con correos electr\u00f3nicos altamente personalizados y personalizados. Adem\u00e1s, Yaymail le facilita el monitoreo y rastrear meticulosamente sus ventas e ingresos, facilitando as\u00ed una mejor comprensi\u00f3n del desempe\u00f1o financiero de su empresa. La integraci\u00f3n perfecta de Yaymail con WooCommerce solidifica a\u00fan m\u00e1s su posici\u00f3n como la soluci\u00f3n definitiva para cualquier negocio de suscripci\u00f3n de WooCommerce. Adoptar a Yaymail, sin duda, dar\u00e1 como resultado una mayor participaci\u00f3n del cliente, tasas de retenci\u00f3n de clientes aumentadas y un crecimiento sustancial de los ingresos, todo el tiempo asegurando ahorros significativos en t\u00e9rminos de tiempo y recursos.<\/p>\n<ul>\n<li>Integre f\u00e1cilmente las opciones de suscripci\u00f3n en su tienda WooCommerce con YayMail.<\/li>\n<li>Administre sin esfuerzo sus \u00f3rdenes de suscripci\u00f3n, incluidas las cancelaciones y las renovaciones.<\/li>\n<li>Configure campa\u00f1as de correo electr\u00f3nico personalizadas para nutrir su base de suscriptores y fomentar la lealtad.<\/li>\n<li>Use plantillas de correo electr\u00f3nico preconstruidas o personalice las suyas para que coincida con la voz y la est\u00e9tica \u00fanicas de su marca.<\/li>\n<li>Obtenga informaci\u00f3n sobre el comportamiento de suscriptores a trav\u00e9s del tablero de an\u00e1lisis detallado de Yaymail.<\/li>\n<li>Automatice la comunicaci\u00f3n con los suscriptores en funci\u00f3n de sus acciones, como carros abandonados o cambios en su suscripci\u00f3n.<\/li>\n<li>Aumente los ingresos y la retenci\u00f3n de los clientes con las poderosas herramientas de gesti\u00f3n de suscripci\u00f3n de Yaymail.<\/li>\n<\/ul>\n","protected":false},"excerpt":{"rendered":"<p>Las suscripciones de YayMail WooCommerce, un complemento de marketing por correo electr\u00f3nico altamente sofisticado, se ha dise\u00f1ado intrincadamente para asimilarse sin problemas con su tienda de WooCommerce. A trav\u00e9s de la utilizaci\u00f3n de Yaymail, puede generar y supervisar sin esfuerzo las listas de suscripci\u00f3n, automatizar las campa\u00f1as de correo electr\u00f3nico y monitorear meticulosamente sus triunfos con an\u00e1lisis integrales. Adem\u00e1s, con su editor de arrastrar y soltar intuitivamente, puede fabricar correos electr\u00f3nicos impresionantes y personalizados que exuden la esencia de su marca y le permitir\u00e1n establecer una conexi\u00f3n m\u00e1s profunda con su clientela. No pierda el tiempo e inscribir en Yaymail hoy para embarcarse en el viaje de aprovechar el extraordinario potencial del marketing por correo electr\u00f3nico para su empresa.<\/p>\n","protected":false},"featured_media":168756,"comment_status":"open","ping_status":"open","template":"","meta":[],"product_brand":[2651],"product_cat":[1207,1248,1206],"product_tag":[2278],"class_list":{"0":"post-137330","1":"product","2":"type-product","3":"status-publish","4":"has-post-thumbnail","6":"product_brand-yaycommerce","7":"product_cat-comercio-electronico-plugins","8":"product_cat-personalizacion-comercio-electronico-plugins","9":"product_cat-plugins","10":"product_tag-yaycommerce","11":"member-discount","12":"discount-restricted","14":"first","15":"instock","16":"sale","17":"downloadable","18":"virtual","19":"sold-individually","20":"purchasable","21":"product-type-simple"},"_links":{"self":[{"href":"https:\/\/gpl-love.com\/es\/wp-json\/wp\/v2\/product\/137330","targetHints":{"allow":["GET"]}}],"collection":[{"href":"https:\/\/gpl-love.com\/es\/wp-json\/wp\/v2\/product"}],"about":[{"href":"https:\/\/gpl-love.com\/es\/wp-json\/wp\/v2\/types\/product"}],"replies":[{"embeddable":true,"href":"https:\/\/gpl-love.com\/es\/wp-json\/wp\/v2\/comments?post=137330"}],"wp:featuredmedia":[{"embeddable":true,"href":"https:\/\/gpl-love.com\/es\/wp-json\/wp\/v2\/media\/168756"}],"wp:attachment":[{"href":"https:\/\/gpl-love.com\/es\/wp-json\/wp\/v2\/media?parent=137330"}],"wp:term":[{"taxonomy":"product_brand","embeddable":true,"href":"https:\/\/gpl-love.com\/es\/wp-json\/wp\/v2\/product_brand?post=137330"},{"taxonomy":"product_cat","embeddable":true,"href":"https:\/\/gpl-love.com\/es\/wp-json\/wp\/v2\/product_cat?post=137330"},{"taxonomy":"product_tag","embeddable":true,"href":"https:\/\/gpl-love.com\/es\/wp-json\/wp\/v2\/product_tag?post=137330"}],"curies":[{"name":"wp","href":"https:\/\/api.w.org\/{rel}","templated":true}]}}