{"id":136127,"date":"2025-11-10T00:00:00","date_gmt":"2025-11-10T05:00:00","guid":{"rendered":"https:\/\/gpl-love.com\/es\/producto\/meta-box-custom-table\/"},"modified":"2026-03-09T08:36:47","modified_gmt":"2026-03-09T13:36:47","slug":"meta-box-custom-table","status":"publish","type":"product","link":"https:\/\/gpl-love.com\/es\/producto\/meta-box-custom-table\/","title":{"rendered":"Meta Box Custom Table 2.3.0"},"content":{"rendered":"<h3>Meta Box Custom Table Caracteristicas<\/h3>\n<p>El complemento Meta Box Custom Table es una herramienta incre\u00edblemente robusta y vers\u00e1til que otorga a los usuarios la capacidad de generar tablas personalizadas sin esfuerzo para sus sitios web de WordPress. Al utilizar este complemento, las personas pueden navegar sin esfuerzo y mostrar datos de una manera visualmente atractiva y muy pr\u00e1ctica. Independientemente de si uno necesita producir una tabla personalizada para listados de productos, colecciones o cualquier otro prop\u00f3sito, este complemento proporciona todas las herramientas y caracter\u00edsticas esenciales necesarias para lograr dicha tarea. Los usuarios pueden construir, modificar y administrar sin esfuerzo sus tablas a trav\u00e9s de una interfaz intuitiva, y el complemento incluso ofrece varias opciones para la personalizaci\u00f3n y la integraci\u00f3n perfecta con otros complementos de WordPress. Para aquellos en busca de una soluci\u00f3n integral y confiable para crear tablas personalizadas para sus sitios web de WordPress, el complemento de tabla personalizada Meta Box es indudablemente digna de consideraci\u00f3n.<\/p>\n<ul>\n<li>Funcionalidad de tabla personalizada para meta boxes de WordPress<\/li>\n<li>Agregar, editar y eliminar f\u00e1cilmente datos personalizados<\/li>\n<li>Admite m\u00faltiples tipos de datos que incluyen texto, n\u00fameros, fechas e im\u00e1genes<\/li>\n<li>Columnas y acciones de tabla personalizables<\/li>\n<li>Opciones de clasificaci\u00f3n y filtrado din\u00e1mico<\/li>\n<li>Integrado con la funcionalidad central de WordPress para una integraci\u00f3n perfecta<\/li>\n<li>Desarrollador con ganchos y filtros para la personalizaci\u00f3n<\/li>\n<li>Interfaz f\u00e1cil de usar para usuarios no t\u00e9cnicos<\/li>\n<li>Rendimiento eficiente y confiable para conjuntos de datos grandes<\/li>\n<li>Actualizaciones y apoyo regulares de desarrolladores experimentados.<\/li>\n<\/ul>\n","protected":false},"excerpt":{"rendered":"<p>La mesa personalizada Meta Box es un complemento de WordPress incre\u00edblemente potente y altamente vers\u00e1til que le otorga la capacidad de generar sin esfuerzo y administrar efectivamente tablas personalizadas dise\u00f1adas para acomodar una amplia gama de tipos de datos. Su interfaz notablemente f\u00e1cil de usar y su funcionalidad notablemente adaptable lo capacitan para construir tablas sin esfuerzo que atienden a todo, desde listados de productos completos hasta calendarios de eventos meticulosamente organizados. Adem\u00e1s, posee la libertad de adaptar impecablemente la est\u00e9tica visual de sus tablas a trav\u00e9s de una extensa variedad de configuraciones y estilos personalizables. Simplifique y optimice sus procesos de gesti\u00f3n de datos con facilidad y eficiencia inigualables cortes\u00eda de este complemento excepcionalmente flexible y adaptable, elaborando y actualizando sin esfuerzo tablas personalizadas que se alinean sin problemas con los requisitos \u00fanicos de su sitio web.<\/p>\n","protected":false},"featured_media":168755,"comment_status":"open","ping_status":"open","template":"","meta":[],"product_brand":[2497],"product_cat":[1214,1206,1211],"product_tag":[2216],"class_list":{"0":"post-136127","1":"product","2":"type-product","3":"status-publish","4":"has-post-thumbnail","6":"product_brand-meta-box","7":"product_cat-personalizacion","8":"product_cat-plugins","9":"product_cat-wordpress-plugins","10":"product_tag-meta-box","11":"member-discount","12":"discount-restricted","14":"first","15":"instock","16":"sale","17":"downloadable","18":"virtual","19":"sold-individually","20":"purchasable","21":"product-type-simple"},"_links":{"self":[{"href":"https:\/\/gpl-love.com\/es\/wp-json\/wp\/v2\/product\/136127","targetHints":{"allow":["GET"]}}],"collection":[{"href":"https:\/\/gpl-love.com\/es\/wp-json\/wp\/v2\/product"}],"about":[{"href":"https:\/\/gpl-love.com\/es\/wp-json\/wp\/v2\/types\/product"}],"replies":[{"embeddable":true,"href":"https:\/\/gpl-love.com\/es\/wp-json\/wp\/v2\/comments?post=136127"}],"wp:featuredmedia":[{"embeddable":true,"href":"https:\/\/gpl-love.com\/es\/wp-json\/wp\/v2\/media\/168755"}],"wp:attachment":[{"href":"https:\/\/gpl-love.com\/es\/wp-json\/wp\/v2\/media?parent=136127"}],"wp:term":[{"taxonomy":"product_brand","embeddable":true,"href":"https:\/\/gpl-love.com\/es\/wp-json\/wp\/v2\/product_brand?post=136127"},{"taxonomy":"product_cat","embeddable":true,"href":"https:\/\/gpl-love.com\/es\/wp-json\/wp\/v2\/product_cat?post=136127"},{"taxonomy":"product_tag","embeddable":true,"href":"https:\/\/gpl-love.com\/es\/wp-json\/wp\/v2\/product_tag?post=136127"}],"curies":[{"name":"wp","href":"https:\/\/api.w.org\/{rel}","templated":true}]}}