{"id":136125,"date":"2025-11-10T00:00:00","date_gmt":"2025-11-10T05:00:00","guid":{"rendered":"https:\/\/gpl-love.com\/es\/producto\/meta-box-user-profile\/"},"modified":"2026-03-09T08:36:44","modified_gmt":"2026-03-09T13:36:44","slug":"meta-box-user-profile","status":"publish","type":"product","link":"https:\/\/gpl-love.com\/es\/producto\/meta-box-user-profile\/","title":{"rendered":"Meta Box User Profile 2.5.12"},"content":{"rendered":"<h3>Meta Box User Profile Caracteristicas<\/h3>\n<p>El complemento de perfil de usuario de Meta Box es una herramienta notablemente efectiva que tiene el prop\u00f3sito de mostrar perfiles de usuario en su sitio web con la m\u00e1xima competencia. Su interfaz, que es f\u00e1cil de usar y f\u00e1cilmente navegable, le permite forjar campos personalizados sin esfuerzo para que los usuarios completen y, posteriormente, presente esa informaci\u00f3n invaluable de una manera visualmente atractiva y sistem\u00e1ticamente arreglada. Este complemento est\u00e1 dise\u00f1ado para atender perfectamente a sitios web que prosperan en contenido generado por el usuario, como redes sociales o directorios en l\u00ednea. El complemento en s\u00ed es excepcionalmente adaptable, proporcionando una amplia gama de caracter\u00edsticas de vanguardia que abarcan soporte para m\u00faltiples tipos de campo, pantalla condicional y acceso basado en roles de usuario. Independientemente de si posee una inclinaci\u00f3n por el desarrollo o es un mero propietario del sitio web, el complemento de perfil de usuario de Meta Box se considera una soluci\u00f3n incomparable y flexible que construye h\u00e1bilmente los perfiles de usuarios en su estimado sitio web.<\/p>\n<ul>\n<li>Permite a los usuarios agregar f\u00e1cilmente campos adicionales a su perfil de usuario de WordPress<\/li>\n<li>Proporciona flexibilidad en qu\u00e9 tipos de campos se pueden agregar, como texto, textura, correo electr\u00f3nico, URL y m\u00e1s<\/li>\n<li>Ofrece a los usuarios la capacidad de hacer que los campos se requieran u opcionales<\/li>\n<li>Ofrece m\u00faltiples opciones de dise\u00f1o para los campos, incluidos en l\u00ednea, columna y pesta\u00f1a<\/li>\n<li>Se integra a la perfecci\u00f3n con otras extensiones de metaxils y complementos de WordPress<\/li>\n<li>Guarda todos los datos del usuario de manera limpia y organizada en la base de datos de WordPress<\/li>\n<li>Aumenta la participaci\u00f3n del usuario al permitirles personalizar su informaci\u00f3n de perfil<\/li>\n<li>Proporciona a los administradores del sitio una interfaz de uso simple para administrar campos de perfil de usuario<\/li>\n<li>Ofrece opciones de personalizaci\u00f3n para usuarios avanzados que desean adaptar los campos de perfil de usuario a sus necesidades \u00fanicas.<\/li>\n<\/ul>\n","protected":false},"excerpt":{"rendered":"<p>El perfil de usuario de Meta Box es una herramienta excepcionalmente robusta e influyente que le proporciona la capacidad perfecta para generar campos personalizados sin esfuerzo para los perfiles de usuario en su sitio web de WordPress. Al utilizar este complemento extraordinario, est\u00e1 facultado para aumentar una extensa gama de campos como entradas de texto, men\u00fas desplegables, casillas de verificaci\u00f3n y muchos otros a sus perfiles de usuario. En consecuencia, esto facilita un proceso simplificado de recopilaci\u00f3n y muestra la informaci\u00f3n fundamental del usuario en su estimado sitio web. Ya sea que su objetivo es construir un sitio de membres\u00eda, una comunidad en l\u00ednea o simplemente requerir la acumulaci\u00f3n de datos de usuarios complementarios, tenga la seguridad de que el perfil de usuario de Meta Box lo tiene completamente cubierto. Adem\u00e1s, cuenta con una facilidad de uso incomparable y una personalizaci\u00f3n incomparable, lo que le otorga la capacidad incomparable para crear precisamente los campos que desea.<\/p>\n","protected":false},"featured_media":168753,"comment_status":"open","ping_status":"open","template":"","meta":[],"product_brand":[2497],"product_cat":[1214,1206,1211],"product_tag":[2216],"class_list":{"0":"post-136125","1":"product","2":"type-product","3":"status-publish","4":"has-post-thumbnail","6":"product_brand-meta-box","7":"product_cat-personalizacion","8":"product_cat-plugins","9":"product_cat-wordpress-plugins","10":"product_tag-meta-box","11":"member-discount","12":"discount-restricted","14":"first","15":"instock","16":"sale","17":"downloadable","18":"virtual","19":"sold-individually","20":"purchasable","21":"product-type-simple"},"_links":{"self":[{"href":"https:\/\/gpl-love.com\/es\/wp-json\/wp\/v2\/product\/136125","targetHints":{"allow":["GET"]}}],"collection":[{"href":"https:\/\/gpl-love.com\/es\/wp-json\/wp\/v2\/product"}],"about":[{"href":"https:\/\/gpl-love.com\/es\/wp-json\/wp\/v2\/types\/product"}],"replies":[{"embeddable":true,"href":"https:\/\/gpl-love.com\/es\/wp-json\/wp\/v2\/comments?post=136125"}],"wp:featuredmedia":[{"embeddable":true,"href":"https:\/\/gpl-love.com\/es\/wp-json\/wp\/v2\/media\/168753"}],"wp:attachment":[{"href":"https:\/\/gpl-love.com\/es\/wp-json\/wp\/v2\/media?parent=136125"}],"wp:term":[{"taxonomy":"product_brand","embeddable":true,"href":"https:\/\/gpl-love.com\/es\/wp-json\/wp\/v2\/product_brand?post=136125"},{"taxonomy":"product_cat","embeddable":true,"href":"https:\/\/gpl-love.com\/es\/wp-json\/wp\/v2\/product_cat?post=136125"},{"taxonomy":"product_tag","embeddable":true,"href":"https:\/\/gpl-love.com\/es\/wp-json\/wp\/v2\/product_tag?post=136125"}],"curies":[{"name":"wp","href":"https:\/\/api.w.org\/{rel}","templated":true}]}}