{"id":136123,"date":"2026-04-08T00:00:00","date_gmt":"2026-04-08T05:00:00","guid":{"rendered":"https:\/\/gpl-love.com\/es\/producto\/meta-box-views\/"},"modified":"2026-04-08T17:16:29","modified_gmt":"2026-04-08T22:16:29","slug":"meta-box-views","status":"publish","type":"product","link":"https:\/\/gpl-love.com\/es\/producto\/meta-box-views\/","title":{"rendered":"Meta Box Views 1.15.1"},"content":{"rendered":"<h3>Meta Box Views Caracteristicas<\/h3>\n<p>Meta Box Views es un complemento de WordPress incre\u00edblemente potente que proporciona a los usuarios la capacidad de generar sin esfuerzo tipos de publicaciones, campos personalizados y taxonom\u00edas personalizadas. Al emplear su interfaz de arrastrar y soltar f\u00e1cil e intuitiva de usuarios, las personas pueden construir r\u00e1pidamente vistas intrincadas y organizar su contenido de una manera que se adapte a sus preferencias. Este complemento en particular es excepcionalmente vers\u00e1til, satisface las necesidades y requisitos tanto de los desarrolladores como de los no desarrolladores. Cuenta con una amplia variedad de opciones de personalizaci\u00f3n, asegurando que se pueda adaptar para adaptarse a cualquier especificaci\u00f3n \u00fanica. Independientemente de si uno desea construir una cartera visualmente atractiva, un cat\u00e1logo de productos extenso o un directorio integral, Meta Box Views es, sin duda, la soluci\u00f3n ideal. Adem\u00e1s, se integra perfectamente con todos los principales temas y complementos de WordPress, inculcando as\u00ed a los usuarios una sensaci\u00f3n de confianza y tranquilidad. Al incorporar las vistas de Meta Box en su sitio de WordPress, tiene la oportunidad de elevar su plataforma en l\u00ednea a nuevas alturas y ofrecer a sus usuarios una experiencia incomparable y verdaderamente distintiva.<\/p>\n<ul>\n<li>Cree r\u00e1pidamente tipos y campos personalizados en WordPress<\/li>\n<li>Agregar y administrar f\u00e1cilmente meta cajas personalizadas en su sitio de WordPress<\/li>\n<li>Guarde el tiempo y agilice su flujo de trabajo con la funcionalidad intuitiva de arrastre y ca\u00edda<\/li>\n<li>Haga que su sitio de WordPress sea m\u00e1s f\u00e1cil de usar mostrando solo meta cuadros relevantes para los usuarios<\/li>\n<li>Integre perfectamente con complementos populares de WordPress como WooCommerce y el Formulario de contacto 7<\/li>\n<li>Aumente sus esfuerzos de SEO agregando meta datos personalizados a sus publicaciones y p\u00e1ginas<\/li>\n<li>Personalice la apariencia de su sitio de WordPress dise\u00f1ando f\u00e1cilmente sus meta cajas con CSS<\/li>\n<li>Mant\u00e9ngase organizado y eficiente agrupando meta cajas relacionadas juntas<\/li>\n<li>Disfrute de la atenci\u00f3n al cliente de primer nivel y una comunidad de otros desarrolladores y usuarios de WordPress.<\/li>\n<\/ul>\n","protected":false},"excerpt":{"rendered":"<p>Meta Box Views es un complemento de WordPress incre\u00edblemente robusto y rico en funciones que proporciona a los usuarios una amplia gama de capacidades, lo que les permite generar plantillas y dise\u00f1os personalizados sin esfuerzo para sus campos personalizados \u00fanicos y espec\u00edficos. Al utilizar este complemento notable, los individuos pueden idear de manera r\u00e1pida y eficiente las opiniones visualmente llamativas para sus datos, lo que resulta en experiencias cautivadoras para sus visitantes y una capacidad mejorada de diferenciarse de sus rivales en la industria. Independientemente de si necesita elaborar una vista a medida para su blog, cartera o tienda de comercio electr\u00f3nico, Meta Box Views ofrece una amplia gama de herramientas y recursos que lo equipar\u00e1n para iniciar el proceso sin demora. Por lo tanto, \u00bfpor qu\u00e9 retrasar m\u00e1s? \u00a1Aproveche este complemento extraordinario hoy y comience la generaci\u00f3n de salidas extraordinarias y excepcionales!<\/p>\n","protected":false},"featured_media":168752,"comment_status":"open","ping_status":"open","template":"","meta":[],"product_brand":[2497],"product_cat":[1214,1206,1211],"product_tag":[2216],"class_list":{"0":"post-136123","1":"product","2":"type-product","3":"status-publish","4":"has-post-thumbnail","6":"product_brand-meta-box","7":"product_cat-personalizacion","8":"product_cat-plugins","9":"product_cat-wordpress-plugins","10":"product_tag-meta-box","11":"member-discount","12":"discount-restricted","14":"first","15":"instock","16":"sale","17":"downloadable","18":"virtual","19":"sold-individually","20":"purchasable","21":"product-type-simple"},"_links":{"self":[{"href":"https:\/\/gpl-love.com\/es\/wp-json\/wp\/v2\/product\/136123","targetHints":{"allow":["GET"]}}],"collection":[{"href":"https:\/\/gpl-love.com\/es\/wp-json\/wp\/v2\/product"}],"about":[{"href":"https:\/\/gpl-love.com\/es\/wp-json\/wp\/v2\/types\/product"}],"replies":[{"embeddable":true,"href":"https:\/\/gpl-love.com\/es\/wp-json\/wp\/v2\/comments?post=136123"}],"wp:featuredmedia":[{"embeddable":true,"href":"https:\/\/gpl-love.com\/es\/wp-json\/wp\/v2\/media\/168752"}],"wp:attachment":[{"href":"https:\/\/gpl-love.com\/es\/wp-json\/wp\/v2\/media?parent=136123"}],"wp:term":[{"taxonomy":"product_brand","embeddable":true,"href":"https:\/\/gpl-love.com\/es\/wp-json\/wp\/v2\/product_brand?post=136123"},{"taxonomy":"product_cat","embeddable":true,"href":"https:\/\/gpl-love.com\/es\/wp-json\/wp\/v2\/product_cat?post=136123"},{"taxonomy":"product_tag","embeddable":true,"href":"https:\/\/gpl-love.com\/es\/wp-json\/wp\/v2\/product_tag?post=136123"}],"curies":[{"name":"wp","href":"https:\/\/api.w.org\/{rel}","templated":true}]}}