{"id":136121,"date":"2025-07-19T00:00:00","date_gmt":"2025-07-19T05:00:00","guid":{"rendered":"https:\/\/gpl-love.com\/es\/producto\/meta-box-group\/"},"modified":"2026-03-09T08:36:41","modified_gmt":"2026-03-09T13:36:41","slug":"meta-box-group","status":"publish","type":"product","link":"https:\/\/gpl-love.com\/es\/producto\/meta-box-group\/","title":{"rendered":"Meta Box Group 1.4.6"},"content":{"rendered":"<h3>Meta Box Group Caracteristicas<\/h3>\n<p>El grupo Meta Box, una herramienta de entrada altamente potente y vers\u00e1til, ofrece una forma f\u00e1cil de crear y organizar campos personalizados y meta cuadros en su sitio web de WordPress. Al permitirle agrupar convenientemente campos relacionados, simplifica el proceso de administraci\u00f3n y edici\u00f3n. El grupo Meta Box no solo proporciona los medios para adaptar los meta datos de su sitio web, sino que tambi\u00e9n facilita la adici\u00f3n de campos suplementarios a sus tipos de publicaciones, taxonom\u00edas y usuarios. Esta herramienta excepcional es perfecta para las personas que buscan un control mejorado sobre el contenido y los metadatos de su sitio web. Adem\u00e1s, el complemento de Meta Box Group cuenta con personalizaci\u00f3n excepcional, facilidad de uso y compatibilidad completa con WordPress 5.0 y m\u00e1s all\u00e1. En resumen, el grupo Meta Box se erige como una herramienta de entrada indispensable que optimiza efectivamente su sitio web y eleva su funcionalidad general.<\/p>\n<ul>\n<li>Habilita la creaci\u00f3n de meta cuadros personalizados para publicaciones y p\u00e1ginas de WordPress<\/li>\n<li>Permite a los desarrolladores agrupar meta cajas para una organizaci\u00f3n simplificada<\/li>\n<li>Se pueden agregar m\u00faltiples campos a cada grupo de meta casilla, como texto, casillas de verificaci\u00f3n y desplegables<\/li>\n<li>Admite agregar CSS personalizado y JavaScript para mejorar la apariencia y la funcionalidad de los meta cajas<\/li>\n<li>Compatible con complementos populares de WordPress que incluyen campos personalizados avanzados y WooCommerce<\/li>\n<li>Ahorra tiempo y esfuerzo a los desarrolladores al crear tipos de publicaciones personalizados y campos personalizados para sus proyectos de WordPress<\/li>\n<li>La interfaz f\u00e1cil de usar facilita a los desarrolladores de todos los niveles de habilidad crear y administrar meta cajas y campos personalizados<\/li>\n<li>Se puede utilizar para una variedad de fines, como agregar datos personalizados a publicaciones para fines de SEO o crear campos personalizados para un sitio de membres\u00eda.<\/li>\n<\/ul>\n","protected":false},"excerpt":{"rendered":"<p>Meta Box Group, una herramienta muy potente, est\u00e1 dise\u00f1ada para facilitar la creaci\u00f3n de campos personalizados intuitivos y f\u00e1ciles de usar dentro de la plataforma WordPress. Es igualmente valioso para ambos desarrolladores que buscan optimizar la funcionalidad de sus sitios web y las personas que tienen como objetivo aumentar su experiencia general del usuario. Las notables capacidades del grupo Meta Box se encuentran en su capacidad para organizar los campos interconectados sin problemas y generar p\u00e1ginas din\u00e1micas basadas en datos. Adem\u00e1s, debido a su amplia gama de tipos de campo y caracter\u00edsticas personalizables, Meta Box Group proporciona a los usuarios las herramientas necesarias para modelar interacciones distintivas y cautivadoras para los visitantes de sus sitios web.<\/p>\n","protected":false},"featured_media":168751,"comment_status":"open","ping_status":"open","template":"","meta":[],"product_brand":[2497],"product_cat":[1214,1206,1211],"product_tag":[2216],"class_list":{"0":"post-136121","1":"product","2":"type-product","3":"status-publish","4":"has-post-thumbnail","6":"product_brand-meta-box","7":"product_cat-personalizacion","8":"product_cat-plugins","9":"product_cat-wordpress-plugins","10":"product_tag-meta-box","11":"member-discount","12":"discount-restricted","14":"first","15":"instock","16":"sale","17":"downloadable","18":"virtual","19":"sold-individually","20":"purchasable","21":"product-type-simple"},"_links":{"self":[{"href":"https:\/\/gpl-love.com\/es\/wp-json\/wp\/v2\/product\/136121","targetHints":{"allow":["GET"]}}],"collection":[{"href":"https:\/\/gpl-love.com\/es\/wp-json\/wp\/v2\/product"}],"about":[{"href":"https:\/\/gpl-love.com\/es\/wp-json\/wp\/v2\/types\/product"}],"replies":[{"embeddable":true,"href":"https:\/\/gpl-love.com\/es\/wp-json\/wp\/v2\/comments?post=136121"}],"wp:featuredmedia":[{"embeddable":true,"href":"https:\/\/gpl-love.com\/es\/wp-json\/wp\/v2\/media\/168751"}],"wp:attachment":[{"href":"https:\/\/gpl-love.com\/es\/wp-json\/wp\/v2\/media?parent=136121"}],"wp:term":[{"taxonomy":"product_brand","embeddable":true,"href":"https:\/\/gpl-love.com\/es\/wp-json\/wp\/v2\/product_brand?post=136121"},{"taxonomy":"product_cat","embeddable":true,"href":"https:\/\/gpl-love.com\/es\/wp-json\/wp\/v2\/product_cat?post=136121"},{"taxonomy":"product_tag","embeddable":true,"href":"https:\/\/gpl-love.com\/es\/wp-json\/wp\/v2\/product_tag?post=136121"}],"curies":[{"name":"wp","href":"https:\/\/api.w.org\/{rel}","templated":true}]}}