{"id":136119,"date":"2025-02-09T00:00:00","date_gmt":"2025-02-09T05:00:00","guid":{"rendered":"https:\/\/gpl-love.com\/es\/producto\/meta-box-tooltip\/"},"modified":"2026-03-09T08:36:40","modified_gmt":"2026-03-09T13:36:40","slug":"meta-box-tooltip","status":"publish","type":"product","link":"https:\/\/gpl-love.com\/es\/producto\/meta-box-tooltip\/","title":{"rendered":"Meta Box Tooltip 1.1.9"},"content":{"rendered":"<h3>Meta Box Tooltip Caracteristicas<\/h3>\n<p>Meta Box ToolTip es un complemento de WordPress extremadamente potente e influyente que sirve para incorporar informaci\u00f3n sobre herramientas en sus meta cajas. Este complemento ha sido intrincadamente dise\u00f1ado para presentar un enfoque simplista e instintivo para integrar la funcionalidad de informaci\u00f3n sobre herramientas en su sitio de WordPress. Acompa\u00f1ado de este complemento, le resultar\u00e1 f\u00e1cil integrar perfectamente las informaci\u00f3n sobre herramientas en cualquier meta caja de su sitio, lo que tambi\u00e9n abarca meta cajas personalizadas. Las informaci\u00f3n sobre herramientas prestadas por este complemento tienen la capacidad de exhibir una variedad de contenido, que abarca im\u00e1genes, texto e incluso c\u00f3digo HTML. Adem\u00e1s, el proceso de instalaci\u00f3n para este complemento es sin problemas y la facilidad de uso que ofrece es encomiable. Adem\u00e1s de esto, se acompa\u00f1a de una amplia gama de opciones de personalizaci\u00f3n que le otorgan plena autoridad sobre la apariencia visual y el comportamiento operativo de sus informaci\u00f3n sobre herramientas. Teniendo en cuenta todos los aspectos, se puede afirmar que la informaci\u00f3n sobre herramientas Meta Box es una herramienta impecable que es muy ventajosa para las personas que buscan aumentar la funcionalidad general y la facilidad de uso de su estimado sitio de WordPress.<\/p>\n<ul>\n<li>Agrega informaci\u00f3n sobre herramientas \u00fatiles a Meta Boxes en WordPress<\/li>\n<li>Proporciona a los usuarios informaci\u00f3n adicional sobre campos y opciones<\/li>\n<li>Puede mejorar la experiencia del usuario y reducir la confusi\u00f3n<\/li>\n<li>F\u00e1cil de instalar y configurar<\/li>\n<li>Contenido y dise\u00f1o de informaci\u00f3n sobre herramientas totalmente personalizables<\/li>\n<li>Disponible en varios idiomas<\/li>\n<li>Compatible con todos los temas y complementos de WordPress<\/li>\n<li>Actualizado y compatible regularmente por el desarrollador<\/li>\n<li>Ayuda a optimizar el proceso de creaci\u00f3n de contenido<\/li>\n<li>Puede aumentar la productividad y la eficiencia para los usuarios de WordPress<\/li>\n<\/ul>\n","protected":false},"excerpt":{"rendered":"<p>Meta Box ToolTip es una herramienta altamente intuitiva y eficiente dise\u00f1ada espec\u00edficamente con el prop\u00f3sito de incorporar perfectamente las informaci\u00f3n sobre herramientas informativas en sus meta cajas de WordPress. En virtud de su interfaz notablemente f\u00e1cil de usar, esta herramienta le permite generar informaci\u00f3n sobre herramientas integrales que proporcionan a los usuarios informaci\u00f3n contextual invaluable a lo largo de su interacci\u00f3n con su contenido. Independientemente de si posee un fondo en desarrollo o es simplemente el propietario de un sitio web, la utilizaci\u00f3n de Meta Box ToolTip sirve como un medio ejemplar para aumentar la experiencia general del usuario de su sitio de WordPress.<\/p>\n","protected":false},"featured_media":168750,"comment_status":"open","ping_status":"open","template":"","meta":[],"product_brand":[2497],"product_cat":[1214,1206,1211],"product_tag":[2216],"class_list":{"0":"post-136119","1":"product","2":"type-product","3":"status-publish","4":"has-post-thumbnail","6":"product_brand-meta-box","7":"product_cat-personalizacion","8":"product_cat-plugins","9":"product_cat-wordpress-plugins","10":"product_tag-meta-box","11":"member-discount","12":"discount-restricted","14":"first","15":"instock","16":"sale","17":"downloadable","18":"virtual","19":"sold-individually","20":"purchasable","21":"product-type-simple"},"_links":{"self":[{"href":"https:\/\/gpl-love.com\/es\/wp-json\/wp\/v2\/product\/136119","targetHints":{"allow":["GET"]}}],"collection":[{"href":"https:\/\/gpl-love.com\/es\/wp-json\/wp\/v2\/product"}],"about":[{"href":"https:\/\/gpl-love.com\/es\/wp-json\/wp\/v2\/types\/product"}],"replies":[{"embeddable":true,"href":"https:\/\/gpl-love.com\/es\/wp-json\/wp\/v2\/comments?post=136119"}],"wp:featuredmedia":[{"embeddable":true,"href":"https:\/\/gpl-love.com\/es\/wp-json\/wp\/v2\/media\/168750"}],"wp:attachment":[{"href":"https:\/\/gpl-love.com\/es\/wp-json\/wp\/v2\/media?parent=136119"}],"wp:term":[{"taxonomy":"product_brand","embeddable":true,"href":"https:\/\/gpl-love.com\/es\/wp-json\/wp\/v2\/product_brand?post=136119"},{"taxonomy":"product_cat","embeddable":true,"href":"https:\/\/gpl-love.com\/es\/wp-json\/wp\/v2\/product_cat?post=136119"},{"taxonomy":"product_tag","embeddable":true,"href":"https:\/\/gpl-love.com\/es\/wp-json\/wp\/v2\/product_tag?post=136119"}],"curies":[{"name":"wp","href":"https:\/\/api.w.org\/{rel}","templated":true}]}}