{"id":136036,"date":"2026-04-08T00:00:00","date_gmt":"2026-04-08T05:00:00","guid":{"rendered":"https:\/\/gpl-love.com\/es\/producto\/memberpress-cancel-override\/"},"modified":"2026-04-08T11:16:35","modified_gmt":"2026-04-08T16:16:35","slug":"memberpress-cancel-override","status":"publish","type":"product","link":"https:\/\/gpl-love.com\/es\/producto\/memberpress-cancel-override\/","title":{"rendered":"MemberPress Cancel Override 1.0.4"},"content":{"rendered":"<h3>MemberPress Cancel Override Caracteristicas<\/h3>\n<p>El complemento MemberPress Cancel Override es una herramienta muy robusta que permite a los propietarios de sitios web al automatizar la cancelaci\u00f3n de las membres\u00edas, eliminando la necesidad de una participaci\u00f3n manual engorrosa. Este complemento sirve como una soluci\u00f3n conveniente y eficiente para los propietarios de sitios web que buscan otorgar a sus miembros la autonom\u00eda de terminar sus propias membres\u00edas, sin la necesidad de llegar a la atenci\u00f3n al cliente o luchar a trav\u00e9s de procedimientos de cancelaci\u00f3n desconcertantes. En esencia, este poderoso complemento facilita sin problemas una experiencia centrada en el usuario, dotando a los miembros con un mayor control sobre sus suscripciones, al tiempo que alivia al mismo tiempo a los propietarios de sitios web para supervisar manualmente las cancelaciones. En su conjunto, el complemento de anulaci\u00f3n de cancelaci\u00f3n de MemberPress representa un recurso excepcional que optimiza el proceso de cancelaci\u00f3n de membres\u00eda y eleva la calidad general de la experiencia del usuario.<\/p>\n<ul>\n<li>Permite a los usuarios anular el proceso de cancelaci\u00f3n predeterminado de MemberPress<\/li>\n<li>Proporciona una interfaz simple y f\u00e1cil de usar para cancelar suscripciones<\/li>\n<li>Ahorra tiempo y frustraci\u00f3n tanto para los usuarios como para los propietarios de sitios<\/li>\n<li>Se puede personalizar f\u00e1cilmente para que coincida con la marca de un sitio web<\/li>\n<li>Funciona sin problemas con otras caracter\u00edsticas e integraciones de MemberPress<\/li>\n<li>Compatible con una amplia gama de pasarelas de pago y complementos de membres\u00eda<\/li>\n<li>Ayuda a reducir la rotaci\u00f3n de clientes y retener m\u00e1s miembros con el tiempo<\/li>\n<li>Viene con soporte dedicado y actualizaciones regulares para garantizar un rendimiento \u00f3ptimo<\/li>\n<li>Ofrece una soluci\u00f3n rentable para gestionar las cancelaciones de suscripci\u00f3n con facilidad.<\/li>\n<\/ul>\n","protected":false},"excerpt":{"rendered":"<p>Al utilizar la notable funcionalidad de MemberPress Cancelar anulaci\u00f3n, puede administrar de manera efectiva los casos en que los suscriptores tienen la intenci\u00f3n de finalizar sus suscripciones mediante la implementaci\u00f3n de un enfoque personalizado que los disuade de suspender permanentemente su membres\u00eda. Esta herramienta muy ventajosa le otorga la capacidad de proporcionar incentivos atractivos y generar motivaci\u00f3n dentro de sus miembros, lo que los alienta a persistir con su suscripci\u00f3n, lo que lleva a un aumento notable tanto en su tasa de retenci\u00f3n como en los ingresos generales. Adem\u00e1s, la conveniencia de configurar las reglas de anulaci\u00f3n de cancelaci\u00f3n sin requerir ninguna perspicacia t\u00e9cnica especializada o competencia de codificaci\u00f3n mejora a\u00fan m\u00e1s el atractivo de esta soluci\u00f3n excepcional.<\/p>\n","protected":false},"featured_media":168748,"comment_status":"open","ping_status":"open","template":"","meta":[],"product_brand":[2496],"product_cat":[1325,1206,1211],"product_tag":[1327],"class_list":{"0":"post-136036","1":"product","2":"type-product","3":"status-publish","4":"has-post-thumbnail","6":"product_brand-memberpress","7":"product_cat-afiliacion","8":"product_cat-plugins","9":"product_cat-wordpress-plugins","10":"product_tag-memberpress","11":"member-discount","12":"discount-restricted","14":"first","15":"instock","16":"sale","17":"downloadable","18":"virtual","19":"sold-individually","20":"purchasable","21":"product-type-simple"},"_links":{"self":[{"href":"https:\/\/gpl-love.com\/es\/wp-json\/wp\/v2\/product\/136036","targetHints":{"allow":["GET"]}}],"collection":[{"href":"https:\/\/gpl-love.com\/es\/wp-json\/wp\/v2\/product"}],"about":[{"href":"https:\/\/gpl-love.com\/es\/wp-json\/wp\/v2\/types\/product"}],"replies":[{"embeddable":true,"href":"https:\/\/gpl-love.com\/es\/wp-json\/wp\/v2\/comments?post=136036"}],"wp:featuredmedia":[{"embeddable":true,"href":"https:\/\/gpl-love.com\/es\/wp-json\/wp\/v2\/media\/168748"}],"wp:attachment":[{"href":"https:\/\/gpl-love.com\/es\/wp-json\/wp\/v2\/media?parent=136036"}],"wp:term":[{"taxonomy":"product_brand","embeddable":true,"href":"https:\/\/gpl-love.com\/es\/wp-json\/wp\/v2\/product_brand?post=136036"},{"taxonomy":"product_cat","embeddable":true,"href":"https:\/\/gpl-love.com\/es\/wp-json\/wp\/v2\/product_cat?post=136036"},{"taxonomy":"product_tag","embeddable":true,"href":"https:\/\/gpl-love.com\/es\/wp-json\/wp\/v2\/product_tag?post=136036"}],"curies":[{"name":"wp","href":"https:\/\/api.w.org\/{rel}","templated":true}]}}