{"id":136034,"date":"2026-04-10T00:00:00","date_gmt":"2026-04-10T05:00:00","guid":{"rendered":"https:\/\/gpl-love.com\/es\/producto\/memberpress-registration-restrictions\/"},"modified":"2026-04-10T11:33:46","modified_gmt":"2026-04-10T16:33:46","slug":"memberpress-registration-restrictions","status":"publish","type":"product","link":"https:\/\/gpl-love.com\/es\/producto\/memberpress-registration-restrictions\/","title":{"rendered":"MemberPress Registration Restrictions 1.0.11"},"content":{"rendered":"<h3>MemberPress Registration Restrictions Caracteristicas<\/h3>\n<p>Restricciones de registro de MemberPress es una herramienta incre\u00edblemente robusta y eficiente que le permite ejercer un control total sobre el proceso de registro en su estimado sitio de WordPress. Este complemento excepcional le otorga la invaluable capacidad de restringir el acceso a su sitio altamente solicitado analizando y analizando meticulosamente varios criterios, incluidos, entre otros, dominio de correo electr\u00f3nico, pa\u00eds de origen, direcci\u00f3n IP y una gran cantidad de otros factores. Adem\u00e1s, este complemento extraordinario tambi\u00e9n le proporciona la capacidad incomparable para configurar los formularios de registro a medida, regular sin esfuerzo el n\u00famero de registros permitidos diariamente o por hora. La gran facilidad y la facilidad de uso de este complemento no tienen paralelo, junto con una amplia gama de opciones de personalizaci\u00f3n que garantizan que conserva la autoridad absoluta sobre las personas a las que se les otorga acceso a su precioso sitio. Cuando aprovecha el potencial formidable de las restricciones de registro de MemberPress, protege efectivamente su contenido invaluable, asegurando que permanezca dentro de los tramos de las personas m\u00e1s merecedoras y leg\u00edtimas.<\/p>\n<ul>\n<li>Configuraci\u00f3n de un solo clic para restricciones de membres\u00eda basadas en datos espec\u00edficos del usuario<\/li>\n<li>Limite el acceso a contenido, productos, p\u00e1ginas y m\u00e1s con reglas personalizadas<\/li>\n<li>Opciones avanzadas para per\u00edodos de restricci\u00f3n recurrentes y basados \u200b\u200ben la fecha<\/li>\n<li>Cree mensajes personalizados para los usuarios que intentan acceder al contenido restringido<\/li>\n<li>Informes integrales sobre el comportamiento del usuario y la efectividad de las reglas<\/li>\n<li>Integrar de forma segura con las pasarelas de pago populares para controlar el acceso al contenido pagado<\/li>\n<li>Panel de control simple e intuitivo para una f\u00e1cil gesti\u00f3n de las reglas de restricci\u00f3n<\/li>\n<li>Compatible con WordPress y los temas y complementos de WordPress m\u00e1s populares<\/li>\n<li>Potencial ilimitado para el escala para satisfacer las necesidades de expansi\u00f3n de sitios web y bases de usuarios<\/li>\n<\/ul>\n","protected":false},"excerpt":{"rendered":"<p>Restricciones de registro de MemberPress es un complemento excepcionalmente s\u00f3lido e influyente dise\u00f1ado espec\u00edficamente para sitios web que emplean la plataforma MemberPress, lo que permite a los administradores competentes ejercer una autoridad completa sobre el proceso de registro y determinar qui\u00e9n es elegible para convertirse en un miembro de buena fe. Armados con esta invaluable herramienta, los usuarios pueden establecer y hacer cumplir sin esfuerzo una mir\u00edada de regulaciones y limitaciones basadas en una amplia variedad de factores influyentes, incluidos, entre otros, ubicaci\u00f3n geogr\u00e1fica, dominio de correo electr\u00f3nico, direcci\u00f3n de protocolo de Internet (IP) y muchos otros. Al implementar meticulosamente medidas tan estrictas, esta ingeniosa soluci\u00f3n asegura que a las personas sancionadas y autorizadas exclusivamente se les otorgue el codiciado privilegio de la membres\u00eda, as\u00ed eficazmente salvaguardar su dominio virtual de los peligros del spam y otros interlaistas igualmente indeseables. Adem\u00e1s, vale la pena se\u00f1alar que este complemento superlativo se caracteriza por su facilidad de uso incomparable y su notable personalizaci\u00f3n, lo que garantiza una integraci\u00f3n perfecta y armoniosa con su instalaci\u00f3n de MemberPress preexistente.<\/p>\n","protected":false},"featured_media":168747,"comment_status":"open","ping_status":"open","template":"","meta":[],"product_brand":[2496],"product_cat":[1325,1206,1211],"product_tag":[1327],"class_list":{"0":"post-136034","1":"product","2":"type-product","3":"status-publish","4":"has-post-thumbnail","6":"product_brand-memberpress","7":"product_cat-afiliacion","8":"product_cat-plugins","9":"product_cat-wordpress-plugins","10":"product_tag-memberpress","11":"member-discount","12":"discount-restricted","14":"first","15":"instock","16":"sale","17":"downloadable","18":"virtual","19":"sold-individually","20":"purchasable","21":"product-type-simple"},"_links":{"self":[{"href":"https:\/\/gpl-love.com\/es\/wp-json\/wp\/v2\/product\/136034","targetHints":{"allow":["GET"]}}],"collection":[{"href":"https:\/\/gpl-love.com\/es\/wp-json\/wp\/v2\/product"}],"about":[{"href":"https:\/\/gpl-love.com\/es\/wp-json\/wp\/v2\/types\/product"}],"replies":[{"embeddable":true,"href":"https:\/\/gpl-love.com\/es\/wp-json\/wp\/v2\/comments?post=136034"}],"wp:featuredmedia":[{"embeddable":true,"href":"https:\/\/gpl-love.com\/es\/wp-json\/wp\/v2\/media\/168747"}],"wp:attachment":[{"href":"https:\/\/gpl-love.com\/es\/wp-json\/wp\/v2\/media?parent=136034"}],"wp:term":[{"taxonomy":"product_brand","embeddable":true,"href":"https:\/\/gpl-love.com\/es\/wp-json\/wp\/v2\/product_brand?post=136034"},{"taxonomy":"product_cat","embeddable":true,"href":"https:\/\/gpl-love.com\/es\/wp-json\/wp\/v2\/product_cat?post=136034"},{"taxonomy":"product_tag","embeddable":true,"href":"https:\/\/gpl-love.com\/es\/wp-json\/wp\/v2\/product_tag?post=136034"}],"curies":[{"name":"wp","href":"https:\/\/api.w.org\/{rel}","templated":true}]}}