{"id":136032,"date":"2026-02-06T00:00:00","date_gmt":"2026-02-06T05:00:00","guid":{"rendered":"https:\/\/gpl-love.com\/es\/producto\/auctions-para-woocommerce\/"},"modified":"2026-03-09T08:36:27","modified_gmt":"2026-03-09T13:36:27","slug":"auctions-para-woocommerce","status":"publish","type":"product","link":"https:\/\/gpl-love.com\/es\/producto\/auctions-para-woocommerce\/","title":{"rendered":"Auctions para WooCommerce 3.6.1"},"content":{"rendered":"<h3>Auctions para WooCommerce Caracteristicas<\/h3>\n<p>Las subastas para WooCommerce son un complemento incre\u00edblemente robusto que le otorga la capacidad de incorporar la funcionalidad de subastas en su tienda en l\u00ednea, mejorando as\u00ed su eficacia y productividad. Este complemento ofrece una gran cantidad de caracter\u00edsticas excepcionales como ofertas, reducci\u00f3n autom\u00e1tica, precios de reserva y temporizadores de cuenta regresiva, todos los cuales contribuyen a su efectividad en la creaci\u00f3n y la gesti\u00f3n de subastas sin esfuerzo desde su tablero de WooCommerce. Ya sea que su objetivo sea vender art\u00edculos raros, organizar eventos de recaudaci\u00f3n de fondos o simplemente diversificar y aumentar los canales de ventas de su tienda, las subastas para WooCommerce se presenta como la soluci\u00f3n ideal e integral. Con su interfaz notablemente f\u00e1cil de usar, rendimiento inquebrantable e integraci\u00f3n perfecta con WooCommerce, este complemento sirve como una herramienta valiosa para optimizar sus procesos de subasta y amplificar su generaci\u00f3n de ingresos. Por lo tanto, no hay necesidad de dudarlo; \u00a1Aproveche la oportunidad e instale subastas para WooCommerce hoy para embarcarse en un viaje estimulante de subastas y cosechando las recompensas que provoca!<\/p>\n<ul>\n<li>Mejore su tienda WooCommerce con una funcionalidad de subasta<\/li>\n<li>Totalmente compatible con la \u00faltima versi\u00f3n de WooCommerce<\/li>\n<li>F\u00e1cil de instalar y configurar, no se requiere codificaci\u00f3n<\/li>\n<li>Crear subastas ilimitadas con configuraciones personalizables<\/li>\n<li>Establecer precios de reserva, ofertas m\u00ednimas e incrementos de ofertas para cada subasta<\/li>\n<li>Especifique las horas de inicio y finalizaci\u00f3n de la subasta con un temporizador de cuenta regresiva que se muestra<\/li>\n<li>Notifique a los licitadores por correo electr\u00f3nico cuando se hayan superado o cuando finalice la subasta<\/li>\n<li>Permitir la aprobaci\u00f3n autom\u00e1tica o manual de las ofertas<\/li>\n<li>Habilitar ofertas de poder para aumentar autom\u00e1ticamente las ofertas en nombre de los postores<\/li>\n<li>Proporcionar informes detallados y an\u00e1lisis para cada subasta<\/li>\n<li>Aumentar las ventas y los ingresos creando un entorno de compra competitivo<\/li>\n<li>Administre convenientemente subastas junto con sus otros productos de WooCommerce.<\/li>\n<\/ul>\n","protected":false},"excerpt":{"rendered":"<p>Las subastas para el complemento WooCommerce son una herramienta incre\u00edblemente robusta e influyente que le otorga la capacidad de alojar a la perfecci\u00f3n subastas dentro de su tienda de WooCommerce. Este complemento ofrece una variedad de caracter\u00edsticas convenientes, incluida la creaci\u00f3n sin esfuerzo y la gesti\u00f3n eficiente de las subastas para productos individuales y m\u00faltiples. Adem\u00e1s, tiene la capacidad de establecer ofertas m\u00ednimas y precios de reserva, as\u00ed como activar la funcionalidad de licitaci\u00f3n autom\u00e1tica. Adem\u00e1s, tiene la oportunidad de proporcionar a sus usuarios valiosos detalles de subasta indispensables, como fechas precisas de inicio y conclusi\u00f3n, ofertas en curso e incrementos de ofertas. Al integrar las subastas para WooCommerce en su tienda en l\u00ednea, puede mejorar efectivamente la participaci\u00f3n del cliente y, en \u00faltima instancia, reforzar las ventas al proporcionar una v\u00eda interactiva e interactiva cautivadora para que los clientes obtengan sus productos excepcionales.<\/p>\n","protected":false},"featured_media":168740,"comment_status":"open","ping_status":"open","template":"","meta":[],"product_brand":[2344],"product_cat":[1207,1248,1206],"product_tag":[1423],"class_list":{"0":"post-136032","1":"product","2":"type-product","3":"status-publish","4":"has-post-thumbnail","6":"product_brand-woocommerce","7":"product_cat-comercio-electronico-plugins","8":"product_cat-personalizacion-comercio-electronico-plugins","9":"product_cat-plugins","10":"product_tag-woocommerce","11":"member-discount","12":"discount-restricted","14":"first","15":"instock","16":"sale","17":"downloadable","18":"virtual","19":"sold-individually","20":"purchasable","21":"product-type-simple"},"_links":{"self":[{"href":"https:\/\/gpl-love.com\/es\/wp-json\/wp\/v2\/product\/136032","targetHints":{"allow":["GET"]}}],"collection":[{"href":"https:\/\/gpl-love.com\/es\/wp-json\/wp\/v2\/product"}],"about":[{"href":"https:\/\/gpl-love.com\/es\/wp-json\/wp\/v2\/types\/product"}],"replies":[{"embeddable":true,"href":"https:\/\/gpl-love.com\/es\/wp-json\/wp\/v2\/comments?post=136032"}],"wp:featuredmedia":[{"embeddable":true,"href":"https:\/\/gpl-love.com\/es\/wp-json\/wp\/v2\/media\/168740"}],"wp:attachment":[{"href":"https:\/\/gpl-love.com\/es\/wp-json\/wp\/v2\/media?parent=136032"}],"wp:term":[{"taxonomy":"product_brand","embeddable":true,"href":"https:\/\/gpl-love.com\/es\/wp-json\/wp\/v2\/product_brand?post=136032"},{"taxonomy":"product_cat","embeddable":true,"href":"https:\/\/gpl-love.com\/es\/wp-json\/wp\/v2\/product_cat?post=136032"},{"taxonomy":"product_tag","embeddable":true,"href":"https:\/\/gpl-love.com\/es\/wp-json\/wp\/v2\/product_tag?post=136032"}],"curies":[{"name":"wp","href":"https:\/\/api.w.org\/{rel}","templated":true}]}}