{"id":135811,"date":"2026-01-04T00:00:00","date_gmt":"2026-01-04T05:00:00","guid":{"rendered":"https:\/\/gpl-love.com\/es\/producto\/top-bar-para-woocommerce\/"},"modified":"2026-03-09T08:36:35","modified_gmt":"2026-03-09T13:36:35","slug":"top-bar-para-woocommerce","status":"publish","type":"product","link":"https:\/\/gpl-love.com\/es\/producto\/top-bar-para-woocommerce\/","title":{"rendered":"Top Bar para WooCommerce 1.5.2"},"content":{"rendered":"<h3>Top Bar para WooCommerce Caracteristicas<\/h3>\n<p>La barra superior para el complemento WooCommerce es una herramienta incre\u00edblemente efectiva que mejora su tienda WooCommerce al incorporar una barra superior. Esta caracter\u00edstica de la barra superior le permite comunicar eficazmente mensajes vitales, promover ofertas especiales, hacer anuncios significativos y mucho m\u00e1s para su estimada clientela. Un aspecto notable de la barra superior para el complemento WooCommerce es su notable nivel de personalizaci\u00f3n, lo que le permite adaptar la apariencia de la barra en t\u00e9rminos de color, texto, fuente y posici\u00f3n. Adem\u00e1s, tiene la capacidad de programar mensajes para aparecer durante los plazos espec\u00edficos, otorg\u00e1ndole un mayor nivel de control sobre la estrategia de comunicaci\u00f3n de su tienda. Vale la pena resaltar que este complemento cuenta con una interfaz f\u00e1cil de usar, lo que hace que sea accesible sin esfuerzo para aquellos sin experiencia en codificaci\u00f3n. Ya sea que su objetivo sea informar a los clientes sobre un producto recientemente lanzado, una venta continua o una pr\u00f3xima fecha l\u00edmite de env\u00edo, la barra superior para el complemento WooCommerce est\u00e1 dise\u00f1ado espec\u00edficamente para cautivar su atenci\u00f3n y, en \u00faltima instancia, aumentar sus cifras de ventas. Emb\u00e1rcase en un viaje para mejorar la participaci\u00f3n y satisfacci\u00f3n de su cliente al probar este complemento excepcional hoy.<\/p>\n<ul>\n<li>Agrega una barra superior personalizable a su tienda WooCommerce<\/li>\n<li>Permite una f\u00e1cil comunicaci\u00f3n con los clientes a trav\u00e9s de anuncios o notificaciones.<\/li>\n<li>Opci\u00f3n para incluir un bot\u00f3n de llamada a la acci\u00f3n para promocionar ventas o promociones<\/li>\n<li>Se integra a la perfecci\u00f3n con su tema de WooCommerce<\/li>\n<li>El dise\u00f1o receptivo m\u00f3vil asegura que los clientes puedan ver la barra superior en cualquier dispositivo<\/li>\n<li>Fondos personalizables, colores de texto y estilos de fuente para que coincidan con la est\u00e9tica de su marca<\/li>\n<li>Opciones para mostrar la barra superior en p\u00e1ginas espec\u00edficas o en todo el sitio<\/li>\n<li>F\u00e1cil de instalar y configurar sin requerido ning\u00fan conocimiento de codificaci\u00f3n<\/li>\n<li>Aumenta la participaci\u00f3n del cliente y puede impulsar las ventas promocionando ofertas o nuevos productos<\/li>\n<li>Mejora la experiencia del usuario al proporcionar informaci\u00f3n importante en la parte superior de la p\u00e1gina.<\/li>\n<\/ul>\n","protected":false},"excerpt":{"rendered":"<p>La entrada: la barra superior para WooCommerce es un complemento incre\u00edblemente \u00fatil creado espec\u00edficamente para mejorar la experiencia de navegaci\u00f3n de los clientes de los minoristas en l\u00ednea. Este complemento logra esto ofreciendo una barra de notificaci\u00f3n altamente personalizable que se posiciona estrat\u00e9gicamente en la parte superior de su tienda WooCommerce. Al aprovechar las capacidades de este complemento, los minoristas est\u00e1n facultados para promover sin esfuerzo sus acuerdos y descuentos m\u00e1s recientes y atractivos, hacer anuncios sobre nuevos productos emocionantes, y comunicar efectivamente actualizaciones importantes a sus valiosos clientes. Adem\u00e1s, los minoristas tienen la capacidad de incluir varios enlaces dentro de la barra superior, lo que les permite dirigir a sus clientes a p\u00e1ginas clave como la p\u00e1gina de inicio, la p\u00e1gina de contacto o cualquier otro destino deseado en su sitio web. Al capitalizar las caracter\u00edsticas notables proporcionadas por la entrada: Top Bar para WooCommerce, los minoristas pueden mejorar con \u00e9xito la participaci\u00f3n del cliente y amplificar significativamente las cifras de ventas.<\/p>\n","protected":false},"featured_media":168746,"comment_status":"open","ping_status":"open","template":"","meta":[],"product_brand":[2344],"product_cat":[1207,1248,1206],"product_tag":[1423],"class_list":{"0":"post-135811","1":"product","2":"type-product","3":"status-publish","4":"has-post-thumbnail","6":"product_brand-woocommerce","7":"product_cat-comercio-electronico-plugins","8":"product_cat-personalizacion-comercio-electronico-plugins","9":"product_cat-plugins","10":"product_tag-woocommerce","11":"member-discount","12":"discount-restricted","14":"first","15":"instock","16":"sale","17":"downloadable","18":"virtual","19":"sold-individually","20":"purchasable","21":"product-type-simple"},"_links":{"self":[{"href":"https:\/\/gpl-love.com\/es\/wp-json\/wp\/v2\/product\/135811","targetHints":{"allow":["GET"]}}],"collection":[{"href":"https:\/\/gpl-love.com\/es\/wp-json\/wp\/v2\/product"}],"about":[{"href":"https:\/\/gpl-love.com\/es\/wp-json\/wp\/v2\/types\/product"}],"replies":[{"embeddable":true,"href":"https:\/\/gpl-love.com\/es\/wp-json\/wp\/v2\/comments?post=135811"}],"wp:featuredmedia":[{"embeddable":true,"href":"https:\/\/gpl-love.com\/es\/wp-json\/wp\/v2\/media\/168746"}],"wp:attachment":[{"href":"https:\/\/gpl-love.com\/es\/wp-json\/wp\/v2\/media?parent=135811"}],"wp:term":[{"taxonomy":"product_brand","embeddable":true,"href":"https:\/\/gpl-love.com\/es\/wp-json\/wp\/v2\/product_brand?post=135811"},{"taxonomy":"product_cat","embeddable":true,"href":"https:\/\/gpl-love.com\/es\/wp-json\/wp\/v2\/product_cat?post=135811"},{"taxonomy":"product_tag","embeddable":true,"href":"https:\/\/gpl-love.com\/es\/wp-json\/wp\/v2\/product_tag?post=135811"}],"curies":[{"name":"wp","href":"https:\/\/api.w.org\/{rel}","templated":true}]}}