{"id":135809,"date":"2026-03-20T00:00:00","date_gmt":"2026-03-20T05:00:00","guid":{"rendered":"https:\/\/gpl-love.com\/es\/producto\/import-shopify-to-woocommerce\/"},"modified":"2026-03-20T17:16:41","modified_gmt":"2026-03-20T22:16:41","slug":"import-shopify-to-woocommerce","status":"publish","type":"product","link":"https:\/\/gpl-love.com\/es\/producto\/import-shopify-to-woocommerce\/","title":{"rendered":"Import Shopify to WooCommerce 1.4.5"},"content":{"rendered":"<h3>Import Shopify to WooCommerce Caracteristicas<\/h3>\n<p>El complemento de importaci\u00f3n de Shopify a WooCommerce es una herramienta incre\u00edblemente potente que le ofrece la capacidad perfecta de transferir su tienda en l\u00ednea Shopify a WooCommerce con la mayor facilidad. Simplemente participando en unos pocos clics, puede migrar sin esfuerzo todos sus productos, pedidos, clientes y otros datos vitales de su tienda de Shopify preexistente a su tienda de WooCommerce reci\u00e9n establecida. Este notable complemento garantiza una precisi\u00f3n meticulosa para importar todos sus datos, lo que le permite atender sin problemas a sus estimados clientes sin ninguna forma de interrupci\u00f3n. En consecuencia, el complemento de importaci\u00f3n Shopify to WooCommerce demuestra ser una soluci\u00f3n muy ventajosa para las empresas que buscan la transici\u00f3n a WooCommerce o aquellos que aspiran a aumentar su presencia en l\u00ednea. Tenga la seguridad de que este complemento f\u00e1cil de usar y altamente eficiente se manifiesta como una inversi\u00f3n verdaderamente notable para cualquier propietario de la tienda en l\u00ednea exigente.<\/p>\n<ul>\n<li>Transfiere productos, clientes y pedidos de Shopify a WooCommerce<\/li>\n<li>Sincronizaci\u00f3n de niveles de inventario entre las dos plataformas<\/li>\n<li>Importa im\u00e1genes y descripciones de productos<\/li>\n<li>Retiene el historial de pedidos y los datos del cliente<\/li>\n<li>Admite m\u00faltiples monedas e idiomas<\/li>\n<li>Actualiza los niveles de stock autom\u00e1ticamente en tiempo real<\/li>\n<li>Mantiene URL y redireccionamientos para una integraci\u00f3n perfecta<\/li>\n<li>F\u00e1cil de usar sin ning\u00fan conocimiento de codificaci\u00f3n requerido<\/li>\n<li>Ahorra tiempo y mejora la eficiencia para los comerciantes de tiendas en l\u00ednea<\/li>\n<\/ul>\n","protected":false},"excerpt":{"rendered":"<p>Nuestro importador de Shopify to WooCommerce le permite importar sin esfuerzo sus productos, clientes y pedidos, eliminando la necesidad de transferencia de datos manuales intensivos en mano de obra. Esta herramienta avanzada garantiza una mapeo y migraci\u00f3n precisos de todos sus datos, facilitando una transici\u00f3n perfecta. D\u00e9jate despedir al tedioso proceso y adopta la eficiencia de nuestro importador, haciendo que el cambio de Shopify a WooCommerce sea una experiencia sin problemas.<\/p>\n","protected":false},"featured_media":168745,"comment_status":"open","ping_status":"open","template":"","meta":[],"product_brand":[2339],"product_cat":[1208,1207,1206],"product_tag":[1256],"class_list":{"0":"post-135809","1":"product","2":"type-product","3":"status-publish","4":"has-post-thumbnail","6":"product_brand-codecanyon","7":"product_cat-administracion","8":"product_cat-comercio-electronico-plugins","9":"product_cat-plugins","10":"product_tag-codecanyon","11":"member-discount","12":"discount-restricted","14":"first","15":"instock","16":"sale","17":"downloadable","18":"virtual","19":"sold-individually","20":"purchasable","21":"product-type-simple"},"_links":{"self":[{"href":"https:\/\/gpl-love.com\/es\/wp-json\/wp\/v2\/product\/135809","targetHints":{"allow":["GET"]}}],"collection":[{"href":"https:\/\/gpl-love.com\/es\/wp-json\/wp\/v2\/product"}],"about":[{"href":"https:\/\/gpl-love.com\/es\/wp-json\/wp\/v2\/types\/product"}],"replies":[{"embeddable":true,"href":"https:\/\/gpl-love.com\/es\/wp-json\/wp\/v2\/comments?post=135809"}],"wp:featuredmedia":[{"embeddable":true,"href":"https:\/\/gpl-love.com\/es\/wp-json\/wp\/v2\/media\/168745"}],"wp:attachment":[{"href":"https:\/\/gpl-love.com\/es\/wp-json\/wp\/v2\/media?parent=135809"}],"wp:term":[{"taxonomy":"product_brand","embeddable":true,"href":"https:\/\/gpl-love.com\/es\/wp-json\/wp\/v2\/product_brand?post=135809"},{"taxonomy":"product_cat","embeddable":true,"href":"https:\/\/gpl-love.com\/es\/wp-json\/wp\/v2\/product_cat?post=135809"},{"taxonomy":"product_tag","embeddable":true,"href":"https:\/\/gpl-love.com\/es\/wp-json\/wp\/v2\/product_tag?post=135809"}],"curies":[{"name":"wp","href":"https:\/\/api.w.org\/{rel}","templated":true}]}}