{"id":135808,"date":"2024-03-13T00:00:00","date_gmt":"2024-03-13T05:00:00","guid":{"rendered":"https:\/\/gpl-love.com\/es\/producto\/divi-switch\/"},"modified":"2026-03-09T08:36:32","modified_gmt":"2026-03-09T13:36:32","slug":"divi-switch","status":"publish","type":"product","link":"https:\/\/gpl-love.com\/es\/producto\/divi-switch\/","title":{"rendered":"Divi Switch 4.0.19"},"content":{"rendered":"<h3>Divi Switch Caracteristicas<\/h3>\n<p>Divi Switch, un complemento incre\u00edblemente robusto, empodera a los propietarios y dise\u00f1adores de sitios web por igual, lo que les permite personalizar sin esfuerzo su tema Divi sin ninguna experiencia de codificaci\u00f3n. Su impresionante variedad de caracter\u00edsticas permite a los usuarios alternar sin esfuerzo entre habilitar y deshabilitar diversas funcionalidades, modificar y refinar elementos de dise\u00f1o, y ajustar meticulosamente cada aspecto de su sitio web a sus preferencias exactas. Ya sea que aspira a alterar el esquema de color, integrar animaciones cautivadoras o ajustar meticulosamente la tipograf\u00eda, Divi Switch es la soluci\u00f3n definitiva. Con su interfaz notablemente f\u00e1cil de usar y su marco intuitivamente dise\u00f1ado, la transici\u00f3n sin problemas entre diferentes opciones y la vista previa en los cambios en tiempo real se convierte en una brisa absoluta. Independientemente de si eres un dise\u00f1ador novato o experimentado, Divi Switch esencialmente se convierte en una herramienta indispensable, sirviendo como la ayuda por excelencia para cualquier persona que aspira a crear un sitio web impresionante con el tema Divi.<\/p>\n<ul>\n<li>Un poderoso complemento para el tema Divi que permite a los usuarios hacer personalizaciones y cambios de manera r\u00e1pida y f\u00e1cil en su sitio web<\/li>\n<li>Ofrece una amplia gama de opciones y configuraciones para la personalizaci\u00f3n, incluida la capacidad de ajustar los estilos de texto, modificar las opciones de dise\u00f1o y agregar CSS personalizado<\/li>\n<li>Hace que sea sencillo cambiar la configuraci\u00f3n de divi predeterminada con solo unos pocos clics, ahorrando tiempo y molestias a los usuarios<\/li>\n<li>Permite a los usuarios hacer cambios sin necesidad de contratar a un desarrollador o tener un amplio conocimiento de la codificaci\u00f3n<\/li>\n<li>Viene con una variedad de m\u00f3dulos y plantillas preconstruidas para ayudar a los usuarios a personalizar su sitio web de Divi de manera r\u00e1pida y f\u00e1cil.<\/li>\n<li>Ofrece opciones de dise\u00f1o receptivas y configuraciones espec\u00edficas para dispositivos m\u00f3viles para optimizar el rendimiento del sitio web para diferentes dispositivos<\/li>\n<li>Proporciona funciones \u00fatiles de seguimiento de datos y seguimiento de datos para ayudar a los usuarios a analizar el comportamiento de los visitantes del sitio web y mejorar el rendimiento general de su sitio web<\/li>\n<li>Ofrece una excelente atenci\u00f3n al cliente y recursos para ayudar a los usuarios a aprovechar al m\u00e1ximo el complemento y solucionar cualquier problema de forma r\u00e1pida y f\u00e1cil.<\/li>\n<\/ul>\n","protected":false},"excerpt":{"rendered":"<p>Divi Switch es un complemento extremadamente poderoso que le proporciona la notable capacidad de personalizar sin esfuerzo su sitio web de WordPress con propulsi\u00f3n de divi, eliminando la necesidad de cualquier codificaci\u00f3n. Con una amplia gama de m\u00e1s de 50 alternas distintas que le otorgan la capacidad de activar o desactivar sin esfuerzo, puede introducir o eliminar instant\u00e1neamente una variedad de caracter\u00edsticas, estilos y funcionalidades, transformando as\u00ed el paisaje de su sitio web. Desde la personalizaci\u00f3n perfecta de su encabezado y pie de p\u00e1gina hasta la alteraci\u00f3n sin esfuerzo de los colores de los botones y las opciones de dise\u00f1o, Divi Switch ofrece una v\u00eda incre\u00edblemente intuitiva y f\u00e1cil de usar a trav\u00e9s de la cual puede modificar sin esfuerzo cualquier aspecto del dise\u00f1o de su sitio web. Independientemente de si usted es un desarrollador web profesional consumado o simplemente una persona que busca personalizar su sitio web con unos pocos clics, Divi Switch inquietablemente emerge como la herramienta por excelencia para optimizar su sitio web de Divi hasta el m\u00e1ximo grado.<\/p>\n","protected":false},"featured_media":168744,"comment_status":"open","ping_status":"open","template":"","meta":[],"product_brand":[2538],"product_cat":[1214,1206,1211],"product_tag":[2273],"class_list":{"0":"post-135808","1":"product","2":"type-product","3":"status-publish","4":"has-post-thumbnail","6":"product_brand-wp-zone","7":"product_cat-personalizacion","8":"product_cat-plugins","9":"product_cat-wordpress-plugins","10":"product_tag-wp-zone","11":"member-discount","12":"discount-restricted","14":"first","15":"instock","16":"sale","17":"downloadable","18":"virtual","19":"sold-individually","20":"purchasable","21":"product-type-simple"},"_links":{"self":[{"href":"https:\/\/gpl-love.com\/es\/wp-json\/wp\/v2\/product\/135808","targetHints":{"allow":["GET"]}}],"collection":[{"href":"https:\/\/gpl-love.com\/es\/wp-json\/wp\/v2\/product"}],"about":[{"href":"https:\/\/gpl-love.com\/es\/wp-json\/wp\/v2\/types\/product"}],"replies":[{"embeddable":true,"href":"https:\/\/gpl-love.com\/es\/wp-json\/wp\/v2\/comments?post=135808"}],"wp:featuredmedia":[{"embeddable":true,"href":"https:\/\/gpl-love.com\/es\/wp-json\/wp\/v2\/media\/168744"}],"wp:attachment":[{"href":"https:\/\/gpl-love.com\/es\/wp-json\/wp\/v2\/media?parent=135808"}],"wp:term":[{"taxonomy":"product_brand","embeddable":true,"href":"https:\/\/gpl-love.com\/es\/wp-json\/wp\/v2\/product_brand?post=135808"},{"taxonomy":"product_cat","embeddable":true,"href":"https:\/\/gpl-love.com\/es\/wp-json\/wp\/v2\/product_cat?post=135808"},{"taxonomy":"product_tag","embeddable":true,"href":"https:\/\/gpl-love.com\/es\/wp-json\/wp\/v2\/product_tag?post=135808"}],"curies":[{"name":"wp","href":"https:\/\/api.w.org\/{rel}","templated":true}]}}