{"id":135807,"date":"2025-10-14T00:00:00","date_gmt":"2025-10-14T05:00:00","guid":{"rendered":"https:\/\/gpl-love.com\/es\/producto\/divi-shop-builder\/"},"modified":"2026-03-09T08:36:31","modified_gmt":"2026-03-09T13:36:31","slug":"divi-shop-builder","status":"publish","type":"product","link":"https:\/\/gpl-love.com\/es\/producto\/divi-shop-builder\/","title":{"rendered":"Divi Shop Builder 2.0.24"},"content":{"rendered":"<h3>Divi Shop Builder Caracteristicas<\/h3>\n<p>Divi Shop Builder, un complemento de WordPress innovador y f\u00e1cil de usar, ha sido atento para proporcionar a los usuarios medios sin esfuerzo para crear y personalizar su propia tienda de comercio electr\u00f3nico. Equipado con una extensa gama de caracter\u00edsticas potentes y una funcionalidad de arrastrar y soltar intuitivamente, Divi Shop Builder faculta a los usuarios para generar y supervisar a la perfecci\u00f3n los diversos elementos de su tienda en l\u00ednea, que van desde las p\u00e1ginas de productos est\u00e9ticamente agradables hasta los carros de compras pr\u00e1cticos, as\u00ed como como la gesti\u00f3n eficiente de los pedidos y el inventario. Adem\u00e1s, este complemento ofrece una impresionante selecci\u00f3n de plantillas y dise\u00f1os prefabricados, todos los cuales se complementan con opciones de personalizaci\u00f3n avanzadas, facilitando as\u00ed la creaci\u00f3n r\u00e1pida de una tienda en l\u00ednea distintiva y profesional que puede adaptarse a los requisitos espec\u00edficos de sus Propietarios. Al utilizar Divi Shop Builder, los usuarios pueden optimizar sin esfuerzo su flujo de trabajo de comercio electr\u00f3nico, ahorrando efectivamente un tiempo precioso y, en \u00faltima instancia, fomentando el crecimiento de su negocio.<\/p>\n<ul>\n<li>Le permite dise\u00f1ar f\u00e1cilmente una tienda en l\u00ednea totalmente funcional<\/li>\n<li>Viene con plantillas y dise\u00f1os predise\u00f1ados para varios tipos de productos<\/li>\n<li>El dise\u00f1o receptivo m\u00f3vil asegura que su tienda se vea genial en cualquier dispositivo<\/li>\n<li>Las opciones de personalizaci\u00f3n le permiten adaptar la tienda a su marca y productos<\/li>\n<li>Las caracter\u00edsticas de SEO incorporadas lo ayudan a clasificar m\u00e1s alto en los motores de b\u00fasqueda<\/li>\n<li>La integraci\u00f3n con las principales pasarelas de pago garantiza transacciones seguras<\/li>\n<li>Se incluyen opciones para el env\u00edo y los c\u00e1lculos fiscales<\/li>\n<li>El an\u00e1lisis detallado le brinda informaci\u00f3n sobre el rendimiento de su tienda<\/li>\n<li>Actualizaciones regulares y soporte del equipo Divi para mantener su tienda funcionando sin problemas<\/li>\n<\/ul>\n","protected":false},"excerpt":{"rendered":"<p>El Divi Shop Builder, una herramienta excepcionalmente robusta, simplifica efectivamente el intrincado proceso de establecer una tienda en l\u00ednea. Su interfaz notablemente f\u00e1cil de usar facilita la manipulaci\u00f3n y disposici\u00f3n sin esfuerzo de varios elementos, lo que permite a los usuarios dise\u00f1ar meticulosamente un dise\u00f1o impecable adaptado a sus productos espec\u00edficos. El Builder de Divi Shop hace orgullo una amplia gama de opciones de personalizaci\u00f3n, que abarca alternativas de dise\u00f1o vers\u00e1tiles, capacidades de gesti\u00f3n de productos sin esfuerzo y mecanismos de pago en l\u00ednea expeditos. Por lo tanto, se puede afirmar inequ\u00edvocamente que esta herramienta notable es la soluci\u00f3n por excelencia para las empresas que buscan construir un emporio en l\u00ednea visualmente cautivador y altamente productivo, en el que pueden exhibir espl\u00e9ndidamente su amplia gama de productos.<\/p>\n","protected":false},"featured_media":168743,"comment_status":"open","ping_status":"open","template":"","meta":[],"product_brand":[2538],"product_cat":[1207,1248,1206],"product_tag":[2273],"class_list":{"0":"post-135807","1":"product","2":"type-product","3":"status-publish","4":"has-post-thumbnail","6":"product_brand-wp-zone","7":"product_cat-comercio-electronico-plugins","8":"product_cat-personalizacion-comercio-electronico-plugins","9":"product_cat-plugins","10":"product_tag-wp-zone","11":"member-discount","12":"discount-restricted","14":"first","15":"instock","16":"sale","17":"downloadable","18":"virtual","19":"sold-individually","20":"purchasable","21":"product-type-simple"},"_links":{"self":[{"href":"https:\/\/gpl-love.com\/es\/wp-json\/wp\/v2\/product\/135807","targetHints":{"allow":["GET"]}}],"collection":[{"href":"https:\/\/gpl-love.com\/es\/wp-json\/wp\/v2\/product"}],"about":[{"href":"https:\/\/gpl-love.com\/es\/wp-json\/wp\/v2\/types\/product"}],"replies":[{"embeddable":true,"href":"https:\/\/gpl-love.com\/es\/wp-json\/wp\/v2\/comments?post=135807"}],"wp:featuredmedia":[{"embeddable":true,"href":"https:\/\/gpl-love.com\/es\/wp-json\/wp\/v2\/media\/168743"}],"wp:attachment":[{"href":"https:\/\/gpl-love.com\/es\/wp-json\/wp\/v2\/media?parent=135807"}],"wp:term":[{"taxonomy":"product_brand","embeddable":true,"href":"https:\/\/gpl-love.com\/es\/wp-json\/wp\/v2\/product_brand?post=135807"},{"taxonomy":"product_cat","embeddable":true,"href":"https:\/\/gpl-love.com\/es\/wp-json\/wp\/v2\/product_cat?post=135807"},{"taxonomy":"product_tag","embeddable":true,"href":"https:\/\/gpl-love.com\/es\/wp-json\/wp\/v2\/product_tag?post=135807"}],"curies":[{"name":"wp","href":"https:\/\/api.w.org\/{rel}","templated":true}]}}