{"id":135806,"date":"2026-04-29T00:00:00","date_gmt":"2026-04-29T05:00:00","guid":{"rendered":"https:\/\/gpl-love.com\/es\/producto\/database-cleaner-pro\/"},"modified":"2026-04-29T05:16:31","modified_gmt":"2026-04-29T10:16:31","slug":"database-cleaner-pro","status":"publish","type":"product","link":"https:\/\/gpl-love.com\/es\/producto\/database-cleaner-pro\/","title":{"rendered":"Database Cleaner Pro 1.3.6"},"content":{"rendered":"<h3>Database Cleaner Pro Caracteristicas<\/h3>\n<p>Database Cleaner Pro es una aplicaci\u00f3n de software extremadamente robusta y tecnol\u00f3gicamente avanzada que ha sido dise\u00f1ada espec\u00edficamente para optimizar y limpiar meticulosamente las bases de datos, lo que mejora en gran medida su rendimiento y eficiencia general. Este software excepcional cuenta con algoritmos de vanguardia y una interfaz de usuario dise\u00f1ada intuitivamente, lo que le permite erradicar sin esfuerzo y eficientemente cualquier instancia de entradas duplicadas, rectificar cualquier datos corruptos y eliminar meticulosamente cualquier registro irrelevante u obsoleto. Como resultado, esta herramienta invaluable indudablemente contribuye a la mejora sustancial de la velocidad de la base de datos, la reducci\u00f3n de los requisitos de almacenamiento y la minimizaci\u00f3n notable de cualquier riesgo potencial relacionado con errores o bloqueos del sistema. Independientemente de si se le conf\u00eda la gesti\u00f3n de una base de datos relativamente modesta y escalada o un sistema empresarial muy expansivo e intrincadamente dise\u00f1ado, tenga la seguridad de que las capacidades fenomenales del limpiador de datos Pro indudablemente le permitir\u00e1n optimizar sin costura en todas sus administraciones de datos de sus datos, todos sus datos de gesti\u00f3n de datos se permitir\u00e1n sin costura, a su costumbre de su gesti\u00f3n de datos. procesos, por lo tanto, le permiten ahorrar una inmensa cantidad de tiempo precioso y recursos invaluables.<\/p>\n<ul>\n<li>Limpia y optimiza de manera eficiente las bases de datos para mejorar el rendimiento<\/li>\n<li>Elimina las entradas duplicadas y la informaci\u00f3n anticuada<\/li>\n<li>Identifica y corrige autom\u00e1ticamente los errores de formato de datos<\/li>\n<li>Streamlines Tareas de mantenimiento de la base de datos con potentes operaciones por lotes<\/li>\n<li>Elimina de forma segura datos sensibles o innecesarios para proteger la privacidad y el cumplimiento<\/li>\n<li>Admite una amplia gama de plataformas de bases de datos populares, incluidas MySQL, Oracle y SQL Server<\/li>\n<li>Interfaz f\u00e1cil de usar con opciones intuitivas y comentarios en vivo<\/li>\n<li>Comprobaci\u00f3n e informes de errores integrales para garantizar resultados precisos<\/li>\n<li>Reduce los costos de tiempo de inactividad y mantenimiento de la base de datos minimizando los errores y racionalizaci\u00f3n de flujos de trabajo<\/li>\n<li>Ahorra tiempo y recursos, permitiendo que los equipos de TI se centren en otras tareas cr\u00edticas.<\/li>\n<\/ul>\n","protected":false},"excerpt":{"rendered":"<p>Database Cleaner Pro es una soluci\u00f3n de software altamente sofisticada meticulosamente dise\u00f1ada para limpiar y optimizar efectivamente las bases de datos de diferentes tama\u00f1os. Con algoritmos formidables y una interfaz intuitiva, esta herramienta discierna y erradica los registros redundantes, armoniza la estructura de las bases de datos y mejora el rendimiento general. Como tal, atiende indispensablemente las necesidades de las empresas y organizaciones que aspiran a refinar la calidad de los datos, disminuir los errores y defender la estricta adherencia a los puntos de referencia de la industria. Ya sea que se encuentre lidiando con bases de datos colosales de nivel empresarial o compromisos m\u00e1s modestos, tenga la seguridad de que el limpiador de la base de datos Pro surge como la soluci\u00f3n consumada para garantizar que sus datos permanezcan inmaculados e impecablemente organizados.<\/p>\n","protected":false},"featured_media":168742,"comment_status":"open","ping_status":"open","template":"","meta":[],"product_brand":[2487],"product_cat":[1212,1206,1211],"product_tag":[1658],"class_list":{"0":"post-135806","1":"product","2":"type-product","3":"status-publish","4":"has-post-thumbnail","6":"product_brand-meow-apps","7":"product_cat-administracion-wordpress-plugins","8":"product_cat-plugins","9":"product_cat-wordpress-plugins","10":"product_tag-meow-apps","11":"member-discount","12":"discount-restricted","14":"first","15":"instock","16":"sale","17":"downloadable","18":"virtual","19":"sold-individually","20":"purchasable","21":"product-type-simple"},"_links":{"self":[{"href":"https:\/\/gpl-love.com\/es\/wp-json\/wp\/v2\/product\/135806","targetHints":{"allow":["GET"]}}],"collection":[{"href":"https:\/\/gpl-love.com\/es\/wp-json\/wp\/v2\/product"}],"about":[{"href":"https:\/\/gpl-love.com\/es\/wp-json\/wp\/v2\/types\/product"}],"replies":[{"embeddable":true,"href":"https:\/\/gpl-love.com\/es\/wp-json\/wp\/v2\/comments?post=135806"}],"wp:featuredmedia":[{"embeddable":true,"href":"https:\/\/gpl-love.com\/es\/wp-json\/wp\/v2\/media\/168742"}],"wp:attachment":[{"href":"https:\/\/gpl-love.com\/es\/wp-json\/wp\/v2\/media?parent=135806"}],"wp:term":[{"taxonomy":"product_brand","embeddable":true,"href":"https:\/\/gpl-love.com\/es\/wp-json\/wp\/v2\/product_brand?post=135806"},{"taxonomy":"product_cat","embeddable":true,"href":"https:\/\/gpl-love.com\/es\/wp-json\/wp\/v2\/product_cat?post=135806"},{"taxonomy":"product_tag","embeddable":true,"href":"https:\/\/gpl-love.com\/es\/wp-json\/wp\/v2\/product_tag?post=135806"}],"curies":[{"name":"wp","href":"https:\/\/api.w.org\/{rel}","templated":true}]}}