{"id":135805,"date":"2023-02-23T00:00:00","date_gmt":"2023-02-23T05:00:00","guid":{"rendered":"https:\/\/gpl-love.com\/es\/producto\/testify\/"},"modified":"2026-03-09T08:36:28","modified_gmt":"2026-03-09T13:36:28","slug":"testify","status":"publish","type":"product","link":"https:\/\/gpl-love.com\/es\/producto\/testify\/","title":{"rendered":"Testify 2.1.11"},"content":{"rendered":"<h3>Testify Caracteristicas<\/h3>\n<p>Testificar, una herramienta s\u00f3lida e influyente, ayuda de manera efectiva a las organizaciones a adquirir ideas valiosas con respecto a los comentarios de los clientes. Equipado con capacidades de an\u00e1lisis avanzados, testifica que las empresas recopilan y analizan r\u00e1pidamente los comentarios de los clientes, lo que les permite tomar decisiones bien informadas y mejorar la satisfacci\u00f3n general del cliente. En particular, la plataforma es f\u00e1cil de usar y se puede adaptar para satisfacer los requisitos espec\u00edficos de cualquier organizaci\u00f3n. Ya sea que el objetivo es analizar el sentimiento del cliente, identificar posibles problemas u oportunidades, o rastrear los patrones de comportamiento del cliente, Testify ofrece una soluci\u00f3n integral que permite a las empresas optimizar la experiencia de su cliente. Al aprovechar el poder de Testify, las empresas pueden superar sin esfuerzo a sus competidores y estimular el crecimiento a trav\u00e9s de la entrega de experiencias excepcionales del cliente.<\/p>\n<ul>\n<li>Herramienta de evaluaci\u00f3n y seguimiento para el desempe\u00f1o y desarrollo de los empleados<\/li>\n<li>Interfaz f\u00e1cil de usar para una f\u00e1cil implementaci\u00f3n y administraci\u00f3n<\/li>\n<li>Criterios de evaluaci\u00f3n personalizables y escalas de calificaci\u00f3n para adaptarse a las necesidades espec\u00edficas de la compa\u00f1\u00eda<\/li>\n<li>Programaci\u00f3n automatizada y recordatorios para evaluaciones oportunas<\/li>\n<li>Informes de evaluaci\u00f3n detallados para empleados y equipos individuales<\/li>\n<li>Caracter\u00edsticas de seguimiento de objetivos y seguimiento de progreso para planes de desarrollo de empleados<\/li>\n<li>Integraci\u00f3n con sistemas de recursos humanos y n\u00f3mina para la gesti\u00f3n simplificada de los empleados<\/li>\n<li>Controles de almacenamiento y acceso de datos seguros y confidenciales<\/li>\n<li>Cumplimiento actualizado de los est\u00e1ndares y regulaciones de la industria<\/li>\n<li>Los recursos excepcionales de atenci\u00f3n al cliente y capacitaci\u00f3n disponibles.<\/li>\n<\/ul>\n","protected":false},"excerpt":{"rendered":"<p>Testify, una aplicaci\u00f3n de software de vanguardia, presenta una soluci\u00f3n exquisita para las personas con el objetivo de convertir sus expresiones orales en texto escrito, con un impresionante conjunto de caracter\u00edsticas. Este notable producto demuestra ser un activo invaluable para aquellos que buscan transcribir entrevistas, discursos o conferencias con el prop\u00f3sito de referencia simplificada y an\u00e1lisis meticuloso. Al emplear algoritmos sofisticados, testificar garantiza un proceso de transcripci\u00f3n notablemente preciso, convirtiendo eficientemente las palabras habladas en un formato escrito integral. Adem\u00e1s, la salida resultante puede ser manipulada y formateada sin esfuerzo para adaptarse a las preferencias y requisitos individuales. Con Testify en cuesti\u00f3n, los usuarios pueden optimizar su flujo de trabajo, ahorrando cantidades sustanciales de tiempo y energ\u00eda, todo mientras garantizan una precisi\u00f3n de transcripci\u00f3n incomparable.<\/p>\n","protected":false},"featured_media":168741,"comment_status":"open","ping_status":"open","template":"","meta":[],"product_brand":[2538],"product_cat":[1232,1206,1211],"product_tag":[2273],"class_list":{"0":"post-135805","1":"product","2":"type-product","3":"status-publish","4":"has-post-thumbnail","6":"product_brand-wp-zone","7":"product_cat-marketing-wordpress-plugins","8":"product_cat-plugins","9":"product_cat-wordpress-plugins","10":"product_tag-wp-zone","11":"member-discount","12":"discount-restricted","14":"first","15":"instock","16":"sale","17":"downloadable","18":"virtual","19":"sold-individually","20":"purchasable","21":"product-type-simple"},"_links":{"self":[{"href":"https:\/\/gpl-love.com\/es\/wp-json\/wp\/v2\/product\/135805","targetHints":{"allow":["GET"]}}],"collection":[{"href":"https:\/\/gpl-love.com\/es\/wp-json\/wp\/v2\/product"}],"about":[{"href":"https:\/\/gpl-love.com\/es\/wp-json\/wp\/v2\/types\/product"}],"replies":[{"embeddable":true,"href":"https:\/\/gpl-love.com\/es\/wp-json\/wp\/v2\/comments?post=135805"}],"wp:featuredmedia":[{"embeddable":true,"href":"https:\/\/gpl-love.com\/es\/wp-json\/wp\/v2\/media\/168741"}],"wp:attachment":[{"href":"https:\/\/gpl-love.com\/es\/wp-json\/wp\/v2\/media?parent=135805"}],"wp:term":[{"taxonomy":"product_brand","embeddable":true,"href":"https:\/\/gpl-love.com\/es\/wp-json\/wp\/v2\/product_brand?post=135805"},{"taxonomy":"product_cat","embeddable":true,"href":"https:\/\/gpl-love.com\/es\/wp-json\/wp\/v2\/product_cat?post=135805"},{"taxonomy":"product_tag","embeddable":true,"href":"https:\/\/gpl-love.com\/es\/wp-json\/wp\/v2\/product_tag?post=135805"}],"curies":[{"name":"wp","href":"https:\/\/api.w.org\/{rel}","templated":true}]}}