{"id":135804,"date":"2026-01-24T00:00:00","date_gmt":"2026-01-24T05:00:00","guid":{"rendered":"https:\/\/gpl-love.com\/es\/producto\/export-order-items-pro\/"},"modified":"2026-03-09T08:36:25","modified_gmt":"2026-03-09T13:36:25","slug":"export-order-items-pro","status":"publish","type":"product","link":"https:\/\/gpl-love.com\/es\/producto\/export-order-items-pro\/","title":{"rendered":"Export Order Items Pro 2.1.37"},"content":{"rendered":"<h3>Export Order Items Pro Caracteristicas<\/h3>\n<p>Export Order Element Pro es una herramienta excepcionalmente robusta y sofisticada que ha sido meticulosamente elaborada para mejorar y optimizar en gran medida sus operaciones comerciales racionalizando y simplificando el proceso de exportaci\u00f3n de art\u00edculos de orden. Este notable software le capacita con la notable capacidad de exportar los art\u00edculos de orden de exportar sin esfuerzo y sin problemas desde una amplia gama de plataformas, incluida su tienda en l\u00ednea, mercado o sistema ERP, a una variedad de formatos diversos y altamente vers\u00e1tiles como CSV, Excel y Xml. Una de las caracter\u00edsticas m\u00e1s impresionantes de este software es su impecable flexibilidad y adaptabilidad, lo que le permite personalizar y adaptar intrincadamente el proceso de exportaci\u00f3n para alinearse impecablemente con sus necesidades \u00fanicas y espec\u00edficas, lo que le domora de un control y dominio incomparables sobre sus datos invaluables. Independientemente de si usted es un emprendedor a escala modesta ansioso por embarcarse en el viaje de la exportaci\u00f3n de pedidos o una empresa colosal que lucha con un conjunto intrincado y multifacetado de requisitos de exportaci\u00f3n, los elementos de orden de exportaci\u00f3n Pro es inequ\u00edvocamente la soluci\u00f3n final y por excelencia. Re\u00fanase y supere sus elevadas expectativas y aspiraciones.<\/p>\n<ul>\n<li>Exportar eficientemente los art\u00edculos de pedido de su tienda en l\u00ednea a m\u00faltiples formatos de archivo<\/li>\n<li>Capaz de exportar datos en CSV, Excel, XML y m\u00e1s<\/li>\n<li>Permite a los usuarios personalizar la configuraci\u00f3n de exportaci\u00f3n para satisfacer sus necesidades espec\u00edficas<\/li>\n<li>Funciona con una variedad de plataformas de comercio electr\u00f3nico populares, incluidas WooCommerce y Shopify<\/li>\n<li>Ahorra tiempo automatizando el proceso de exportaci\u00f3n y eliminando la necesidad de entrada de datos manuales<\/li>\n<li>Ayuda a las empresas a administrar sus pedidos e inventario de manera m\u00e1s efectiva<\/li>\n<li>Proporciona una forma confiable y precisa de exportar datos, lo que resulta en menos errores y menos frustraci\u00f3n para los usuarios<\/li>\n<li>Tiene una interfaz de usuario intuitiva que es f\u00e1cil de usar, incluso para usuarios no t\u00e9cnicos<\/li>\n<li>Ofrece un excelente soporte t\u00e9cnico y recursos para los usuarios que necesitan ayuda o orientaci\u00f3n para usar el producto.<\/li>\n<\/ul>\n","protected":false},"excerpt":{"rendered":"<p>Export Order Element Pro es una aplicaci\u00f3n muy robusta y potente creada meticulosamente para ayudar a los usuarios a extraer y exportar sus art\u00edculos de pedido desde una amplia gama de plataformas de comercio electr\u00f3nico. Al emplear este software de vanguardia, las personas pueden adquirir sin esfuerzo sus datos de pedido en una gran cantidad de formatos de archivo, que comprenden Excel, CSV y XML, al tiempo que tienen la capacidad de personalizar sus exportaciones determinando selectivamente qu\u00e9 campos deben incluirse. Como resultado, esta invaluable herramienta demuestra ser completamente indispensable para las empresas que se esfuerzan por administrar sus datos de pedido de manera efectiva y eficiente. Independientemente de si se encuentra como propietario de un negocio modesto o una corporaci\u00f3n colosal, los elementos de orden de exportaci\u00f3n Pro tienen la capacidad de optimizar sus procedimientos de procesamiento de pedidos y aumentar sus niveles generales de productividad.<\/p>\n","protected":false},"featured_media":168739,"comment_status":"open","ping_status":"open","template":"","meta":[],"product_brand":[2538],"product_cat":[1208,1207,1206],"product_tag":[2273],"class_list":{"0":"post-135804","1":"product","2":"type-product","3":"status-publish","4":"has-post-thumbnail","6":"product_brand-wp-zone","7":"product_cat-administracion","8":"product_cat-comercio-electronico-plugins","9":"product_cat-plugins","10":"product_tag-wp-zone","11":"member-discount","12":"discount-restricted","14":"first","15":"instock","16":"sale","17":"downloadable","18":"virtual","19":"sold-individually","20":"purchasable","21":"product-type-simple"},"_links":{"self":[{"href":"https:\/\/gpl-love.com\/es\/wp-json\/wp\/v2\/product\/135804","targetHints":{"allow":["GET"]}}],"collection":[{"href":"https:\/\/gpl-love.com\/es\/wp-json\/wp\/v2\/product"}],"about":[{"href":"https:\/\/gpl-love.com\/es\/wp-json\/wp\/v2\/types\/product"}],"replies":[{"embeddable":true,"href":"https:\/\/gpl-love.com\/es\/wp-json\/wp\/v2\/comments?post=135804"}],"wp:featuredmedia":[{"embeddable":true,"href":"https:\/\/gpl-love.com\/es\/wp-json\/wp\/v2\/media\/168739"}],"wp:attachment":[{"href":"https:\/\/gpl-love.com\/es\/wp-json\/wp\/v2\/media?parent=135804"}],"wp:term":[{"taxonomy":"product_brand","embeddable":true,"href":"https:\/\/gpl-love.com\/es\/wp-json\/wp\/v2\/product_brand?post=135804"},{"taxonomy":"product_cat","embeddable":true,"href":"https:\/\/gpl-love.com\/es\/wp-json\/wp\/v2\/product_cat?post=135804"},{"taxonomy":"product_tag","embeddable":true,"href":"https:\/\/gpl-love.com\/es\/wp-json\/wp\/v2\/product_tag?post=135804"}],"curies":[{"name":"wp","href":"https:\/\/api.w.org\/{rel}","templated":true}]}}