{"id":135803,"date":"2022-11-29T00:00:00","date_gmt":"2022-11-29T05:00:00","guid":{"rendered":"https:\/\/gpl-love.com\/es\/producto\/advanced-wc-analytics-pro\/"},"modified":"2026-03-09T08:36:24","modified_gmt":"2026-03-09T13:36:24","slug":"advanced-wc-analytics-pro","status":"publish","type":"product","link":"https:\/\/gpl-love.com\/es\/producto\/advanced-wc-analytics-pro\/","title":{"rendered":"Advanced WC Analytics Pro 3.2.0"},"content":{"rendered":"<h3>Advanced WC Analytics Pro Caracteristicas<\/h3>\n<p>Advanced WC Analytics Pro es una herramienta de software revolucionaria que ofrece una gama integral de ideas sobre el rendimiento de las tiendas en l\u00ednea que se basan en la plataforma WooCommerce. Este software excepcionalmente poderoso cuenta con una amplia gama de caracter\u00edsticas avanzadas que ayudan a los usuarios a obtener una comprensi\u00f3n profunda del rendimiento de su tienda, que abarca no solo informes detallados sino tambi\u00e9n an\u00e1lisis intrincados en varios aspectos cruciales como ventas, comportamiento del cliente y tr\u00e1fico de sitios web. Al utilizar el avanzado WC Analytics Pro, los usuarios pueden monitorear y analizar sin esfuerzo m\u00e9tricos clave, incluidos ingresos, tasas de conversi\u00f3n y valor promedio de pedidos, lo que les permite tomar decisiones informadas e basadas en datos que finalmente optimizan el rendimiento general de su tienda. Adem\u00e1s, este software extraordinario abarca la provisi\u00f3n de alertas y notificaciones en tiempo real, lo que ayuda efectivamente a los propietarios de las tiendas a identificar r\u00e1pidamente cualquier problema potencial que pueda surgir, as\u00ed como identificar oportunidades lucrativas para el crecimiento. En resumen, Advanced WC Analytics Pro indiscutiblemente representa una herramienta indispensable para cualquier propietario de la tienda de WooCommerce, ya que sirve como catalizador para impulsar el \u00e9xito sin precedentes y maximizar el retorno de la inversi\u00f3n.<\/p>\n<ul>\n<li>Proporciona an\u00e1lisis detallados sobre los visitantes del sitio web y el comportamiento del usuario<\/li>\n<li>Rastrea los viajes de usuario y las visualizaciones de embudo para ayudar a optimizar el rendimiento del sitio web<\/li>\n<li>Utiliza algoritmos de aprendizaje autom\u00e1tico para ofrecer recomendaciones e ideas personalizadas<\/li>\n<li>Se integra con m\u00faltiples plataformas y herramientas para una agregaci\u00f3n y an\u00e1lisis de datos sin problemas<\/li>\n<li>Ofrece paneles e informes personalizables para satisfacer necesidades y objetivos comerciales espec\u00edficos<\/li>\n<li>Proporciona monitoreo en tiempo real para acciones inmediatas y toma de decisiones<\/li>\n<li>Ofrece capacidades avanzadas de segmentaci\u00f3n para sumergirse en los patrones demogr\u00e1ficos y de comportamiento de los usuarios<\/li>\n<li>Proporciona mapas de calor y mapas de clic para visualizar las interacciones del usuario con elementos del sitio web<\/li>\n<li>Ofrece funciones de prueba y experimentaci\u00f3n de A\/B para probar los cambios y mejoras del sitio web<\/li>\n<li>Proporciona visualizaciones de datos detalladas y exportaciones de datos para un an\u00e1lisis posterior y compartir con las partes interesadas.<\/li>\n<\/ul>\n","protected":false},"excerpt":{"rendered":"<p>Advanced WC Analytics Pro, desarrollado por entrada, es una herramienta de an\u00e1lisis de datos excepcional a medida para sitios web de WordPress, creado espec\u00edficamente para satisfacer las necesidades \u00fanicas de los propietarios y gerentes de sitios web. Esta herramienta de vanguardia ofrece una gran cantidad de ideas y m\u00e9tricas s\u00f3lidas, lo que permite a los usuarios obtener una profunda comprensi\u00f3n del tr\u00e1fico del sitio web y el comportamiento del usuario, lo que finalmente les permite tomar decisiones informadas y estrat\u00e9gicas que pueden mejorar efectivamente su presencia en l\u00ednea. Con su notable caracter\u00edstica de los informes personalizables y los paneles f\u00e1ciles de usar, avanzado WC Analytics Pro ayuda a los usuarios sin esfuerzo a comprender y optimizar el rendimiento de su sitio web, lo que les permite mantener un paso por delante de sus competidores. Abrace las capacidades avanzadas de WC Analytics Pro Advanced y desbloquea el verdadero potencial de su sitio web de WordPress.<\/p>\n","protected":false},"featured_media":168738,"comment_status":"open","ping_status":"open","template":"","meta":[],"product_brand":[2658],"product_cat":[1208,1207,1206],"product_tag":[2275],"class_list":{"0":"post-135803","1":"product","2":"type-product","3":"status-publish","4":"has-post-thumbnail","6":"product_brand-passionate-brains","7":"product_cat-administracion","8":"product_cat-comercio-electronico-plugins","9":"product_cat-plugins","10":"product_tag-passionate-brains","11":"member-discount","12":"discount-restricted","14":"first","15":"instock","16":"sale","17":"downloadable","18":"virtual","19":"sold-individually","20":"purchasable","21":"product-type-simple"},"_links":{"self":[{"href":"https:\/\/gpl-love.com\/es\/wp-json\/wp\/v2\/product\/135803","targetHints":{"allow":["GET"]}}],"collection":[{"href":"https:\/\/gpl-love.com\/es\/wp-json\/wp\/v2\/product"}],"about":[{"href":"https:\/\/gpl-love.com\/es\/wp-json\/wp\/v2\/types\/product"}],"replies":[{"embeddable":true,"href":"https:\/\/gpl-love.com\/es\/wp-json\/wp\/v2\/comments?post=135803"}],"wp:featuredmedia":[{"embeddable":true,"href":"https:\/\/gpl-love.com\/es\/wp-json\/wp\/v2\/media\/168738"}],"wp:attachment":[{"href":"https:\/\/gpl-love.com\/es\/wp-json\/wp\/v2\/media?parent=135803"}],"wp:term":[{"taxonomy":"product_brand","embeddable":true,"href":"https:\/\/gpl-love.com\/es\/wp-json\/wp\/v2\/product_brand?post=135803"},{"taxonomy":"product_cat","embeddable":true,"href":"https:\/\/gpl-love.com\/es\/wp-json\/wp\/v2\/product_cat?post=135803"},{"taxonomy":"product_tag","embeddable":true,"href":"https:\/\/gpl-love.com\/es\/wp-json\/wp\/v2\/product_tag?post=135803"}],"curies":[{"name":"wp","href":"https:\/\/api.w.org\/{rel}","templated":true}]}}