{"id":135801,"date":"2025-10-13T00:00:00","date_gmt":"2025-10-13T05:00:00","guid":{"rendered":"https:\/\/gpl-love.com\/es\/producto\/cart-upsell-para-woocommerce\/"},"modified":"2026-03-30T11:16:22","modified_gmt":"2026-03-30T16:16:22","slug":"cart-upsell-para-woocommerce","status":"publish","type":"product","link":"https:\/\/gpl-love.com\/es\/producto\/cart-upsell-para-woocommerce\/","title":{"rendered":"Cart Upsell para WooCommerce 1.1.1"},"content":{"rendered":"<h3>Cart Upsell para WooCommerce Caracteristicas<\/h3>\n<p>El Cart Sell para el complemento de WooCommerce es una herramienta incre\u00edblemente robusta que le permite amplificar significativamente sus flujos de ventas e ingresos presentando a los clientes recomendaciones de productos personalizadas y pertinentes durante la etapa crucial de pago. A trav\u00e9s de la utilizaci\u00f3n de este complemento de vanguardia, posee la capacidad de generar ofertas de ventas adicionales estrat\u00e9gicamente adaptadas que est\u00e1n cuidadosamente seleccionadas de acuerdo con los productos espec\u00edficos que se han agregado al carrito de compras de un cliente, sus patrones de compras hist\u00f3ricos y una multitud de otros Factores influyentes. Sorprendentemente, este complemento incluso le brinda la oportunidad de ejercer su destreza creativa creando sus propias ofertas \u00fanicas y atractivas de ventas adicionales a trav\u00e9s de una interfaz intuitivamente navegable y de ca\u00edda. Adem\u00e1s, puede programar meticulosamente la apariencia precisa de sus ofertas, ya sea en intervalos de tiempo designados o espec\u00edficamente dirigido a clienteles particulares. Al capitalizar el inmenso potencial que ofrece el CART Upsell para el complemento de WooCommerce, puede aprovechar sin lugar a dudas todas las oportunidades de ventas disponibles y, por lo tanto, elevar dr\u00e1sticamente su valor de pedido promedio.<\/p>\n<ul>\n<li>Instalaci\u00f3n f\u00e1cil y proceso de configuraci\u00f3n<\/li>\n<li>Capacidad para agregar elementos de venta adicional directamente al carrito<\/li>\n<li>Opciones personalizables para productos de venta adicional<\/li>\n<li>Visualizaci\u00f3n autom\u00e1tica de productos de ventas adicionales basadas en reglas definidas<\/li>\n<li>Opci\u00f3n para excluir ciertos productos de las ventas altas<\/li>\n<li>Anal\u00edtica detallada e informes sobre el rendimiento de la venta upl\u00f3rica<\/li>\n<li>Dise\u00f1o amigable para dispositivos m\u00f3viles para una visualizaci\u00f3n \u00f3ptima en todos los dispositivos<\/li>\n<li>Compatibilidad con una amplia gama de temas y complementos de WooCommerce<\/li>\n<li>Atenci\u00f3n al cliente excepcional y actualizaciones regulares para garantizar la compatibilidad y la funcionalidad.<\/li>\n<\/ul>\n","protected":false},"excerpt":{"rendered":"<p>Cart Upsell para WooCommerce es una herramienta incre\u00edblemente efectiva y potente que sirve para ayudar a los propietarios de tiendas en l\u00ednea en su b\u00fasqueda para mejorar las ventas al proporcionar a los clientes sugerencias para productos complementarios en la etapa de pago. Al utilizar las capacidades notables de la ventaja de CART, podr\u00e1 generar sin esfuerzo y presentar promociones meticulosamente personalizadas que incentiven h\u00e1bilmente a sus estimados clientes para integrar sin problemas en sus carros de compras ya florecientes. Este complemento notable est\u00e1 dotado de una interfaz totalmente personalizable, lo que le permite crear meticulosamente ofertas que est\u00e1n espec\u00edficamente seleccionadas para alinearse con el comportamiento del cliente, o incluso atender la amalgamaci\u00f3n de ciertas combinaciones de productos. Con su interfaz de usuario extremadamente f\u00e1cil e intuitiva e intuitiva, junto con sus caracter\u00edsticas incre\u00edblemente robustas y vers\u00e1tiles, Cart Upsell representa la adici\u00f3n perfecta y por excelencia a su tienda WooCommerce que est\u00e1 obligada a generar mayores ingresos y elevar la satisfacci\u00f3n del cliente a alturas sin precedentes.<\/p>\n","protected":false},"featured_media":168737,"comment_status":"open","ping_status":"open","template":"","meta":[],"product_brand":[2344],"product_cat":[1207,1248,1206],"product_tag":[1423],"class_list":{"0":"post-135801","1":"product","2":"type-product","3":"status-publish","4":"has-post-thumbnail","6":"product_brand-woocommerce","7":"product_cat-comercio-electronico-plugins","8":"product_cat-personalizacion-comercio-electronico-plugins","9":"product_cat-plugins","10":"product_tag-woocommerce","11":"member-discount","12":"discount-restricted","14":"first","15":"instock","16":"sale","17":"downloadable","18":"virtual","19":"sold-individually","20":"purchasable","21":"product-type-simple"},"_links":{"self":[{"href":"https:\/\/gpl-love.com\/es\/wp-json\/wp\/v2\/product\/135801","targetHints":{"allow":["GET"]}}],"collection":[{"href":"https:\/\/gpl-love.com\/es\/wp-json\/wp\/v2\/product"}],"about":[{"href":"https:\/\/gpl-love.com\/es\/wp-json\/wp\/v2\/types\/product"}],"replies":[{"embeddable":true,"href":"https:\/\/gpl-love.com\/es\/wp-json\/wp\/v2\/comments?post=135801"}],"wp:featuredmedia":[{"embeddable":true,"href":"https:\/\/gpl-love.com\/es\/wp-json\/wp\/v2\/media\/168737"}],"wp:attachment":[{"href":"https:\/\/gpl-love.com\/es\/wp-json\/wp\/v2\/media?parent=135801"}],"wp:term":[{"taxonomy":"product_brand","embeddable":true,"href":"https:\/\/gpl-love.com\/es\/wp-json\/wp\/v2\/product_brand?post=135801"},{"taxonomy":"product_cat","embeddable":true,"href":"https:\/\/gpl-love.com\/es\/wp-json\/wp\/v2\/product_cat?post=135801"},{"taxonomy":"product_tag","embeddable":true,"href":"https:\/\/gpl-love.com\/es\/wp-json\/wp\/v2\/product_tag?post=135801"}],"curies":[{"name":"wp","href":"https:\/\/api.w.org\/{rel}","templated":true}]}}