{"id":135725,"date":"2023-02-03T00:00:00","date_gmt":"2023-02-03T05:00:00","guid":{"rendered":"https:\/\/gpl-love.com\/es\/producto\/one-click-switch-para-woocommerce\/"},"modified":"2026-03-09T08:36:21","modified_gmt":"2026-03-09T13:36:21","slug":"one-click-switch-para-woocommerce","status":"publish","type":"product","link":"https:\/\/gpl-love.com\/es\/producto\/one-click-switch-para-woocommerce\/","title":{"rendered":"One-click Switch para WooCommerce 2.1.0"},"content":{"rendered":"<h3>One-click Switch para WooCommerce Caracteristicas<\/h3>\n<p>Presentamos el interruptor revolucionario y muy buscado de un solo clic para WooCommerce, una soluci\u00f3n integral y abarcadora adaptada espec\u00edficamente para los propietarios de tiendas en l\u00ednea que buscan un enfoque simplificado y sin esfuerzo para migrar su tienda WooCommerce. Seg\u00fan un mero clic de un bot\u00f3n, los usuarios pueden hacer una transici\u00f3n sin problemas entre numerosos proveedores de alojamiento o entornos de servidor sin el inconveniente de la p\u00e9rdida de datos o la interrupci\u00f3n de la funcionalidad de su tienda en l\u00ednea. Esta herramienta robusta y din\u00e1mica garantiza una experiencia de migraci\u00f3n sin fricci\u00f3n y sin problemas, lo que hace que todo el proceso sea notablemente eficiente y sin complejidades. Si el objetivo es migrar a un servidor m\u00e1s r\u00e1pido y eficiente o cambiar a un proveedor de alojamiento alternativo que ofrece un soporte superior, un cambio de un solo clic para WooCommerce atiende sin esfuerzo a estas necesidades y requisitos. Se despiden de los exasperantes dolores de cabeza y las horas extensas generalmente afiliadas a la migraci\u00f3n de una tienda en l\u00ednea y abrazan la aparici\u00f3n de una transici\u00f3n sin esfuerzo sin problemas con un interruptor de un solo clic para WooCommerce.<\/p>\n<ul>\n<li>Cambiar autom\u00e1ticamente el estado de la visibilidad del producto con solo un clic<\/li>\n<li>Ahorre tiempo cambiando r\u00e1pidamente la visibilidad del producto desde la p\u00e1gina de edici\u00f3n del producto<\/li>\n<li>Simplifique la gesti\u00f3n de visibilidad del producto para los propietarios de tiendas en l\u00ednea<\/li>\n<li>Compatible con la \u00faltima versi\u00f3n de WooCommerce<\/li>\n<li>F\u00e1cil de instalar y configurar, no se requiere codificaci\u00f3n<\/li>\n<li>Interfaz de usuario minimalista para una experiencia sin problemas<\/li>\n<li>Herramienta \u00fatil para empresas con grandes cat\u00e1logos de productos<\/li>\n<li>No es necesario navegar a trav\u00e9s de los men\u00fas de configuraci\u00f3n para cambiar la visibilidad del producto<\/li>\n<li>Permite actualizaciones m\u00e1s r\u00e1pidas a la informaci\u00f3n de visibilidad del producto<\/li>\n<li>Aumenta la productividad al reducir el n\u00famero de clics necesarios para realizar una tarea com\u00fan.<\/li>\n<\/ul>\n","protected":false},"excerpt":{"rendered":"<p>Entrada: La entrada: el interruptor de un solo clic para WooCommerce es una herramienta incre\u00edblemente poderosa que ofrece un enfoque simplificado para transiciones sin esfuerzo en su tienda WooCommerce de su plataforma actual a una nueva. Este complemento notablemente conveniente cuenta con la capacidad de cambiar a la perfecci\u00f3n las plataformas con un solo clic, todo mientras salvaguarda la integridad de sus datos e informaci\u00f3n invaluables. Al aprovechar las capacidades de entrada: un interruptor de un solo clic para WooCommerce, tiene la oportunidad \u00fanica de optimizar la eficiencia y minimizar el esfuerzo, todo el tiempo asegurando la inquebrantable estabilidad y funcionalidad de su tienda en l\u00ednea. Ya sea que se encuentre en el proceso de migrar de Shopify a WooCommerce o de Magento a WooCommerce, este complemento proporciona una experiencia sin esfuerzo y sin estr\u00e9s. \u00a1No dude en intentarlo y presenciar el impacto transformador que puede tener en el \u00e9xito de su tienda en l\u00ednea!<\/p>\n","protected":false},"featured_media":168736,"comment_status":"open","ping_status":"open","template":"","meta":[],"product_brand":[2344],"product_cat":[1207,1248,1206],"product_tag":[1423],"class_list":{"0":"post-135725","1":"product","2":"type-product","3":"status-publish","4":"has-post-thumbnail","6":"product_brand-woocommerce","7":"product_cat-comercio-electronico-plugins","8":"product_cat-personalizacion-comercio-electronico-plugins","9":"product_cat-plugins","10":"product_tag-woocommerce","11":"member-discount","12":"discount-restricted","14":"first","15":"instock","16":"sale","17":"downloadable","18":"virtual","19":"sold-individually","20":"purchasable","21":"product-type-simple"},"_links":{"self":[{"href":"https:\/\/gpl-love.com\/es\/wp-json\/wp\/v2\/product\/135725","targetHints":{"allow":["GET"]}}],"collection":[{"href":"https:\/\/gpl-love.com\/es\/wp-json\/wp\/v2\/product"}],"about":[{"href":"https:\/\/gpl-love.com\/es\/wp-json\/wp\/v2\/types\/product"}],"replies":[{"embeddable":true,"href":"https:\/\/gpl-love.com\/es\/wp-json\/wp\/v2\/comments?post=135725"}],"wp:featuredmedia":[{"embeddable":true,"href":"https:\/\/gpl-love.com\/es\/wp-json\/wp\/v2\/media\/168736"}],"wp:attachment":[{"href":"https:\/\/gpl-love.com\/es\/wp-json\/wp\/v2\/media?parent=135725"}],"wp:term":[{"taxonomy":"product_brand","embeddable":true,"href":"https:\/\/gpl-love.com\/es\/wp-json\/wp\/v2\/product_brand?post=135725"},{"taxonomy":"product_cat","embeddable":true,"href":"https:\/\/gpl-love.com\/es\/wp-json\/wp\/v2\/product_cat?post=135725"},{"taxonomy":"product_tag","embeddable":true,"href":"https:\/\/gpl-love.com\/es\/wp-json\/wp\/v2\/product_tag?post=135725"}],"curies":[{"name":"wp","href":"https:\/\/api.w.org\/{rel}","templated":true}]}}