{"id":135723,"date":"2025-09-12T00:00:00","date_gmt":"2025-09-12T05:00:00","guid":{"rendered":"https:\/\/gpl-love.com\/es\/producto\/auto-update-cart-para-woocommerce\/"},"modified":"2026-03-09T08:36:20","modified_gmt":"2026-03-09T13:36:20","slug":"auto-update-cart-para-woocommerce","status":"publish","type":"product","link":"https:\/\/gpl-love.com\/es\/producto\/auto-update-cart-para-woocommerce\/","title":{"rendered":"Auto Update Cart para WooCommerce 1.4.6"},"content":{"rendered":"<h3>Auto Update Cart para WooCommerce Caracteristicas<\/h3>\n<p>El carrito de actualizaci\u00f3n autom\u00e1tica para WooCommerce es una herramienta incre\u00edblemente robusta que optimiza efectivamente la experiencia de compra general para los clientes al actualizar autom\u00e1ticamente su carrito de compras. Al implementar este complemento, los minoristas en l\u00ednea pueden eliminar la vexaci\u00f3n que puede surgir cuando los clientes agregan productos a su carrito, solo para descubrir m\u00e1s adelante que los art\u00edculos ya no est\u00e1n en stock o que los precios han sido modificados. Con la utilizaci\u00f3n del carrito de actualizaci\u00f3n autom\u00e1tica para WooCommerce, los clientes pueden comprar con confianza y sin esfuerzo, lo que resulta en ventas aumentadas y una mayor satisfacci\u00f3n del cliente. Es inequ\u00edvocamente imprescindible que cualquier tienda en l\u00ednea busque elevar su experiencia del cliente y amplificar las conversiones para incorporar este complemento indispensable.<\/p>\n<ul>\n<li>Proceso de instalaci\u00f3n y activaci\u00f3n simple<\/li>\n<li>Actualizaciones autom\u00e1ticas del contenido del carrito sin actualizaci\u00f3n de la p\u00e1gina<\/li>\n<li>Experiencia de usuario mejorada con actualizaciones de carritos en tiempo real<\/li>\n<li>Compatible con todas las versiones de WooCommerce<\/li>\n<li>Configuraci\u00f3n personalizable para satisfacer las necesidades de su tienda en l\u00ednea<\/li>\n<li>Aumento de las tasas de conversi\u00f3n a medida que los clientes pueden ver de manera r\u00e1pida y f\u00e1cil su contenido actualizado del carrito<\/li>\n<li>Ahorra tiempo y esfuerzo tanto para los clientes como para los propietarios de tiendas al eliminar la necesidad de actualizaciones manuales de carritos<\/li>\n<li>Proporciona un proceso de pago m\u00e1s perfecto y eficiente para los clientes.<\/li>\n<\/ul>\n","protected":false},"excerpt":{"rendered":"<p>El carrito de actualizaci\u00f3n autom\u00e1tica para WooCommerce es una extensi\u00f3n inteligente y avanzada que actualiza sin esfuerzo el carrito del cliente en tiempo real cada vez que agregan o eliminan los elementos. Al adaptarse perfectamente a las acciones del cliente, esta extensi\u00f3n garantiza una experiencia de compra fluida y conveniente, minimizando efectivamente el abandono del carrito y amplificando significativamente la satisfacci\u00f3n del cliente. Adem\u00e1s, la configuraci\u00f3n de fondo de esta extensi\u00f3n ofrece la m\u00e1xima conveniencia para los propietarios de tiendas, lo que les permite personalizar y alternar sin esfuerzo la funci\u00f3n de acuerdo con sus preferencias. Abrace hoy esta extensi\u00f3n indispensable y presente la notable transformaci\u00f3n que aporta al proceso de pago en su estimada tienda en l\u00ednea.<\/p>\n","protected":false},"featured_media":168735,"comment_status":"open","ping_status":"open","template":"","meta":[],"product_brand":[2344],"product_cat":[1207,1248,1206],"product_tag":[1423],"class_list":{"0":"post-135723","1":"product","2":"type-product","3":"status-publish","4":"has-post-thumbnail","6":"product_brand-woocommerce","7":"product_cat-comercio-electronico-plugins","8":"product_cat-personalizacion-comercio-electronico-plugins","9":"product_cat-plugins","10":"product_tag-woocommerce","11":"member-discount","12":"discount-restricted","14":"first","15":"instock","16":"sale","17":"downloadable","18":"virtual","19":"sold-individually","20":"purchasable","21":"product-type-simple"},"_links":{"self":[{"href":"https:\/\/gpl-love.com\/es\/wp-json\/wp\/v2\/product\/135723","targetHints":{"allow":["GET"]}}],"collection":[{"href":"https:\/\/gpl-love.com\/es\/wp-json\/wp\/v2\/product"}],"about":[{"href":"https:\/\/gpl-love.com\/es\/wp-json\/wp\/v2\/types\/product"}],"replies":[{"embeddable":true,"href":"https:\/\/gpl-love.com\/es\/wp-json\/wp\/v2\/comments?post=135723"}],"wp:featuredmedia":[{"embeddable":true,"href":"https:\/\/gpl-love.com\/es\/wp-json\/wp\/v2\/media\/168735"}],"wp:attachment":[{"href":"https:\/\/gpl-love.com\/es\/wp-json\/wp\/v2\/media?parent=135723"}],"wp:term":[{"taxonomy":"product_brand","embeddable":true,"href":"https:\/\/gpl-love.com\/es\/wp-json\/wp\/v2\/product_brand?post=135723"},{"taxonomy":"product_cat","embeddable":true,"href":"https:\/\/gpl-love.com\/es\/wp-json\/wp\/v2\/product_cat?post=135723"},{"taxonomy":"product_tag","embeddable":true,"href":"https:\/\/gpl-love.com\/es\/wp-json\/wp\/v2\/product_tag?post=135723"}],"curies":[{"name":"wp","href":"https:\/\/api.w.org\/{rel}","templated":true}]}}