{"id":131842,"date":"2026-03-23T00:00:00","date_gmt":"2026-03-23T05:00:00","guid":{"rendered":"https:\/\/gpl-love.com\/es\/producto\/supportcandy-canned-reply\/"},"modified":"2026-04-10T11:26:58","modified_gmt":"2026-04-10T16:26:58","slug":"supportcandy-canned-reply","status":"publish","type":"product","link":"https:\/\/gpl-love.com\/es\/producto\/supportcandy-canned-reply\/","title":{"rendered":"SupportCandy Canned Reply 3.1.4"},"content":{"rendered":"<h3>SupportCandy Canned Reply Caracteristicas<\/h3>\n<p>SupportCandy Canned Respuesta, una herramienta de productividad altamente eficiente, ha sido meticulosamente elaborada para ayudar en la optimizaci\u00f3n de las tareas de atenci\u00f3n al cliente. Al ofrecer la capacidad de generar respuestas preescritas a consultas de clientes con frecuencia encontradas, este software permite que los equipos de apoyo a los equipos para acceder y emplearlos sin esfuerzo cuando sea necesario. A trav\u00e9s de la utilizaci\u00f3n de la respuesta enlatada de soporte, los agentes de atenci\u00f3n al cliente no solo pueden acelerar sus tiempos de respuesta y conservar un tiempo valioso, sino tambi\u00e9n mantener un alto nivel de uniformidad y precisi\u00f3n en sus mensajes. Esta herramienta excepcionalmente robusta es particularmente adecuada para las empresas que tienen como objetivo mejorar sus operaciones de soporte y brindar un servicio al cliente incomparable.<\/p>\n<ul>\n<li>Una caracter\u00edstica dentro del complemento SupportCandy que permite que las respuestas enlatadas se accedan f\u00e1cilmente y se usen en respuestas de tickets de soporte<\/li>\n<li>Proporciona una biblioteca de respuestas preescritas para preguntas o problemas comunes.<\/li>\n<li>Ahorra tiempo y esfuerzo para los agentes de apoyo eliminando la necesidad de escribir manualmente las mismas respuestas repetidamente<\/li>\n<li>Personalizable con la capacidad de crear y editar respuestas enlatadas seg\u00fan sea necesario<\/li>\n<li>Mejora la consistencia y la precisi\u00f3n de las respuestas de soporte entre m\u00faltiples miembros del equipo<\/li>\n<li>Se puede adaptar a las necesidades o preferencias espec\u00edficas del cliente con la opci\u00f3n de clasificar las respuestas enlatadas y aplicar filtros<\/li>\n<li>Aumenta la eficiencia y la productividad dentro del equipo de soporte<\/li>\n<li>Reduce las tasas de error y mejora la satisfacci\u00f3n del cliente con respuestas r\u00e1pidas y precisas a las consultas.<\/li>\n<\/ul>\n","protected":false},"excerpt":{"rendered":"<p>Estamos entusiasmados de presentar la respuesta enlatada SupportCandy, una soluci\u00f3n excepcional espec\u00edficamente adaptada para satisfacer las necesidades de los equipos de apoyo ocupados. La introducci\u00f3n de nuestra funci\u00f3n de respuesta enlatada de vanguardia lo equipa con la capacidad de abordar r\u00e1pidamente y sin esfuerzo encontr\u00f3 consultas de los clientes con frecuencia simplemente seleccionando algunas opciones. Ac\u00e9tate a la ardua tarea de escribir respuestas repetitivas, y dar la bienvenida a una nueva era de servicio al cliente r\u00e1pido y eficiente. Nuestras respuestas enlatadas totalmente personalizables se han creado meticulosamente para no solo ahorrarle un tiempo valioso, sino tambi\u00e9n a mejorar la productividad general de su estimado equipo, lo que le permite concentrarse en ofrecer un soporte incomparable a su altamente estimada clientela. \u00a1Da el salto hoy y experimenta el poder transformador de la respuesta enlatada de soporte, ya que revoluciona su enfoque para manejar las consultas de los clientes!<\/p>\n","protected":false},"featured_media":167666,"comment_status":"open","ping_status":"open","template":"","meta":[],"product_brand":[2570],"product_cat":[1212,1206,1211],"product_tag":[1808],"class_list":{"0":"post-131842","1":"product","2":"type-product","3":"status-publish","4":"has-post-thumbnail","6":"product_brand-supportcandy","7":"product_cat-administracion-wordpress-plugins","8":"product_cat-plugins","9":"product_cat-wordpress-plugins","10":"product_tag-supportcandy","11":"member-discount","12":"discount-restricted","14":"first","15":"instock","16":"sale","17":"downloadable","18":"virtual","19":"sold-individually","20":"purchasable","21":"product-type-simple"},"_links":{"self":[{"href":"https:\/\/gpl-love.com\/es\/wp-json\/wp\/v2\/product\/131842","targetHints":{"allow":["GET"]}}],"collection":[{"href":"https:\/\/gpl-love.com\/es\/wp-json\/wp\/v2\/product"}],"about":[{"href":"https:\/\/gpl-love.com\/es\/wp-json\/wp\/v2\/types\/product"}],"replies":[{"embeddable":true,"href":"https:\/\/gpl-love.com\/es\/wp-json\/wp\/v2\/comments?post=131842"}],"wp:featuredmedia":[{"embeddable":true,"href":"https:\/\/gpl-love.com\/es\/wp-json\/wp\/v2\/media\/167666"}],"wp:attachment":[{"href":"https:\/\/gpl-love.com\/es\/wp-json\/wp\/v2\/media?parent=131842"}],"wp:term":[{"taxonomy":"product_brand","embeddable":true,"href":"https:\/\/gpl-love.com\/es\/wp-json\/wp\/v2\/product_brand?post=131842"},{"taxonomy":"product_cat","embeddable":true,"href":"https:\/\/gpl-love.com\/es\/wp-json\/wp\/v2\/product_cat?post=131842"},{"taxonomy":"product_tag","embeddable":true,"href":"https:\/\/gpl-love.com\/es\/wp-json\/wp\/v2\/product_tag?post=131842"}],"curies":[{"name":"wp","href":"https:\/\/api.w.org\/{rel}","templated":true}]}}