{"id":131841,"date":"2026-03-25T00:00:00","date_gmt":"2026-03-25T05:00:00","guid":{"rendered":"https:\/\/gpl-love.com\/es\/producto\/supportcandy-automatic-close-ticket\/"},"modified":"2026-04-10T11:26:57","modified_gmt":"2026-04-10T16:26:57","slug":"supportcandy-automatic-close-ticket","status":"publish","type":"product","link":"https:\/\/gpl-love.com\/es\/producto\/supportcandy-automatic-close-ticket\/","title":{"rendered":"SupportCandy Automatic Close Ticket 3.1.1"},"content":{"rendered":"<h3>SupportCandy Automatic Close Ticket Caracteristicas<\/h3>\n<p>El boleto de cierre autom\u00e1tico SupportCandy es una herramienta incre\u00edblemente \u00fatil y eficiente que ofrece una inmensa asistencia para administrar efectivamente los boletos de soporte. Esta caracter\u00edstica notable se hace cargo de cerrar autom\u00e1ticamente los boletos que ya han alcanzado una resoluci\u00f3n, liberando as\u00ed un tiempo valioso para su estimado equipo de apoyo, lo que les permite desviar su atenci\u00f3n hacia el manejo de boletos nuevos e entrantes. La brillantez del boleto de cierre autom\u00e1tico de soporte se encuentra en su flexibilidad, ya que le permite personalizar el marco de tiempo dentro del cual debe cerrarse un boleto, asegurando que sus apreciados clientes reciban comentarios r\u00e1pidos y oportunos. Adem\u00e1s, esta caracter\u00edstica excepcional contribuye significativamente a mejorar la experiencia general para sus estimados clientes, ya que garantiza que sus solicitudes se cuiden y aborden r\u00e1pidamente. Al incorporar y aprovechar el poder del boleto de cierre autom\u00e1tico SupportCandy, puede optimizar sin esfuerzo su proceso de soporte, lo que finalmente conduce a una mejora sustancial en la calidad del servicio al cliente que usted proporciona.<\/p>\n<ul>\n<li>Reliminar la gesti\u00f3n de boletos cerrando autom\u00e1ticamente los boletos resueltos<\/li>\n<li>Ahorra tiempo y esfuerzo eliminando la necesidad de cerrar boletos manualmente<\/li>\n<li>Aumenta la eficiencia al liberar a los agentes de soporte para abordar las preocupaciones de otros clientes<\/li>\n<li>Mejora la satisfacci\u00f3n del cliente al proporcionar una resoluci\u00f3n oportuna y precisa de sus problemas<\/li>\n<li>Configuraciones configurables permiten la personalizaci\u00f3n del proceso de cierre autom\u00e1tico de tickets<\/li>\n<li>Integraci\u00f3n con plataformas de mesa de ayuda populares para una implementaci\u00f3n perfecta<\/li>\n<li>Genera informes detallados e ideas sobre las tendencias de cierre de boletos y el rendimiento del agente<\/li>\n<li>Interfaz simple y f\u00e1cil de usar para la facilidad de uso por parte de los agentes de soporte<\/li>\n<li>Ahorra costos generales al reducir la carga de trabajo en el personal de soporte y aumentar la productividad.<\/li>\n<\/ul>\n","protected":false},"excerpt":{"rendered":"<p>La funci\u00f3n de boleto de cierre autom\u00e1tico SupportCandy proporciona una soluci\u00f3n conveniente para optimizar el proceso de gesti\u00f3n de boletos dentro de su organizaci\u00f3n. Al cerrar autom\u00e1ticamente los boletos que se han resuelto con \u00e9xito, esta caracter\u00edstica reduce significativamente la cantidad de trabajo manual requerido de su equipo. En consecuencia, los miembros de su equipo pueden asignar su tiempo y esfuerzo de manera m\u00e1s efectiva hacia otras tareas importantes, mejorando en \u00faltima instancia la eficiencia general en el manejo de las solicitudes de los clientes. Adem\u00e1s, la flexibilidad para personalizar el marco de tiempo para el cierre de boletos garantiza que todos los boletos que hayan alcanzado una resoluci\u00f3n se cierren r\u00e1pidamente, lo que contribuye a una mejor satisfacci\u00f3n del cliente. Adem\u00e1s, esta caracter\u00edstica tambi\u00e9n sirve para desactivar su sistema de soporte, creando un entorno m\u00e1s organizado y simplificado. Para experimentar los beneficios de primera mano, le recomendamos que pruebe la funci\u00f3n de boleto de cierre autom\u00e1tico de soporte hoy y presencie el impacto positivo que puede tener en su proceso de gesti\u00f3n de boletos.<\/p>\n","protected":false},"featured_media":167665,"comment_status":"open","ping_status":"open","template":"","meta":[],"product_brand":[2570],"product_cat":[1212,1206,1211],"product_tag":[1808],"class_list":{"0":"post-131841","1":"product","2":"type-product","3":"status-publish","4":"has-post-thumbnail","6":"product_brand-supportcandy","7":"product_cat-administracion-wordpress-plugins","8":"product_cat-plugins","9":"product_cat-wordpress-plugins","10":"product_tag-supportcandy","11":"member-discount","12":"discount-restricted","14":"first","15":"instock","16":"sale","17":"downloadable","18":"virtual","19":"sold-individually","20":"purchasable","21":"product-type-simple"},"_links":{"self":[{"href":"https:\/\/gpl-love.com\/es\/wp-json\/wp\/v2\/product\/131841","targetHints":{"allow":["GET"]}}],"collection":[{"href":"https:\/\/gpl-love.com\/es\/wp-json\/wp\/v2\/product"}],"about":[{"href":"https:\/\/gpl-love.com\/es\/wp-json\/wp\/v2\/types\/product"}],"replies":[{"embeddable":true,"href":"https:\/\/gpl-love.com\/es\/wp-json\/wp\/v2\/comments?post=131841"}],"wp:featuredmedia":[{"embeddable":true,"href":"https:\/\/gpl-love.com\/es\/wp-json\/wp\/v2\/media\/167665"}],"wp:attachment":[{"href":"https:\/\/gpl-love.com\/es\/wp-json\/wp\/v2\/media?parent=131841"}],"wp:term":[{"taxonomy":"product_brand","embeddable":true,"href":"https:\/\/gpl-love.com\/es\/wp-json\/wp\/v2\/product_brand?post=131841"},{"taxonomy":"product_cat","embeddable":true,"href":"https:\/\/gpl-love.com\/es\/wp-json\/wp\/v2\/product_cat?post=131841"},{"taxonomy":"product_tag","embeddable":true,"href":"https:\/\/gpl-love.com\/es\/wp-json\/wp\/v2\/product_tag?post=131841"}],"curies":[{"name":"wp","href":"https:\/\/api.w.org\/{rel}","templated":true}]}}