{"id":131840,"date":"2026-03-23T00:00:00","date_gmt":"2026-03-23T05:00:00","guid":{"rendered":"https:\/\/gpl-love.com\/es\/producto\/supportcandy-private-credentials\/"},"modified":"2026-04-10T11:27:03","modified_gmt":"2026-04-10T16:27:03","slug":"supportcandy-private-credentials","status":"publish","type":"product","link":"https:\/\/gpl-love.com\/es\/producto\/supportcandy-private-credentials\/","title":{"rendered":"SupportCandy Private Credentials 3.1.2"},"content":{"rendered":"<h3>SupportCandy Private Credentials Caracteristicas<\/h3>\n<p>SupportCandy Private Credentials es una herramienta excepcionalmente confiable y altamente segura que sirve para administrar perfectamente las actividades de atenci\u00f3n al cliente para las empresas. Esta soluci\u00f3n incre\u00edblemente robusta ofrece a las empresas la capacidad de almacenar de forma segura y administrar de manera eficiente sus valiosos datos de clientes, otorg\u00e1ndoles la flexibilidad para acceder a \u00e9l en cualquier momento y desde cualquier lugar. Al aprovechar las capacidades de las credenciales privadas de soporte, los clientes pueden iniciar sesi\u00f3n sin esfuerzo en sus cuentas y recuperar sin esfuerzo sus solicitudes de soporte pertinentes, mientras que las empresas est\u00e1n facultadas para brindar apoyo personalizado a todos y cada uno de los clientes. En particular, esta notable herramienta posee un nivel incomparable de facilidad de uso, complementado por un extenso repertorio de caracter\u00edsticas personalizables meticulosamente dise\u00f1adas para satisfacer los requisitos \u00fanicos de diversos negocios. Adem\u00e1s, es imperativo resaltar que las credenciales privadas de soporte se han dise\u00f1ado meticulosamente para garantizar el mayor nivel de seguridad, protegiendo diligentemente la informaci\u00f3n confidencial del cliente contra las nefastos intenciones de los piratas inform\u00e1ticos y la inminente amenaza de las amenazas cibern\u00e9ticas. Para resumir, es inequ\u00edvocamente evidente que las credenciales privadas de soporte de soporte representan la soluci\u00f3n definitiva para las empresas que buscan seriamente elevar sus capacidades de atenci\u00f3n al cliente y establecerse como proveedores de servicio al cliente excepcional.<\/p>\n<ul>\n<li>Acceso a credenciales privadas para el sistema de software SupportCandy<\/li>\n<li>Seguridad y control mejorados sobre los datos del usuario<\/li>\n<li>Capacidad para restringir el acceso a informaci\u00f3n confidencial<\/li>\n<li>Permisos de usuario personalizables para acceso a datos<\/li>\n<li>Mejoras medidas de cumplimiento regulatorio<\/li>\n<li>Riesgo reducido de violaciones de datos o acceso no autorizado<\/li>\n<li>Gesti\u00f3n de usuarios simplificada para administradores<\/li>\n<li>Acceso de datos conveniente y confiable para usuarios autorizados.<\/li>\n<\/ul>\n","protected":false},"excerpt":{"rendered":"<p>SupportCandy tiene la m\u00e1xima atenci\u00f3n para garantizar la seguridad y la privacidad de sus datos personales dentro de su sistema al proporcionar las credenciales privadas de soporte. Estas credenciales, que ofrecen un acceso seguro y encriptado a sus datos, le permiten manejar sin esfuerzo sus boletos, leer informaci\u00f3n del cliente y recuperar notas o conversaciones privadas mientras mitigan los riesgos potenciales asociados con el acceso no autorizado. Tenga la seguridad de que SupportCandy prioriza la protecci\u00f3n de sus datos, otorg\u00e1ndole la tranquilidad de la mente que merece.<\/p>\n","protected":false},"featured_media":167673,"comment_status":"open","ping_status":"open","template":"","meta":[],"product_brand":[2570],"product_cat":[1212,1206,1211],"product_tag":[1808],"class_list":{"0":"post-131840","1":"product","2":"type-product","3":"status-publish","4":"has-post-thumbnail","6":"product_brand-supportcandy","7":"product_cat-administracion-wordpress-plugins","8":"product_cat-plugins","9":"product_cat-wordpress-plugins","10":"product_tag-supportcandy","11":"member-discount","12":"discount-restricted","14":"first","15":"instock","16":"sale","17":"downloadable","18":"virtual","19":"sold-individually","20":"purchasable","21":"product-type-simple"},"_links":{"self":[{"href":"https:\/\/gpl-love.com\/es\/wp-json\/wp\/v2\/product\/131840","targetHints":{"allow":["GET"]}}],"collection":[{"href":"https:\/\/gpl-love.com\/es\/wp-json\/wp\/v2\/product"}],"about":[{"href":"https:\/\/gpl-love.com\/es\/wp-json\/wp\/v2\/types\/product"}],"replies":[{"embeddable":true,"href":"https:\/\/gpl-love.com\/es\/wp-json\/wp\/v2\/comments?post=131840"}],"wp:featuredmedia":[{"embeddable":true,"href":"https:\/\/gpl-love.com\/es\/wp-json\/wp\/v2\/media\/167673"}],"wp:attachment":[{"href":"https:\/\/gpl-love.com\/es\/wp-json\/wp\/v2\/media?parent=131840"}],"wp:term":[{"taxonomy":"product_brand","embeddable":true,"href":"https:\/\/gpl-love.com\/es\/wp-json\/wp\/v2\/product_brand?post=131840"},{"taxonomy":"product_cat","embeddable":true,"href":"https:\/\/gpl-love.com\/es\/wp-json\/wp\/v2\/product_cat?post=131840"},{"taxonomy":"product_tag","embeddable":true,"href":"https:\/\/gpl-love.com\/es\/wp-json\/wp\/v2\/product_tag?post=131840"}],"curies":[{"name":"wp","href":"https:\/\/api.w.org\/{rel}","templated":true}]}}