{"id":131839,"date":"2026-03-25T00:00:00","date_gmt":"2026-03-25T05:00:00","guid":{"rendered":"https:\/\/gpl-love.com\/es\/producto\/supportcandy-print-tickets\/"},"modified":"2026-04-10T11:27:02","modified_gmt":"2026-04-10T16:27:02","slug":"supportcandy-print-tickets","status":"publish","type":"product","link":"https:\/\/gpl-love.com\/es\/producto\/supportcandy-print-tickets\/","title":{"rendered":"SupportCandy Print Tickets 3.1.6"},"content":{"rendered":"<h3>SupportCandy Print Tickets Caracteristicas<\/h3>\n<p>La caracter\u00edstica de los boletos de impresi\u00f3n de SupportCandy, una funcionalidad muy ventajosa, ofrece a los agentes de atenci\u00f3n al cliente la conveniencia de generar boletos tangibles sin esfuerzo con el prop\u00f3sito del archivo f\u00edsico o para la utilizaci\u00f3n como copias impresas. Adem\u00e1s, esta caracter\u00edstica notable sirve como un mecanismo confiable para garantizar la grabaci\u00f3n meticulosa y la preservaci\u00f3n de conversaciones y consultas significativas, lo que posteriormente permite a las empresas recuperarlas y hacer referencia a ellos en el futuro. En consecuencia, al integrar los boletos de impresi\u00f3n de SupportCandy, las empresas pueden optimizar sin problemas sus operaciones de atenci\u00f3n al cliente, facilitando as\u00ed un encuentro de soporte aerodin\u00e1mico y altamente productivo para su valiosa clientela.<\/p>\n<ul>\n<li>Sistema de impresi\u00f3n de boletos eficiente<\/li>\n<li>Ayuda a optimizar el proceso de atenci\u00f3n al cliente<\/li>\n<li>Lleva la organizaci\u00f3n al sistema de boletos<\/li>\n<li>Opciones de impresi\u00f3n de boletos personalizables<\/li>\n<li>Interfaz f\u00e1cil de usar<\/li>\n<li>Se puede integrar con otras caracter\u00edsticas de soporte<\/li>\n<li>Aumenta la productividad y el tiempo de respuesta<\/li>\n<li>Ahorra tiempo y recursos<\/li>\n<li>Mejora el profesionalismo en el servicio al cliente<\/li>\n<li>Compatible con la mayor\u00eda de las impresoras.<\/li>\n<\/ul>\n","protected":false},"excerpt":{"rendered":"<p>Al utilizar la notable funci\u00f3n de tickets de impresi\u00f3n de SupportCandy, podr\u00e1 generar sin esfuerzo e imprimir boletos en respuesta a consultas de clientes y solicitudes de soporte. Esta invaluable herramienta sirve para facilitar el seguimiento meticuloso de los problemas, garantizando que no hay preocupaciones desapercibidas o sin resolver. Adem\u00e1s, la opci\u00f3n de personalizar el atractivo est\u00e9tico de estos boletos para alinearse a la perfecci\u00f3n con la identidad de su marca permite un toque verdaderamente personalizado. Ya sea que opte por copias f\u00edsicas o distribuci\u00f3n digital a trav\u00e9s de PDF, tenga la seguridad de que los boletos de impresi\u00f3n de soporte sin duda optimizar\u00e1n su proceso de atenci\u00f3n al cliente.<\/p>\n","protected":false},"featured_media":167672,"comment_status":"open","ping_status":"open","template":"","meta":[],"product_brand":[2570],"product_cat":[1212,1206,1211],"product_tag":[1808],"class_list":{"0":"post-131839","1":"product","2":"type-product","3":"status-publish","4":"has-post-thumbnail","6":"product_brand-supportcandy","7":"product_cat-administracion-wordpress-plugins","8":"product_cat-plugins","9":"product_cat-wordpress-plugins","10":"product_tag-supportcandy","11":"member-discount","12":"discount-restricted","14":"first","15":"instock","16":"sale","17":"downloadable","18":"virtual","19":"sold-individually","20":"purchasable","21":"product-type-simple"},"_links":{"self":[{"href":"https:\/\/gpl-love.com\/es\/wp-json\/wp\/v2\/product\/131839","targetHints":{"allow":["GET"]}}],"collection":[{"href":"https:\/\/gpl-love.com\/es\/wp-json\/wp\/v2\/product"}],"about":[{"href":"https:\/\/gpl-love.com\/es\/wp-json\/wp\/v2\/types\/product"}],"replies":[{"embeddable":true,"href":"https:\/\/gpl-love.com\/es\/wp-json\/wp\/v2\/comments?post=131839"}],"wp:featuredmedia":[{"embeddable":true,"href":"https:\/\/gpl-love.com\/es\/wp-json\/wp\/v2\/media\/167672"}],"wp:attachment":[{"href":"https:\/\/gpl-love.com\/es\/wp-json\/wp\/v2\/media?parent=131839"}],"wp:term":[{"taxonomy":"product_brand","embeddable":true,"href":"https:\/\/gpl-love.com\/es\/wp-json\/wp\/v2\/product_brand?post=131839"},{"taxonomy":"product_cat","embeddable":true,"href":"https:\/\/gpl-love.com\/es\/wp-json\/wp\/v2\/product_cat?post=131839"},{"taxonomy":"product_tag","embeddable":true,"href":"https:\/\/gpl-love.com\/es\/wp-json\/wp\/v2\/product_tag?post=131839"}],"curies":[{"name":"wp","href":"https:\/\/api.w.org\/{rel}","templated":true}]}}