{"id":131838,"date":"2026-03-23T00:00:00","date_gmt":"2026-03-23T05:00:00","guid":{"rendered":"https:\/\/gpl-love.com\/es\/producto\/supportcandy-knowledgebase-integration\/"},"modified":"2026-04-10T11:27:01","modified_gmt":"2026-04-10T16:27:01","slug":"supportcandy-knowledgebase-integration","status":"publish","type":"product","link":"https:\/\/gpl-love.com\/es\/producto\/supportcandy-knowledgebase-integration\/","title":{"rendered":"SupportCandy Knowledgebase Integration 3.1.0"},"content":{"rendered":"<h3>SupportCandy Knowledgebase Integration Caracteristicas<\/h3>\n<p>La integraci\u00f3n de la integraci\u00f3n de la base de conocimiento de soporte demuestra ser un instrumento inmensamente formidable que posee la capacidad de amalgamar sin esfuerzo la base de conocimiento de una empresa con su sistema de apoyo. En consecuencia, esta integraci\u00f3n armoniosa permite efectivamente a los clientes acceder sin esfuerzo a una amplia gama de art\u00edculos y soluciones que atienden a una gran cantidad de problemas comunes, disminuyendo significativamente la necesidad de iniciar el contacto con el equipo de atenci\u00f3n al cliente. A trav\u00e9s de la utilizaci\u00f3n de la integraci\u00f3n de la base de conocimiento de soporte, las empresas pueden optimizar sin problemas sus operaciones de soporte, aumentando as\u00ed los niveles de satisfacci\u00f3n del cliente mientras conserva simult\u00e1neamente el tiempo y los recursos vitales. Adem\u00e1s, esta herramienta no solo es muy f\u00e1cil de usar, sino que tambi\u00e9n exhibe un notable grado de flexibilidad, ya que se puede adaptar sin esfuerzo para cumplir con los requisitos espec\u00edficos de cualquier negocio. En consecuencia, la integraci\u00f3n de la base de conocimiento de soporte supone el estado de un componente indispensable de cualquier sistema de atenci\u00f3n al cliente, ya que otorga a los clientes una metodolog\u00eda sin problemas para obtener respuestas a sus consultas, lo que posteriormente libera a los agentes de apoyo para asignar sus energ\u00edas para abordar los problemas m\u00e1s intrincados y complicados. .<\/p>\n<ul>\n<li>Integre perfectamente la base de conocimiento de SupportCandy en su sitio web<\/li>\n<li>Agregue y administre f\u00e1cilmente art\u00edculos, categor\u00edas y etiquetas de su Panel de soporte.<\/li>\n<li>Mejorar la satisfacci\u00f3n del cliente al proporcionar recursos integrales de autoayuda<\/li>\n<li>Reduzca el n\u00famero de boletos de soporte al permitir que los clientes encuentren respuestas a preguntas comunes.<\/li>\n<li>Personalice la apariencia de su base de conocimiento para que coincida con la marca de su sitio web<\/li>\n<li>Sugerir autom\u00e1ticamente art\u00edculos relevantes para los clientes en funci\u00f3n de sus consultas de soporte<\/li>\n<li>Rastree y analice el rendimiento de su base de conocimiento con m\u00e9tricas y an\u00e1lisis detallados<\/li>\n<li>Proporcionar soporte multiling\u00fce creando art\u00edculos en m\u00faltiples idiomas<\/li>\n<li>Acceda y administra su base de conocimiento desde cualquier lugar con tecnolog\u00eda basada en la nube<\/li>\n<li>F\u00e1cil de usar para principiantes y usuarios avanzados por igual<\/li>\n<\/ul>\n","protected":false},"excerpt":{"rendered":"<p>Al incorporar a la perfecci\u00f3n una base de conocimiento vasta y que lo abarca en su sistema de servicio de soporte a trav\u00e9s de esta innovadora integraci\u00f3n, puede economizar de manera efectiva a tiempo y amplificar la productividad al otorgar sin esfuerzo a sus estimados clientela acceso instant\u00e1neo a una gran cantidad de respuestas y resoluciones para los consultores frecuentemente encontrados y frecuentes y y y y y y y y y se encuentran Predicamentos. A trav\u00e9s de la integraci\u00f3n de la base de conocimiento de soporte, tiene la oportunidad \u00fanica de mejorar la calidad de sus esfuerzos de atenci\u00f3n al cliente y optimizar la eficiencia de sus procesos operativos en un grado sin precedentes.<\/p>\n","protected":false},"featured_media":167671,"comment_status":"open","ping_status":"open","template":"","meta":[],"product_brand":[2570],"product_cat":[1212,1206,1211],"product_tag":[1808],"class_list":{"0":"post-131838","1":"product","2":"type-product","3":"status-publish","4":"has-post-thumbnail","6":"product_brand-supportcandy","7":"product_cat-administracion-wordpress-plugins","8":"product_cat-plugins","9":"product_cat-wordpress-plugins","10":"product_tag-supportcandy","11":"member-discount","12":"discount-restricted","14":"first","15":"instock","16":"sale","17":"downloadable","18":"virtual","19":"sold-individually","20":"purchasable","21":"product-type-simple"},"_links":{"self":[{"href":"https:\/\/gpl-love.com\/es\/wp-json\/wp\/v2\/product\/131838","targetHints":{"allow":["GET"]}}],"collection":[{"href":"https:\/\/gpl-love.com\/es\/wp-json\/wp\/v2\/product"}],"about":[{"href":"https:\/\/gpl-love.com\/es\/wp-json\/wp\/v2\/types\/product"}],"replies":[{"embeddable":true,"href":"https:\/\/gpl-love.com\/es\/wp-json\/wp\/v2\/comments?post=131838"}],"wp:featuredmedia":[{"embeddable":true,"href":"https:\/\/gpl-love.com\/es\/wp-json\/wp\/v2\/media\/167671"}],"wp:attachment":[{"href":"https:\/\/gpl-love.com\/es\/wp-json\/wp\/v2\/media?parent=131838"}],"wp:term":[{"taxonomy":"product_brand","embeddable":true,"href":"https:\/\/gpl-love.com\/es\/wp-json\/wp\/v2\/product_brand?post=131838"},{"taxonomy":"product_cat","embeddable":true,"href":"https:\/\/gpl-love.com\/es\/wp-json\/wp\/v2\/product_cat?post=131838"},{"taxonomy":"product_tag","embeddable":true,"href":"https:\/\/gpl-love.com\/es\/wp-json\/wp\/v2\/product_tag?post=131838"}],"curies":[{"name":"wp","href":"https:\/\/api.w.org\/{rel}","templated":true}]}}