{"id":131837,"date":"2026-03-23T00:00:00","date_gmt":"2026-03-23T05:00:00","guid":{"rendered":"https:\/\/gpl-love.com\/es\/producto\/supportcandy-faq-integration\/"},"modified":"2026-04-10T11:27:00","modified_gmt":"2026-04-10T16:27:00","slug":"supportcandy-faq-integration","status":"publish","type":"product","link":"https:\/\/gpl-love.com\/es\/producto\/supportcandy-faq-integration\/","title":{"rendered":"SupportCandy FAQ Integration 3.1.0"},"content":{"rendered":"<h3>SupportCandy FAQ Integration Caracteristicas<\/h3>\n<p>La integraci\u00f3n de preguntas frecuentes de SupportCandy es una soluci\u00f3n incre\u00edblemente robusta y din\u00e1mica que ofrece un inmenso soporte a las empresas para racionalizar su proceso de atenci\u00f3n al cliente. Al incorporar esta integraci\u00f3n, las empresas pueden administrar sin esfuerzo sus preguntas frecuentes (preguntas frecuentes) y ofrecer respuestas r\u00e1pidas y precisas a sus valiosos clientes. Esta integraci\u00f3n permite a las empresas establecer un centro centralizado de preguntas frecuentes, accesibles para los clientes a trav\u00e9s de varios canales de comunicaci\u00f3n, como correo electr\u00f3nico, chat y plataformas de redes sociales. Los beneficios derivados de esta integraci\u00f3n no se limitan a ahorrar tiempo y esfuerzo para las empresas, sino que se extienden a mejorar la experiencia general del cliente. La integraci\u00f3n de preguntas frecuentes de soporte est\u00e1 dise\u00f1ada para ser f\u00e1cil de usar y adaptable, asegurando que pueda alinearse sin problemas con los requisitos \u00fanicos de cualquier negocio. Como tal, demuestra ser un activo invaluable para las empresas que buscan elevar sus capacidades de atenci\u00f3n al cliente y brindar un servicio al cliente eficiente y efectivo.<\/p>\n<ul>\n<li>Integraci\u00f3n perfecta de la funcionalidad de preguntas frecuentes en la plataforma SupportCandy<\/li>\n<li>Permite a los clientes encontrar y resolver f\u00e1cilmente sus propios problemas sin necesidad de contactar al personal de apoyo.<\/li>\n<li>Reduce la cantidad de boletos de soporte necesarios, liberando tiempo al personal para problemas m\u00e1s complejos<\/li>\n<li>Dise\u00f1o de p\u00e1gina de preguntas frecuentes personalizables para que coincida con el aspecto de su sitio web o marca<\/li>\n<li>Panel de administraci\u00f3n simple e intuitivo para administrar las preguntas frecuentes y las categor\u00edas<\/li>\n<li>Admite m\u00faltiples idiomas, permitiendo uso global<\/li>\n<li>Puede integrarse con herramientas de base de conocimiento populares como Zendesk, Intercom y Salesforce<\/li>\n<\/ul>\n","protected":false},"excerpt":{"rendered":"<p>La integraci\u00f3n de preguntas frecuentes de soporte presenta una herramienta notablemente robusta y altamente efectiva, lo que permite una integraci\u00f3n perfecta de sus preguntas frecuentes dentro de su sistema de atenci\u00f3n al cliente. A trav\u00e9s de la utilizaci\u00f3n de esta integraci\u00f3n, a sus estimados clientes se les otorga accesibilidad sin esfuerzo a una pl\u00e9tora de respuestas integrales a consultas com\u00fanmente elevadas. Adem\u00e1s, en el caso de que se requiere m\u00e1s asistencia, se les otorga r\u00e1pidamente la oportunidad de llegar a su estimado equipo de apoyo. Esta soluci\u00f3n notablemente eficiente y conveniente sirve no solo para conservar una gran cantidad de tiempo valioso tanto para usted como para sus clientes apreciados, sino que tambi\u00e9n aumenta efectivamente la satisfacci\u00f3n general del cliente y, posteriormente, genera un aumento notable de la productividad.<\/p>\n","protected":false},"featured_media":167669,"comment_status":"open","ping_status":"open","template":"","meta":[],"product_brand":[2570],"product_cat":[1212,1206,1211],"product_tag":[1808],"class_list":{"0":"post-131837","1":"product","2":"type-product","3":"status-publish","4":"has-post-thumbnail","6":"product_brand-supportcandy","7":"product_cat-administracion-wordpress-plugins","8":"product_cat-plugins","9":"product_cat-wordpress-plugins","10":"product_tag-supportcandy","11":"member-discount","12":"discount-restricted","14":"first","15":"instock","16":"sale","17":"downloadable","18":"virtual","19":"sold-individually","20":"purchasable","21":"product-type-simple"},"_links":{"self":[{"href":"https:\/\/gpl-love.com\/es\/wp-json\/wp\/v2\/product\/131837","targetHints":{"allow":["GET"]}}],"collection":[{"href":"https:\/\/gpl-love.com\/es\/wp-json\/wp\/v2\/product"}],"about":[{"href":"https:\/\/gpl-love.com\/es\/wp-json\/wp\/v2\/types\/product"}],"replies":[{"embeddable":true,"href":"https:\/\/gpl-love.com\/es\/wp-json\/wp\/v2\/comments?post=131837"}],"wp:featuredmedia":[{"embeddable":true,"href":"https:\/\/gpl-love.com\/es\/wp-json\/wp\/v2\/media\/167669"}],"wp:attachment":[{"href":"https:\/\/gpl-love.com\/es\/wp-json\/wp\/v2\/media?parent=131837"}],"wp:term":[{"taxonomy":"product_brand","embeddable":true,"href":"https:\/\/gpl-love.com\/es\/wp-json\/wp\/v2\/product_brand?post=131837"},{"taxonomy":"product_cat","embeddable":true,"href":"https:\/\/gpl-love.com\/es\/wp-json\/wp\/v2\/product_cat?post=131837"},{"taxonomy":"product_tag","embeddable":true,"href":"https:\/\/gpl-love.com\/es\/wp-json\/wp\/v2\/product_tag?post=131837"}],"curies":[{"name":"wp","href":"https:\/\/api.w.org\/{rel}","templated":true}]}}