{"id":131836,"date":"2026-03-23T00:00:00","date_gmt":"2026-03-23T05:00:00","guid":{"rendered":"https:\/\/gpl-love.com\/es\/producto\/supportcandy-export-ticket\/"},"modified":"2026-03-23T17:16:11","modified_gmt":"2026-03-23T22:16:11","slug":"supportcandy-export-ticket","status":"publish","type":"product","link":"https:\/\/gpl-love.com\/es\/producto\/supportcandy-export-ticket\/","title":{"rendered":"SupportCandy Export Ticket 3.1.6"},"content":{"rendered":"<h3>SupportCandy Export Ticket Caracteristicas<\/h3>\n<p>SupportCandy Export Ticket es una herramienta excepcional y altamente sofisticada que permite a los usuarios extraer datos de boletos sin esfuerzo de su sistema de servicio de asistencia. Esta notable herramienta ofrece una amplia gama de caracter\u00edsticas, lo que hace que el proceso de exportaci\u00f3n de datos de boletos sea sin problemas y eficientes. Los usuarios tienen la notable capacidad de exportar datos de boletos en una variedad de formatos, incluido el CSV universalmente compatible, el Versatile Excel y el JSON din\u00e1mico. El ingenioso dise\u00f1o de la herramienta est\u00e1 meticulosamente elaborado para optimizar el proceso de otro modo tedioso de exportar datos de boletos, otorgando as\u00ed a los usuarios la capacidad incomparable para realizar un an\u00e1lisis de datos integral, generar informes perspicaces y difundir sin esfuerzo informaci\u00f3n a sus estimados miembros del equipo. Adem\u00e1s, la interfaz f\u00e1cil de usar del ticket de exportaci\u00f3n SupportCandy est\u00e1 cuidadosamente dise\u00f1ado para garantizar una navegaci\u00f3n perfecta, mejorando a\u00fan m\u00e1s la experiencia general del usuario. Adem\u00e1s, esta ingeniosa herramienta tambi\u00e9n ofrece a los usuarios la invaluable flexibilidad para personalizar sus exportaciones de datos seg\u00fan sus requisitos \u00fanicos y espec\u00edficos, solidificando a\u00fan m\u00e1s su posici\u00f3n como un recurso indispensable e indispensable para las empresas que dependen en gran medida de soporte para su estimado soporte de servicio de ayuda.<\/p>\n<ul>\n<li>F\u00e1cil exportaci\u00f3n de boletos de SupportCandy<\/li>\n<li>Transferencia r\u00e1pida de datos de boletos a otros sistemas o programas<\/li>\n<li>Compatible con una amplia gama de plataformas de software<\/li>\n<li>Preserva toda la informaci\u00f3n de boletos relevantes durante el proceso de exportaci\u00f3n<\/li>\n<li>Ahorra tiempo y esfuerzo automatizando el proceso de exportaci\u00f3n<\/li>\n<li>\u00datil para transferir datos a otros sistemas o programas de atenci\u00f3n al cliente<\/li>\n<li>Puede ayudar a optimizar el flujo de trabajo y mejorar los procesos de gesti\u00f3n de datos<\/li>\n<li>Mejora la eficiencia al simplificar el proceso de exportaci\u00f3n de boletos<\/li>\n<li>Reduce el riesgo de errores o p\u00e9rdida de datos durante el proceso de exportaci\u00f3n<\/li>\n<li>Puede integrarse con otras herramientas y aplicaciones para una funcionalidad mejorada.<\/li>\n<\/ul>\n","protected":false},"excerpt":{"rendered":"<p>La funci\u00f3n de ticket de exportaci\u00f3n proporcionada por SupportCandy ofrece a los usuarios la conveniencia de exportar sus boletos de soporte a diversos formatos de archivos, incluido CSV o Excel, facilitando as\u00ed la gesti\u00f3n y an\u00e1lisis de datos m\u00e1s eficientes. Simplemente haciendo clic varias veces, los usuarios pueden generar sin esfuerzo informes integrales, lo que les permite adquirir ideas invaluables sobre la actividad de atenci\u00f3n al cliente. Esta herramienta incre\u00edblemente potente sirve para optimizar el flujo de trabajo de las actividades de soporte, lo que finalmente resulta en una eficiencia de ahorro de tiempo y una mayor eficiencia para empresas de varias escalas y tama\u00f1os.<\/p>\n","protected":false},"featured_media":167668,"comment_status":"open","ping_status":"open","template":"","meta":[],"product_brand":[2570],"product_cat":[1212,1206,1211],"product_tag":[1808],"class_list":{"0":"post-131836","1":"product","2":"type-product","3":"status-publish","4":"has-post-thumbnail","6":"product_brand-supportcandy","7":"product_cat-administracion-wordpress-plugins","8":"product_cat-plugins","9":"product_cat-wordpress-plugins","10":"product_tag-supportcandy","11":"member-discount","12":"discount-restricted","14":"first","15":"instock","16":"sale","17":"downloadable","18":"virtual","19":"sold-individually","20":"purchasable","21":"product-type-simple"},"_links":{"self":[{"href":"https:\/\/gpl-love.com\/es\/wp-json\/wp\/v2\/product\/131836","targetHints":{"allow":["GET"]}}],"collection":[{"href":"https:\/\/gpl-love.com\/es\/wp-json\/wp\/v2\/product"}],"about":[{"href":"https:\/\/gpl-love.com\/es\/wp-json\/wp\/v2\/types\/product"}],"replies":[{"embeddable":true,"href":"https:\/\/gpl-love.com\/es\/wp-json\/wp\/v2\/comments?post=131836"}],"wp:featuredmedia":[{"embeddable":true,"href":"https:\/\/gpl-love.com\/es\/wp-json\/wp\/v2\/media\/167668"}],"wp:attachment":[{"href":"https:\/\/gpl-love.com\/es\/wp-json\/wp\/v2\/media?parent=131836"}],"wp:term":[{"taxonomy":"product_brand","embeddable":true,"href":"https:\/\/gpl-love.com\/es\/wp-json\/wp\/v2\/product_brand?post=131836"},{"taxonomy":"product_cat","embeddable":true,"href":"https:\/\/gpl-love.com\/es\/wp-json\/wp\/v2\/product_cat?post=131836"},{"taxonomy":"product_tag","embeddable":true,"href":"https:\/\/gpl-love.com\/es\/wp-json\/wp\/v2\/product_tag?post=131836"}],"curies":[{"name":"wp","href":"https:\/\/api.w.org\/{rel}","templated":true}]}}