{"id":131835,"date":"2026-03-23T00:00:00","date_gmt":"2026-03-23T05:00:00","guid":{"rendered":"https:\/\/gpl-love.com\/es\/producto\/supportcandy-email-piping\/"},"modified":"2026-04-10T11:26:59","modified_gmt":"2026-04-10T16:26:59","slug":"supportcandy-email-piping","status":"publish","type":"product","link":"https:\/\/gpl-love.com\/es\/producto\/supportcandy-email-piping\/","title":{"rendered":"SupportCandy Email Piping 3.3.5"},"content":{"rendered":"<h3>SupportCandy Email Piping Caracteristicas<\/h3>\n<p>SupportCandy Correo electr\u00f3nico Piping, una herramienta muy robusta, sirve al prop\u00f3sito de optimizar los procesos de atenci\u00f3n al cliente dentro de las empresas a trav\u00e9s de la redirecci\u00f3n autom\u00e1tica de los correos electr\u00f3nicos de los clientes al agente o equipo de soporte apropiado. Esta soluci\u00f3n facilita efectivamente la gesti\u00f3n de una afluencia sustancial de correos electr\u00f3nicos de los clientes, garantizando la resoluci\u00f3n r\u00e1pida y eficiente de cada consulta de clientes. La integraci\u00f3n perfecta de las tuber\u00edas de correo electr\u00f3nico de soporte con servicios de correo electr\u00f3nico prevalentes garantiza la sincronizaci\u00f3n y la precisi\u00f3n en tiempo real de toda la comunicaci\u00f3n. Adem\u00e1s, las empresas poseen la capacidad de adaptar sus reglas de enrutamiento de correo electr\u00f3nico de acuerdo con sus distintos requisitos, optimizando as\u00ed la eficiencia y la productividad al m\u00e1ximo. En resumen, SupportCandy Correo electr\u00f3nico es un activo indispensable para las empresas que buscan reforzar sus operaciones de atenci\u00f3n al cliente y brindar un servicio excepcional a su estimada clientela.<\/p>\n<ul>\n<li>Integraci\u00f3n perfecta con su sistema de correo electr\u00f3nico existente<\/li>\n<li>Automatizar el proceso de convertir correos electr\u00f3nicos en boletos para una gesti\u00f3n m\u00e1s f\u00e1cil<\/li>\n<li>Le permite responder directamente a correos electr\u00f3nicos desde su sistema de soporte<\/li>\n<li>Elimina la necesidad de cambiar de ida y vuelta entre su correo electr\u00f3nico y sistema de soporte<\/li>\n<li>Le brinda el control total sobre los correos electr\u00f3nicos que se enrutan a su equipo de soporte<\/li>\n<li>Proporciona un sistema uniforme para rastrear y responder a las consultas de los clientes<\/li>\n<li>Ahorra tiempo y reduce el riesgo de mensajes perdidos o respuestas duplicadas<\/li>\n<li>Compatible con una variedad de proveedores de correo electr\u00f3nico populares, incluidos Gmail, Outlook y Yahoo Mail<\/li>\n<li>F\u00e1cil de configurar y configurar con instrucciones y documentaci\u00f3n claras<\/li>\n<li>Ofrece caracter\u00edsticas de seguridad mejoradas para proteger los datos y la privacidad de su cliente.<\/li>\n<\/ul>\n","protected":false},"excerpt":{"rendered":"<p>Al utilizar la notable funcionalidad de las tuber\u00edas de correo electr\u00f3nico de soporte, los usuarios pueden fusionar sin esfuerzo sus consultas por correo electr\u00f3nico con el servicio de asistencia de soporte, transformando as\u00ed autom\u00e1ticamente los correos electr\u00f3nicos entrantes en boletos que se pueden administrar a trav\u00e9s del servicio de asistencia, como cualquier otra solicitud. Esta caracter\u00edstica invaluable no solo optimiza la asignaci\u00f3n de tiempo, sino que tambi\u00e9n simplifica todo el sistema de soporte, lo que finalmente conduce a una mayor satisfacci\u00f3n del cliente y una eficiencia de flujo de trabajo notablemente mejorada.<\/p>\n","protected":false},"featured_media":167667,"comment_status":"open","ping_status":"open","template":"","meta":[],"product_brand":[2570],"product_cat":[1212,1206,1211],"product_tag":[1808],"class_list":{"0":"post-131835","1":"product","2":"type-product","3":"status-publish","4":"has-post-thumbnail","6":"product_brand-supportcandy","7":"product_cat-administracion-wordpress-plugins","8":"product_cat-plugins","9":"product_cat-wordpress-plugins","10":"product_tag-supportcandy","11":"member-discount","12":"discount-restricted","14":"first","15":"instock","16":"sale","17":"downloadable","18":"virtual","19":"sold-individually","20":"purchasable","21":"product-type-simple"},"_links":{"self":[{"href":"https:\/\/gpl-love.com\/es\/wp-json\/wp\/v2\/product\/131835","targetHints":{"allow":["GET"]}}],"collection":[{"href":"https:\/\/gpl-love.com\/es\/wp-json\/wp\/v2\/product"}],"about":[{"href":"https:\/\/gpl-love.com\/es\/wp-json\/wp\/v2\/types\/product"}],"replies":[{"embeddable":true,"href":"https:\/\/gpl-love.com\/es\/wp-json\/wp\/v2\/comments?post=131835"}],"wp:featuredmedia":[{"embeddable":true,"href":"https:\/\/gpl-love.com\/es\/wp-json\/wp\/v2\/media\/167667"}],"wp:attachment":[{"href":"https:\/\/gpl-love.com\/es\/wp-json\/wp\/v2\/media?parent=131835"}],"wp:term":[{"taxonomy":"product_brand","embeddable":true,"href":"https:\/\/gpl-love.com\/es\/wp-json\/wp\/v2\/product_brand?post=131835"},{"taxonomy":"product_cat","embeddable":true,"href":"https:\/\/gpl-love.com\/es\/wp-json\/wp\/v2\/product_cat?post=131835"},{"taxonomy":"product_tag","embeddable":true,"href":"https:\/\/gpl-love.com\/es\/wp-json\/wp\/v2\/product_tag?post=131835"}],"curies":[{"name":"wp","href":"https:\/\/api.w.org\/{rel}","templated":true}]}}