{"id":131594,"date":"2024-02-27T00:00:00","date_gmt":"2024-02-27T05:00:00","guid":{"rendered":"https:\/\/gpl-love.com\/es\/producto\/floral-theme\/"},"modified":"2026-03-13T17:20:57","modified_gmt":"2026-03-13T22:20:57","slug":"floral-theme","status":"publish","type":"product","link":"https:\/\/gpl-love.com\/es\/producto\/floral-theme\/","title":{"rendered":"Floral Theme 1.2.7"},"content":{"rendered":"<h3>Floral Theme Caracteristicas<\/h3>\n<p>El producto tem\u00e1tico floral, con su dise\u00f1o impresionante y elegante, posee la capacidad de infundir cualquier proyecto con un toque de naturaleza y belleza. Muestra una impresionante variedad de flores y follaje vibrantes que han sido meticulosamente dispuestos para formar un dise\u00f1o armonioso y visualmente cautivador. La salida resultante de este producto demuestra ser ideal para una amplia gama de aplicaciones, desde antecedentes del sitio web hasta dise\u00f1os de tarjetas de felicitaci\u00f3n y materiales impresos. Gracias a sus im\u00e1genes de calidad impecables y su meticulosa atenci\u00f3n al detalle, el tema floral surge como una opci\u00f3n excepcional para las personas que buscan imbuir sus esfuerzos creativos con un toque de esplendor natural.<\/p>\n<ul>\n<li>Dise\u00f1os florales vibrantes y llamativos para una variedad de productos<\/li>\n<li>Impresiones de alta calidad que capturan la belleza y los detalles de cada flor<\/li>\n<li>Ideal para agregar un toque de naturaleza y elegancia a cualquier espacio<\/li>\n<li>Adecuado para su uso en una variedad de productos, desde ropa hasta decoraci\u00f3n del hogar<\/li>\n<li>Disponible en una variedad de diferentes dise\u00f1os florales, cada uno con su propio encanto \u00fanico<\/li>\n<li>Perfecto para crear un ambiente fresco y animado en cualquier habitaci\u00f3n.<\/li>\n<li>Hecho con materiales premium para garantizar la durabilidad y la longevidad<\/li>\n<li>F\u00e1cil de instalar o aplicar, con instrucciones claras proporcionadas<\/li>\n<li>Dise\u00f1ado para complementar una amplia variedad de esquemas y estilos de color<\/li>\n<li>Una gran idea de regalo para cualquiera que ama las flores y la naturaleza.<\/li>\n<\/ul>\n","protected":false},"excerpt":{"rendered":"<p>Nos complace presentar nuestro producto excepcional con un tema floral cautivador, hecho a medida para las personas que poseen un cari\u00f1o innato por incorporar un toque del mundo natural en sus rutinas diarias. Con una variedad de impresionantes dise\u00f1os florales de primera categor\u00eda meticulosamente elaborados, nuestra l\u00ednea de productos est\u00e1 espec\u00edficamente curada para aquellos que albergan un deseo de infundir sus espacios de vida o entornos de trabajo con un aura de belleza fascinante y sofisticaci\u00f3n refinada. Si el objetivo de uno es embellecer sus paredes, imbuir sus escritorios con un estilo elegante, o simplemente disfrutar de una deliciosa sesi\u00f3n de autocomprobaci\u00f3n, nuestros productos de tem\u00e1tica floral meticulosamente elaborada est\u00e1n garantizadas para que se sientan creativamente estimulados y emocionalmente elevados. \u00bfPor qu\u00e9 retrasar m\u00e1s? No pierda tiempo y se embarque en un viaje de autodescubrimiento, mientras explora nuestra amplia gama de ofrendas con temas florales, \u00a1inyectando as\u00ed una pizca de la generosidad de la naturaleza en su existencia cotidiana!<\/p>\n","protected":false},"featured_media":166121,"comment_status":"open","ping_status":"open","template":"","meta":[],"product_brand":[2432],"product_cat":[1245,1237,1238],"product_tag":[1306],"class_list":{"0":"post-131594","1":"product","2":"type-product","3":"status-publish","4":"has-post-thumbnail","6":"product_brand-greta-themes","7":"product_cat-blog-revista","8":"product_cat-temas","9":"product_cat-wordpress-temas","10":"product_tag-greta-themes","11":"member-discount","12":"discount-restricted","14":"first","15":"instock","16":"sale","17":"downloadable","18":"virtual","19":"sold-individually","20":"purchasable","21":"product-type-simple"},"_links":{"self":[{"href":"https:\/\/gpl-love.com\/es\/wp-json\/wp\/v2\/product\/131594","targetHints":{"allow":["GET"]}}],"collection":[{"href":"https:\/\/gpl-love.com\/es\/wp-json\/wp\/v2\/product"}],"about":[{"href":"https:\/\/gpl-love.com\/es\/wp-json\/wp\/v2\/types\/product"}],"replies":[{"embeddable":true,"href":"https:\/\/gpl-love.com\/es\/wp-json\/wp\/v2\/comments?post=131594"}],"wp:featuredmedia":[{"embeddable":true,"href":"https:\/\/gpl-love.com\/es\/wp-json\/wp\/v2\/media\/166121"}],"wp:attachment":[{"href":"https:\/\/gpl-love.com\/es\/wp-json\/wp\/v2\/media?parent=131594"}],"wp:term":[{"taxonomy":"product_brand","embeddable":true,"href":"https:\/\/gpl-love.com\/es\/wp-json\/wp\/v2\/product_brand?post=131594"},{"taxonomy":"product_cat","embeddable":true,"href":"https:\/\/gpl-love.com\/es\/wp-json\/wp\/v2\/product_cat?post=131594"},{"taxonomy":"product_tag","embeddable":true,"href":"https:\/\/gpl-love.com\/es\/wp-json\/wp\/v2\/product_tag?post=131594"}],"curies":[{"name":"wp","href":"https:\/\/api.w.org\/{rel}","templated":true}]}}