{"id":131592,"date":"2022-10-10T00:00:00","date_gmt":"2022-10-10T05:00:00","guid":{"rendered":"https:\/\/gpl-love.com\/es\/producto\/memory-theme\/"},"modified":"2026-03-13T17:24:29","modified_gmt":"2026-03-13T22:24:29","slug":"memory-theme","status":"publish","type":"product","link":"https:\/\/gpl-love.com\/es\/producto\/memory-theme\/","title":{"rendered":"Memory Theme 2.1.4"},"content":{"rendered":"<h3>Memory Theme Caracteristicas<\/h3>\n<p>El tema de la memoria, una herramienta incre\u00edblemente potente y adaptable, posee la capacidad de aumentar significativamente la memoria y amplificar sus capacidades de aprendizaje. Al utilizar una gran cantidad de t\u00e9cnicas y ejercicios, este innovador producto fortalece efectivamente la capacidad del cerebro para recordar y preservar la informaci\u00f3n. Con su interfaz intuitiva y opciones personalizables, el tema de la memoria demuestra ser adecuado para personas de cualquier edad o antecedentes. Ya sea que sea un estudiante diligente que se esfuerza por mejorar su rendimiento acad\u00e9mico o un profesional experimentado que anhela refinar sus habilidades cognitivas, el tema de la memoria est\u00e1 listo para ayudarlo a lograr sus aspiraciones. Entonces, \u00bfpor qu\u00e9 postergar? \u00a1Aproveche la oportunidad de invertir en el tema de la memoria hoy y comenzar el desbloqueo del potencial ilimitado de su cerebro!<\/p>\n<ul>\n<li>Un juego muy atractivo que desaf\u00eda tu memoria y aumenta tus habilidades cognitivas<\/li>\n<li>Repleto de m\u00faltiples niveles y configuraciones de dificultad para mantenerte entretenido durante horas<\/li>\n<li>Cuenta con una variedad de temas y gr\u00e1ficos interesantes para agregar algo de diversi\u00f3n y personalidad a su experiencia.<\/li>\n<li>Un juego de dise\u00f1o cient\u00edfica que ayuda a promover la retenci\u00f3n de memoria mejorada, el retiro y el estado de alerta mental general<\/li>\n<li>Un juego divertido y educativo que sea perfecto para todas las edades, gracias a su simple mec\u00e1nica y controles intuitivos<\/li>\n<li>Construye los m\u00fasculos del cerebro y lo ayuda a mantenerse agudo a medida que envejece o se recupere de una lesi\u00f3n o enfermedad.<\/li>\n<li>Una herramienta perfecta para maestros o padres que buscan ayudar a sus hijos a mejorar sus habilidades de aprendizaje y pensamiento mientras tambi\u00e9n se divierten<\/li>\n<li>Proporciona una excelente manera de desconectarse y relajarse mientras mantiene su cerebro activo y saludable<\/li>\n<li>Compatible con todos los dispositivos y plataformas modernas, incluidos tel\u00e9fonos inteligentes, tabletas, PC y consolas de juegos<\/li>\n<\/ul>\n","protected":false},"excerpt":{"rendered":"<p>El tema de la memoria, una herramienta incre\u00edblemente potente dise\u00f1ada meticulosamente para el prop\u00f3sito expl\u00edcito de mejorar y aumentar sus capacidades de memoria y facultades, posee una capacidad incomparable para aumentar su destreza cognitiva y aumentar su capacidad para recordar informaci\u00f3n crucial sin esfuerzo como nombres, fechas y otros datos vitales. Este programa innovador e innovador se enorgullece de su enfoque \u00fanico para la capacitaci\u00f3n en memoria, empleando una variedad diversa de ejercicios cautivadores que desaf\u00edan sin esfuerzo los l\u00edmites de su memoria, facilitando as\u00ed el desarrollo y el cultivo de t\u00e9cnicas y estrategias novedosas para retener y absorber cantidades copiosas de informaci\u00f3n. Independientemente de si usted es un estudiante que busca sobresalir acad\u00e9micamente, un profesional con el objetivo de mejorar su productividad en el lugar de trabajo, o simplemente un individuo anhelo para mejorar sus funciones de memoria, el tema de la memoria ofrece una soluci\u00f3n ideal y a medida que se elabora meticulosamente para atender sus necesidades y aspiraciones espec\u00edficas. Comience su viaje hacia el desbloqueo de su potencial verdadero y sin explotar embarcando en la ardua pero gratificante tarea de entrenar su memoria con el tema de memoria excepcional e incomparable.<\/p>\n","protected":false},"featured_media":166765,"comment_status":"open","ping_status":"open","template":"","meta":[],"product_brand":[2432],"product_cat":[1245,1237,1238],"product_tag":[1306],"class_list":{"0":"post-131592","1":"product","2":"type-product","3":"status-publish","4":"has-post-thumbnail","6":"product_brand-greta-themes","7":"product_cat-blog-revista","8":"product_cat-temas","9":"product_cat-wordpress-temas","10":"product_tag-greta-themes","11":"member-discount","12":"discount-restricted","14":"first","15":"instock","16":"sale","17":"downloadable","18":"virtual","19":"sold-individually","20":"purchasable","21":"product-type-simple"},"_links":{"self":[{"href":"https:\/\/gpl-love.com\/es\/wp-json\/wp\/v2\/product\/131592","targetHints":{"allow":["GET"]}}],"collection":[{"href":"https:\/\/gpl-love.com\/es\/wp-json\/wp\/v2\/product"}],"about":[{"href":"https:\/\/gpl-love.com\/es\/wp-json\/wp\/v2\/types\/product"}],"replies":[{"embeddable":true,"href":"https:\/\/gpl-love.com\/es\/wp-json\/wp\/v2\/comments?post=131592"}],"wp:featuredmedia":[{"embeddable":true,"href":"https:\/\/gpl-love.com\/es\/wp-json\/wp\/v2\/media\/166765"}],"wp:attachment":[{"href":"https:\/\/gpl-love.com\/es\/wp-json\/wp\/v2\/media?parent=131592"}],"wp:term":[{"taxonomy":"product_brand","embeddable":true,"href":"https:\/\/gpl-love.com\/es\/wp-json\/wp\/v2\/product_brand?post=131592"},{"taxonomy":"product_cat","embeddable":true,"href":"https:\/\/gpl-love.com\/es\/wp-json\/wp\/v2\/product_cat?post=131592"},{"taxonomy":"product_tag","embeddable":true,"href":"https:\/\/gpl-love.com\/es\/wp-json\/wp\/v2\/product_tag?post=131592"}],"curies":[{"name":"wp","href":"https:\/\/api.w.org\/{rel}","templated":true}]}}