{"id":131590,"date":"2024-02-27T00:00:00","date_gmt":"2024-02-27T05:00:00","guid":{"rendered":"https:\/\/gpl-love.com\/es\/producto\/yosemite-theme\/"},"modified":"2026-03-13T17:35:19","modified_gmt":"2026-03-13T22:35:19","slug":"yosemite-theme","status":"publish","type":"product","link":"https:\/\/gpl-love.com\/es\/producto\/yosemite-theme\/","title":{"rendered":"Yosemite Theme 1.5.6"},"content":{"rendered":"<h3>Yosemite Theme Caracteristicas<\/h3>\n<p>El tema de Yosemite, un tema exquisitamente cautivador y extremadamente operativo, ha sido meticulosamente dise\u00f1ado para atender una variedad de dispositivos electr\u00f3nicos. Inspir\u00e1ndose en la grandeza impresionante de uno de los parques nacionales m\u00e1s resplandecientes del planeta, este tema exuda una est\u00e9tica perfecta y de vanguardia. Caracterizado por sus sofisticados elementos de dise\u00f1o y una variedad de esquemas de color suaves y armoniosos, el tema de Yosemite facilita una experiencia de usuario tranquila y placentera. Adem\u00e1s, este tema vers\u00e1til se integra perfectamente con una multitud de sistemas operativos y puede personalizarse sin esfuerzo, lo que hace que sea una opci\u00f3n impecable para las personas que desean imbuir sus dispositivos con un sentido de individualidad incomparable. Independientemente de si uno est\u00e1 empleando este tema en su tel\u00e9fono inteligente, tableta o computadora, el impacto profundo y transformador del tema de Yosemite en el \u00e1mbito digital de un individuo seguramente ser\u00e1 inequ\u00edvoco.<\/p>\n<ul>\n<li>Un tema visualmente impresionante inspirado en la belleza natural del Parque Nacional Yosemite<\/li>\n<li>Elementos de dise\u00f1o de alta calidad que elevan el aspecto de su dispositivo<\/li>\n<li>Iconos y widgets personalizados que se integran perfectamente en el tema<\/li>\n<li>Una variedad de fondos y opciones de papel tapiz que reflejan los diversos paisajes y estaciones del parque<\/li>\n<li>F\u00e1cil instalaci\u00f3n y compatibilidad con una variedad de dispositivos y sistemas operativos<\/li>\n<li>Una experiencia \u00fanica y personalizada que distingue a su dispositivo de los temas est\u00e1ndar.<\/li>\n<li>Soporte y actualizaciones continuas para garantizar una compatibilidad y funcionalidad continuas<\/li>\n<li>Una oportunidad para mostrar su aprecio por una de las maravillas naturales m\u00e1s emblem\u00e1ticas de Estados Unidos a trav\u00e9s de la apariencia de su dispositivo<\/li>\n<\/ul>\n","protected":false},"excerpt":{"rendered":"<p>El tema de Yosemite, un notable activo digital, posee la capacidad de inculcar un sentido de refinamiento y sofisticaci\u00f3n a la interfaz de su dispositivo. Meticulosamente elaborado con la m\u00e1xima precisi\u00f3n y atenci\u00f3n aguda a los detalles minuciosos, este tema muestra gr\u00e1ficos visualmente fascinantes que se inspiran en el impresionante paisaje de Yosemite, junto con iconos elegantes que otorgan su dispositivo con una esencia completamente novedosa. Ya sea para fines personales o profesionales, el tema de Yosemite surge como una necesidad indispensable para las personas que anhelan elevar sus encuentros digitales. \u00a1Emb\u00e1rcate en este viaje transformador hoy y perm\u00edtete sucumbir al encantamiento de su impresionante dise\u00f1o y su funcionalidad sin esfuerzo!<\/p>\n","protected":false},"featured_media":168695,"comment_status":"open","ping_status":"open","template":"","meta":[],"product_brand":[2432],"product_cat":[1245,1237,1238],"product_tag":[1306],"class_list":{"0":"post-131590","1":"product","2":"type-product","3":"status-publish","4":"has-post-thumbnail","6":"product_brand-greta-themes","7":"product_cat-blog-revista","8":"product_cat-temas","9":"product_cat-wordpress-temas","10":"product_tag-greta-themes","11":"member-discount","12":"discount-restricted","14":"first","15":"instock","16":"sale","17":"downloadable","18":"virtual","19":"sold-individually","20":"purchasable","21":"product-type-simple"},"_links":{"self":[{"href":"https:\/\/gpl-love.com\/es\/wp-json\/wp\/v2\/product\/131590","targetHints":{"allow":["GET"]}}],"collection":[{"href":"https:\/\/gpl-love.com\/es\/wp-json\/wp\/v2\/product"}],"about":[{"href":"https:\/\/gpl-love.com\/es\/wp-json\/wp\/v2\/types\/product"}],"replies":[{"embeddable":true,"href":"https:\/\/gpl-love.com\/es\/wp-json\/wp\/v2\/comments?post=131590"}],"wp:featuredmedia":[{"embeddable":true,"href":"https:\/\/gpl-love.com\/es\/wp-json\/wp\/v2\/media\/168695"}],"wp:attachment":[{"href":"https:\/\/gpl-love.com\/es\/wp-json\/wp\/v2\/media?parent=131590"}],"wp:term":[{"taxonomy":"product_brand","embeddable":true,"href":"https:\/\/gpl-love.com\/es\/wp-json\/wp\/v2\/product_brand?post=131590"},{"taxonomy":"product_cat","embeddable":true,"href":"https:\/\/gpl-love.com\/es\/wp-json\/wp\/v2\/product_cat?post=131590"},{"taxonomy":"product_tag","embeddable":true,"href":"https:\/\/gpl-love.com\/es\/wp-json\/wp\/v2\/product_tag?post=131590"}],"curies":[{"name":"wp","href":"https:\/\/api.w.org\/{rel}","templated":true}]}}