{"id":131584,"date":"2022-10-10T00:00:00","date_gmt":"2022-10-10T05:00:00","guid":{"rendered":"https:\/\/gpl-love.com\/es\/producto\/wpzoom-presence\/"},"modified":"2026-03-13T17:33:33","modified_gmt":"2026-03-13T22:33:33","slug":"wpzoom-presence","status":"publish","type":"product","link":"https:\/\/gpl-love.com\/es\/producto\/wpzoom-presence\/","title":{"rendered":"WPZoom Presence 2.0.8"},"content":{"rendered":"<h3>WPZoom Presence Caracteristicas<\/h3>\n<p>WPZoom Presence es un tema excepcional de WordPress que ha sido meticulosamente elaborado para proporcionar a su sitio web una apariencia sofisticada y contempor\u00e1nea. Este notable tema atiende perfectamente a las empresas, blogueros y personas que buscan establecer una presencia en l\u00ednea dominante. Con un dise\u00f1o totalmente receptivo, la presencia de wpzoom se adapta sin esfuerzo a todos los tama\u00f1os de pantalla, asegurando una experiencia visualmente impresionante en computadoras de escritorio, tabletas y tel\u00e9fonos inteligentes por igual. Su gran versatilidad es realmente notable, ya que ofrece una amplia gama de opciones de personalizaci\u00f3n que le permite ajustar cada aspecto de su sitio web, desde el esquema de color cautivador hasta el dise\u00f1o meticulosamente curado. Adem\u00e1s, la presencia de WPZoom presenta una variedad de caracter\u00edsticas incorporadas, incluida una plantilla de p\u00e1gina de inicio a medida, plantillas de m\u00faltiples p\u00e1ginas e integraci\u00f3n perfecta con complementos de renombre como WooCommerce y el Formulario de contacto 7. Si aspira a Embark en un nuevo sitio web Venture o Simplemente aspire a renovar su plataforma en l\u00ednea existente, la presencia de WPZOOM se mantiene inequ\u00edvocamente como una elecci\u00f3n ejemplar.<\/p>\n<ul>\n<li>Plantilla de dise\u00f1o elegante y moderna para sitios web de WordPress<\/li>\n<li>Dise\u00f1o receptivo y amigable para dispositivos m\u00f3viles<\/li>\n<li>Compatible con todos los principales navegadores<\/li>\n<li>P\u00e1gina de inicio personalizable con m\u00faltiples widgets de contenido<\/li>\n<li>Control deslizante incorporado para exhibir contenido destacado<\/li>\n<li>Admite diferentes formatos de publicaci\u00f3n como video, audio, galer\u00eda y m\u00e1s<\/li>\n<li>Panel de opciones de temas avanzados para una f\u00e1cil personalizaci\u00f3n<\/li>\n<li>Iconos de redes sociales integrados para compartir f\u00e1cilmente<\/li>\n<li>Lista de traducci\u00f3n para sitios web multiling\u00fces<\/li>\n<li>Soporte dedicado y actualizaciones regulares del equipo de WPZoom.<\/li>\n<\/ul>\n","protected":false},"excerpt":{"rendered":"<p>La presencia de WPZoom es un tema de WordPress excepcionalmente robusto e influyente que ha sido meticulosamente elaborado con el principal prop\u00f3sito de permitir que las empresas establezcan una presencia en l\u00ednea impresionante y cautivadora. Con su capacidad incomparable para atender las preferencias y requisitos individuales a trav\u00e9s de su dise\u00f1o personalizable y una variedad de caracter\u00edsticas integradas, Wpzoom Presence permite a los usuarios exhibir y resaltar sin esfuerzo su marca, productos y servicios de la manera m\u00e1s \u00f3ptima y ventajosa concebible. Adem\u00e1s, este notable tema tambi\u00e9n cuenta con una capacidad de respuesta completa, asegurando que el sitio web en cuesti\u00f3n exude la excelencia y la perfecci\u00f3n en todos los dispositivos concebibles. Independientemente de si usted es un emprendedor solista emprendedor o una corporaci\u00f3n colosal, la presencia de WPZoom se esfuerza por dar una mano en su b\u00fasqueda para atraer y atraer una afluencia aumentada de visitantes y, posteriormente, convertirlos con \u00e9xito en clientes leales y satisfechos.<\/p>\n","protected":false},"featured_media":168557,"comment_status":"open","ping_status":"open","template":"","meta":[],"product_brand":[2649],"product_cat":[1307,1237,1238],"product_tag":[2222],"class_list":{"0":"post-131584","1":"product","2":"type-product","3":"status-publish","4":"has-post-thumbnail","6":"product_brand-wp-zoom","7":"product_cat-negocio-wordpress-temas","8":"product_cat-temas","9":"product_cat-wordpress-temas","10":"product_tag-wp-zoom","11":"member-discount","12":"discount-restricted","14":"first","15":"instock","16":"sale","17":"downloadable","18":"virtual","19":"sold-individually","20":"purchasable","21":"product-type-simple"},"_links":{"self":[{"href":"https:\/\/gpl-love.com\/es\/wp-json\/wp\/v2\/product\/131584","targetHints":{"allow":["GET"]}}],"collection":[{"href":"https:\/\/gpl-love.com\/es\/wp-json\/wp\/v2\/product"}],"about":[{"href":"https:\/\/gpl-love.com\/es\/wp-json\/wp\/v2\/types\/product"}],"replies":[{"embeddable":true,"href":"https:\/\/gpl-love.com\/es\/wp-json\/wp\/v2\/comments?post=131584"}],"wp:featuredmedia":[{"embeddable":true,"href":"https:\/\/gpl-love.com\/es\/wp-json\/wp\/v2\/media\/168557"}],"wp:attachment":[{"href":"https:\/\/gpl-love.com\/es\/wp-json\/wp\/v2\/media?parent=131584"}],"wp:term":[{"taxonomy":"product_brand","embeddable":true,"href":"https:\/\/gpl-love.com\/es\/wp-json\/wp\/v2\/product_brand?post=131584"},{"taxonomy":"product_cat","embeddable":true,"href":"https:\/\/gpl-love.com\/es\/wp-json\/wp\/v2\/product_cat?post=131584"},{"taxonomy":"product_tag","embeddable":true,"href":"https:\/\/gpl-love.com\/es\/wp-json\/wp\/v2\/product_tag?post=131584"}],"curies":[{"name":"wp","href":"https:\/\/api.w.org\/{rel}","templated":true}]}}