{"id":131583,"date":"2024-02-14T00:00:00","date_gmt":"2024-02-14T05:00:00","guid":{"rendered":"https:\/\/gpl-love.com\/es\/producto\/easy-table-of-contents-para-amp\/"},"modified":"2026-03-09T07:29:54","modified_gmt":"2026-03-09T12:29:54","slug":"easy-table-of-contents-para-amp","status":"publish","type":"product","link":"https:\/\/gpl-love.com\/es\/producto\/easy-table-of-contents-para-amp\/","title":{"rendered":"Easy Table of Contents para AMP 1.0.8"},"content":{"rendered":"<h3>Easy Table of Contents para AMP Caracteristicas<\/h3>\n<p>La tabla f\u00e1cil de contenido para AMP es una herramienta incre\u00edblemente robusta que ofrece una soluci\u00f3n perfecta a la tarea a menudo compleja y ardua de desarrollar y manejar la tabla de contenido en sitios web acelerados de p\u00e1ginas m\u00f3viles (AMP). Este complemento altamente intuitivo permite a los propietarios de sitios web generar y adaptar sin esfuerzo una tabla de contenido que no solo eleva la experiencia general del usuario, sino que tambi\u00e9n mejora la navegaci\u00f3n del sitio web. A trav\u00e9s de su interfaz f\u00e1cil de usar, la tabla f\u00e1cil de contenido para los usuarios de AMP equipa a los usuarios con la capacidad de dise\u00f1ar una tabla de contenido din\u00e1mica y receptiva en pocos momentos, posteriormente racionalizaci\u00f3n del proceso para que los visitantes localicen r\u00e1pidamente y eficientemente el contenido espec\u00edfico que buscan. Independientemente de si uno es un blogger, vendedor o propietario de un negocio, la tabla f\u00e1cil de contenido para AMP representa sin lugar a dudas una herramienta indispensable que simplifica fundamentalmente todo el proceso de creaci\u00f3n y gesti\u00f3n de la tabla de contenido en los sitios web de AMP.<\/p>\n<ul>\n<li>Creaci\u00f3n r\u00e1pida de la tabla de contenido para las p\u00e1ginas de AMP<\/li>\n<li>Interfaz f\u00e1cil de usar para una f\u00e1cil navegaci\u00f3n<\/li>\n<li>Dise\u00f1o de Tabla de contenido totalmente personalizable<\/li>\n<li>Compatible con varios complementos y marcos de AMP<\/li>\n<li>Actualiza autom\u00e1ticamente la tabla de contenido cuando se realizan cambios en el contenido de la p\u00e1gina<\/li>\n<li>Ahorra tiempo y esfuerzo en la Tabla de Contenido manual de la creaci\u00f3n<\/li>\n<li>Aumenta la participaci\u00f3n del usuario al proporcionar navegaci\u00f3n organizada a trav\u00e9s del contenido<\/li>\n<li>Mejora el SEO del sitio web al incluir el marcado de datos estructurados<\/li>\n<li>Accesible para los usuarios con discapacidades a trav\u00e9s del soporte de navegaci\u00f3n de teclado incorporado.<\/li>\n<\/ul>\n","protected":false},"excerpt":{"rendered":"<p>La tabla f\u00e1cil de contenido para AMP es un complemento muy conveniente y f\u00e1cil de usar que tiene como objetivo optimizar y simplificar la tarea tediosa y que consumen mucho tiempo de generar una tabla integral de contenido para sus p\u00e1ginas m\u00f3viles aceleradas (AMP). Al emplear solo un solo pu\u00f1ado de clics sin esfuerzo, puede incorporar sin esfuerzo una tabla de contenido totalmente personalizable y adaptativa, aumentando y optimizando significativamente la navegaci\u00f3n y la experiencia general del usuario en sus p\u00e1ginas de amplificador. Este notable complemento demuestra ser un activo invaluable para bloggers, creadores de contenido y cualquier persona que se esfuerce por elevar y embellecer la presentaci\u00f3n de su contenido orientado a los dispositivos m\u00f3viles.<\/p>\n","protected":false},"featured_media":165898,"comment_status":"open","ping_status":"open","template":"","meta":[],"product_brand":[2351],"product_cat":[1206,1579,1211],"product_tag":[2229],"class_list":{"0":"post-131583","1":"product","2":"type-product","3":"status-publish","4":"has-post-thumbnail","6":"product_brand-amp-wp","7":"product_cat-plugins","8":"product_cat-rendimiento","9":"product_cat-wordpress-plugins","10":"product_tag-amp-wp","11":"member-discount","12":"discount-restricted","14":"first","15":"instock","16":"sale","17":"downloadable","18":"virtual","19":"sold-individually","20":"purchasable","21":"product-type-simple"},"_links":{"self":[{"href":"https:\/\/gpl-love.com\/es\/wp-json\/wp\/v2\/product\/131583","targetHints":{"allow":["GET"]}}],"collection":[{"href":"https:\/\/gpl-love.com\/es\/wp-json\/wp\/v2\/product"}],"about":[{"href":"https:\/\/gpl-love.com\/es\/wp-json\/wp\/v2\/types\/product"}],"replies":[{"embeddable":true,"href":"https:\/\/gpl-love.com\/es\/wp-json\/wp\/v2\/comments?post=131583"}],"wp:featuredmedia":[{"embeddable":true,"href":"https:\/\/gpl-love.com\/es\/wp-json\/wp\/v2\/media\/165898"}],"wp:attachment":[{"href":"https:\/\/gpl-love.com\/es\/wp-json\/wp\/v2\/media?parent=131583"}],"wp:term":[{"taxonomy":"product_brand","embeddable":true,"href":"https:\/\/gpl-love.com\/es\/wp-json\/wp\/v2\/product_brand?post=131583"},{"taxonomy":"product_cat","embeddable":true,"href":"https:\/\/gpl-love.com\/es\/wp-json\/wp\/v2\/product_cat?post=131583"},{"taxonomy":"product_tag","embeddable":true,"href":"https:\/\/gpl-love.com\/es\/wp-json\/wp\/v2\/product_tag?post=131583"}],"curies":[{"name":"wp","href":"https:\/\/api.w.org\/{rel}","templated":true}]}}