{"id":131545,"date":"2025-04-29T00:00:00","date_gmt":"2025-04-29T05:00:00","guid":{"rendered":"https:\/\/gpl-love.com\/es\/producto\/woocommerce-product-configurator\/"},"modified":"2026-04-10T11:33:17","modified_gmt":"2026-04-10T16:33:17","slug":"woocommerce-product-configurator","status":"publish","type":"product","link":"https:\/\/gpl-love.com\/es\/producto\/woocommerce-product-configurator\/","title":{"rendered":"WooCommerce Product Configurator 1.27.1"},"content":{"rendered":"<h3>WooCommerce Product Configurator Caracteristicas<\/h3>\n<p>El configurador de productos de WooCommerce es una herramienta excepcionalmente robusta que los minoristas en l\u00ednea pueden utilizar para aumentar y elevar la experiencia general de sus clientes. Este complemento extraordinario ofrece a los clientes la oportunidad de personalizar y personalizar completamente sus productos deseados al aprovecharles una deliciosa variedad de opciones y caracter\u00edsticas, que abarca una amplia selecci\u00f3n de colores cautivadores, diversos tama\u00f1os, texto cautivador e incluso im\u00e1genes atractivas. Al adoptar el configurador de productos de WooCommerce, los clientes est\u00e1n facultados para elaborar meticulosamente sus productos previstos, lo que hace que esta herramienta innovadora sea un verdadero catalizador para que los comerciantes mejoren a su clientela con una expedici\u00f3n de compras notablemente inmersiva e interactiva. Adem\u00e1s, la integraci\u00f3n perfecta y la configuraci\u00f3n sin esfuerzo de este complemento con WooCommerce refuerza a\u00fan m\u00e1s su conveniencia. Al endurgar a los clientes con un nivel elevado de control sobre sus compras, los comerciantes est\u00e1n inminentemente preparados para presenciar un aumento en las tasas de conversi\u00f3n, una reducci\u00f3n notable en los rendimientos de los productos y una amplificaci\u00f3n apreciable en la lealtad del cliente. Es sin duda que el configurador de productos de WooCommerce representa una opci\u00f3n inequ\u00edvocamente estelar para cualquier tienda en l\u00ednea que aspire a mejorar significativamente la oferta de su producto y priorizar diligentemente la satisfacci\u00f3n absoluta de sus clientes.<\/p>\n<ul>\n<li>Crear configuraciones de productos personalizadas en WooCommerce<\/li>\n<li>Ofrecer opciones personalizadas para que los clientes elijan<\/li>\n<li>Administrar f\u00e1cilmente los precios personalizados en funci\u00f3n de las opciones seleccionadas<\/li>\n<li>Agregar l\u00f3gica condicional a las opciones para crear precios din\u00e1micos y opciones de productos<\/li>\n<li>Cree campos personalizables para peso, dimensiones y otras especificaciones de productos<\/li>\n<li>Permitir a los clientes obtener una vista previa de su producto personalizado antes de comprar<\/li>\n<li>Integre a la perfecci\u00f3n con su tienda WooCommerce existente<\/li>\n<li>Simplifique el proceso de personalizaci\u00f3n del producto tanto para clientes como para propietarios de tiendas<\/li>\n<li>Mejorar la satisfacci\u00f3n del cliente y reducir los rendimientos ofreciendo productos personalizados<\/li>\n<li>Aumentar las ventas ofreciendo productos \u00fanicos y personalizados a los clientes<\/li>\n<\/ul>\n","protected":false},"excerpt":{"rendered":"<p>El configurador de productos WooCommerce, una herramienta inmensamente poderosa a su disposici\u00f3n, le permite configuraciones de productos personalizadas y personalizadas sin esfuerzo para su tienda WooCommerce. En una mir\u00edada de posibilidades, este complemento excepcional le permite establecer una amplia gama de opciones, que abarca una variedad de tama\u00f1os, colores, materiales y mucho m\u00e1s. Sus estimados clientes, a su vez, tienen el privilegio de examinar las opciones que se les presentan a trav\u00e9s del configurador y seleccionan juiciosamente aquellos que atienden de manera \u00f3ptima a sus requisitos espec\u00edficos. En particular, el sistema calcula ingeniosamente el precio final con la m\u00e1xima precisi\u00f3n, aliviando as\u00ed cualquier preocupaci\u00f3n con respecto a las complejidades de los precios. Adem\u00e1s, este complemento, notable por su interfaz f\u00e1cil de usar, puede adaptarse a sus especificaciones exactas, asegurando que las configuraciones de su producto se adapten impecablemente a sus necesidades \u00fanicas. Abrace al configurador de productos de WooCommerce y sea testigo de la transformaci\u00f3n de las escapadas de compras de sus clientes en un viaje incomparable e incomparable de personalizaci\u00f3n y una mayor satisfacci\u00f3n, que finalmente culmin\u00f3 en un aumento tanto en las ventas como en la satisfacci\u00f3n del cliente.<\/p>\n","protected":false},"featured_media":168220,"comment_status":"open","ping_status":"open","template":"","meta":[],"product_brand":[2476],"product_cat":[1207,1248,1206],"product_tag":[1603],"class_list":{"0":"post-131545","1":"product","2":"type-product","3":"status-publish","4":"has-post-thumbnail","6":"product_brand-iconic","7":"product_cat-comercio-electronico-plugins","8":"product_cat-personalizacion-comercio-electronico-plugins","9":"product_cat-plugins","10":"product_tag-iconic","11":"member-discount","12":"discount-restricted","14":"first","15":"instock","16":"sale","17":"downloadable","18":"virtual","19":"sold-individually","20":"purchasable","21":"product-type-simple"},"_links":{"self":[{"href":"https:\/\/gpl-love.com\/es\/wp-json\/wp\/v2\/product\/131545","targetHints":{"allow":["GET"]}}],"collection":[{"href":"https:\/\/gpl-love.com\/es\/wp-json\/wp\/v2\/product"}],"about":[{"href":"https:\/\/gpl-love.com\/es\/wp-json\/wp\/v2\/types\/product"}],"replies":[{"embeddable":true,"href":"https:\/\/gpl-love.com\/es\/wp-json\/wp\/v2\/comments?post=131545"}],"wp:featuredmedia":[{"embeddable":true,"href":"https:\/\/gpl-love.com\/es\/wp-json\/wp\/v2\/media\/168220"}],"wp:attachment":[{"href":"https:\/\/gpl-love.com\/es\/wp-json\/wp\/v2\/media?parent=131545"}],"wp:term":[{"taxonomy":"product_brand","embeddable":true,"href":"https:\/\/gpl-love.com\/es\/wp-json\/wp\/v2\/product_brand?post=131545"},{"taxonomy":"product_cat","embeddable":true,"href":"https:\/\/gpl-love.com\/es\/wp-json\/wp\/v2\/product_cat?post=131545"},{"taxonomy":"product_tag","embeddable":true,"href":"https:\/\/gpl-love.com\/es\/wp-json\/wp\/v2\/product_tag?post=131545"}],"curies":[{"name":"wp","href":"https:\/\/api.w.org\/{rel}","templated":true}]}}