{"id":131543,"date":"2025-04-29T00:00:00","date_gmt":"2025-04-29T05:00:00","guid":{"rendered":"https:\/\/gpl-love.com\/es\/producto\/woocommerce-linked-variations\/"},"modified":"2026-04-10T11:32:28","modified_gmt":"2026-04-10T16:32:28","slug":"woocommerce-linked-variations","status":"publish","type":"product","link":"https:\/\/gpl-love.com\/es\/producto\/woocommerce-linked-variations\/","title":{"rendered":"WooCommerce Linked Variations 1.11.1"},"content":{"rendered":"<h3>WooCommerce Linked Variations Caracteristicas<\/h3>\n<p>WooCommerce vincul\u00f3 las variaciones, una extensi\u00f3n que refuerza la funcionalidad de WooCommerce, sirve como una herramienta potente para facilitar el v\u00ednculo de las variaciones del producto, simplificando as\u00ed el proceso para que los clientes descubran y compren los art\u00edculos deseados. Con la implementaci\u00f3n de esta extensi\u00f3n, la creaci\u00f3n y administraci\u00f3n de grupos de productos vinculados se consolidan convenientemente dentro de una sola interfaz, en la que los precios, las cantidades y los atributos de dichos grupos pueden gestionarse de manera eficiente. En consecuencia, esta herramienta rica en caracter\u00edsticas proporciona la capacidad de ofrecer diversas opciones para productos, que abarcan tama\u00f1os, colores o materiales diferentes, todo, todo al tiempo que garantiza que el inventario permanezca meticulosamente organizado y actualizado consistentemente. Adem\u00e1s, la fluidez en el cambio entre variaciones, generar nuevas o eliminar las obsoletas, as\u00ed como el monitoreo constante de las ventas y los niveles de stock, contribuye a la eficacia general de esta herramienta indispensable, que atiende a los requisitos de ambas tiendas en l\u00ednea modestas y plataformas de comercio electr\u00f3nico expansivas, estimulando la gesti\u00f3n eficiente de productos y, en \u00faltima instancia, reforzando las cifras de ventas.<\/p>\n<ul>\n<li>Permite el enlace de las variaciones del producto en WooCommerce<\/li>\n<li>Simplifica la gesti\u00f3n del producto al permitir una f\u00e1cil selecci\u00f3n de variaciones<\/li>\n<li>Mejora la experiencia del cliente presentando opciones en un formato claro y f\u00e1cil de usar<\/li>\n<li>Se puede personalizar para adaptarse a la apariencia de su tienda en l\u00ednea<\/li>\n<li>Ahorra tiempo al racionalizar el proceso de creaci\u00f3n de productos<\/li>\n<li>Aumenta las ventas facilitando a los clientes encontrar y seleccionar los productos que desean<\/li>\n<li>Compatible con una variedad de temas y complementos de WooCommerce<\/li>\n<li>Permite la edici\u00f3n masiva de variaciones para una gesti\u00f3n de productos a\u00fan m\u00e1s r\u00e1pida<\/li>\n<li>Proporciona documentaci\u00f3n detallada y soporte de usuarios para una f\u00e1cil implementaci\u00f3n y resoluci\u00f3n de problemas.<\/li>\n<\/ul>\n","protected":false},"excerpt":{"rendered":"<p>El complemento de variaciones vinculadas a WooCommerce es una herramienta incre\u00edblemente robusta y eficiente que le permite establecer sin problemas las conexiones entre los productos que poseen atributos relacionados. Est\u00e1 espec\u00edficamente dise\u00f1ado para atender a una amplia gama de industrias, independientemente de si se dedica a la venta de art\u00edculos de ropa con diferentes tama\u00f1os y colores o dispositivos electr\u00f3nicos que con capacidades y especificaciones de almacenamiento distintas. Este notable complemento simplifica todo el proceso de creaci\u00f3n y administraci\u00f3n de variaciones vinculadas, lo que le hace una soluci\u00f3n muy conveniente para los propietarios de tiendas en l\u00ednea. Al implementar solo unos pocos clics sencillos, puede establecer sin esfuerzo oportunidades de venta cruzada y de venta adicional, optimizando as\u00ed su potencial de ventas. Adem\u00e1s, este complemento capacita a sus clientes al otorgarles una facilidad incomparable para localizar sus variaciones de productos deseadas. Adem\u00e1s, incluso optimiza su inventario y gesti\u00f3n de pedidos, ahorr\u00e1ndole efectivamente un tiempo y recursos preciosos. Adem\u00e1s, es importante tener en cuenta que el complemento de variaciones vinculadas a WooCommerce es compatible con la mayor\u00eda de los temas y extensiones de WooCommerce, cementando a\u00fan m\u00e1s su estado como una herramienta indispensable para cualquier propietario de la tienda en l\u00ednea que busque mejorar la experiencia de compra de sus clientes y mejorar significativamente sus ventas cifras.<\/p>\n","protected":false},"featured_media":168150,"comment_status":"open","ping_status":"open","template":"","meta":[],"product_brand":[2476],"product_cat":[1207,1248,1206],"product_tag":[1603],"class_list":{"0":"post-131543","1":"product","2":"type-product","3":"status-publish","4":"has-post-thumbnail","6":"product_brand-iconic","7":"product_cat-comercio-electronico-plugins","8":"product_cat-personalizacion-comercio-electronico-plugins","9":"product_cat-plugins","10":"product_tag-iconic","11":"member-discount","12":"discount-restricted","14":"first","15":"instock","16":"sale","17":"downloadable","18":"virtual","19":"sold-individually","20":"purchasable","21":"product-type-simple"},"_links":{"self":[{"href":"https:\/\/gpl-love.com\/es\/wp-json\/wp\/v2\/product\/131543","targetHints":{"allow":["GET"]}}],"collection":[{"href":"https:\/\/gpl-love.com\/es\/wp-json\/wp\/v2\/product"}],"about":[{"href":"https:\/\/gpl-love.com\/es\/wp-json\/wp\/v2\/types\/product"}],"replies":[{"embeddable":true,"href":"https:\/\/gpl-love.com\/es\/wp-json\/wp\/v2\/comments?post=131543"}],"wp:featuredmedia":[{"embeddable":true,"href":"https:\/\/gpl-love.com\/es\/wp-json\/wp\/v2\/media\/168150"}],"wp:attachment":[{"href":"https:\/\/gpl-love.com\/es\/wp-json\/wp\/v2\/media?parent=131543"}],"wp:term":[{"taxonomy":"product_brand","embeddable":true,"href":"https:\/\/gpl-love.com\/es\/wp-json\/wp\/v2\/product_brand?post=131543"},{"taxonomy":"product_cat","embeddable":true,"href":"https:\/\/gpl-love.com\/es\/wp-json\/wp\/v2\/product_cat?post=131543"},{"taxonomy":"product_tag","embeddable":true,"href":"https:\/\/gpl-love.com\/es\/wp-json\/wp\/v2\/product_tag?post=131543"}],"curies":[{"name":"wp","href":"https:\/\/api.w.org\/{rel}","templated":true}]}}