{"id":131540,"date":"2026-04-18T00:00:00","date_gmt":"2026-04-18T05:00:00","guid":{"rendered":"https:\/\/gpl-love.com\/es\/producto\/address-field-autocomplete-for-woocommerce\/"},"modified":"2026-04-18T17:15:09","modified_gmt":"2026-04-18T22:15:09","slug":"address-field-autocomplete-for-woocommerce","status":"publish","type":"product","link":"https:\/\/gpl-love.com\/es\/producto\/address-field-autocomplete-for-woocommerce\/","title":{"rendered":"Address Field Autocomplete For WooCommerce 1.3.1"},"content":{"rendered":"<h3>Address Field Autocomplete For WooCommerce Caracteristicas<\/h3>\n<p>El campo de direcci\u00f3n de la direcci\u00f3n para que WooCommerce sea un complemento incre\u00edblemente conveniente y pr\u00e1ctico que tiene como objetivo ayudar a los clientes a ingresar sin esfuerzo sus direcciones de env\u00edo a trav\u00e9s de la provisi\u00f3n de sugerencias en tiempo real a medida que escriben. Esta caracter\u00edstica altamente beneficiosa no solo ayuda a ahorrar un tiempo valioso, sino que tambi\u00e9n reduce dr\u00e1sticamente la aparici\u00f3n de errores que pueden surgir de la entrada manual. Para garantizar la m\u00e1xima precisi\u00f3n y confiabilidad, este complemento se basa en gran medida en la utilizaci\u00f3n de la excepcional API de Google Lueses. Cuando los clientes comienzan a escribir su direcci\u00f3n, surge un men\u00fa desplegable, presentando una gran cantidad de sugerencias de direcci\u00f3n que son incre\u00edblemente detalladas, que abarcan informaci\u00f3n esencial como el nombre de la calle, la ciudad, el estado y el c\u00f3digo postal. Es importante resaltar que el proceso de instalaci\u00f3n para este complemento es incre\u00edblemente directo, y su naturaleza f\u00e1cil de usar garantiza una experiencia general de usuario perfecta y mejorada espec\u00edficamente adaptada para satisfacer las necesidades y preferencias de su estimada tienda de WooCommerce.<\/p>\n<ul>\n<li>Reduce el tiempo y el esfuerzo que se necesita para que los clientes ingresen su direcci\u00f3n de env\u00edo mientras compran en su tienda WooCommerce<\/li>\n<li>Proporciona sugerencias inteligentes para direcciones de env\u00edo basadas en datos de ubicaci\u00f3n en tiempo real<\/li>\n<li>\u00bfSe pueden enfocar los detalles de las direcciones de la direcci\u00f3n como la ciudad, el estado y el c\u00f3digo postal basado en la direcci\u00f3n ingresada?<\/li>\n<li>Aumenta las conversiones y reduce las tasas de abandono del carrito al simplificar el proceso de pago<\/li>\n<li>Mejora la precisi\u00f3n de la informaci\u00f3n de la direcci\u00f3n y reduce el riesgo de errores de env\u00edo<\/li>\n<li>Compatible con una amplia gama de temas y complementos de WooCommerce<\/li>\n<li>F\u00e1cil de instalar y configurar sin requerir ning\u00fan conocimiento t\u00e9cnico o habilidad de codificaci\u00f3n<\/li>\n<li>Funciona sin problemas con una variedad de pasarelas de pago y opciones de env\u00edo<\/li>\n<li>Ofrece una experiencia de usuario altamente personalizable con soporte para CSS personalizado y JavaScript<\/li>\n<li>Proporciona documentaci\u00f3n detallada y apoyo experto para ayudarlo a ponerse en funcionamiento en poco tiempo<\/li>\n<\/ul>\n","protected":false},"excerpt":{"rendered":"<p>Presentar nuestro \u00abDirecci\u00f3n Autocompletar para WooCommerce\u00bb, un innovador complemento de campo de direcciones de WooCommerce destinado a mejorar significativamente la experiencia de compra en l\u00ednea. Este complemento ofrece una direcci\u00f3n en tiempo real en autocompletar, una caracter\u00edstica que no solo mejora la experiencia de compra, sino que tambi\u00e9n garantiza una entrada precisa de direcci\u00f3n.<\/p>\n<p>La direcci\u00f3n de autocompletar para el complemento WooCommerce es un complemento de proceso de pago que ahorra tiempo que elimina la necesidad de que los clientes completen manualmente los detalles de sus direcciones. Como resultado, ofrece una experiencia de usuario perfecta con autocompletar, lo que hace que el proceso de pago sea m\u00e1s r\u00e1pido y eficiente.<\/p>\n<p>Nuestro complemento de WooCommerce para la entrada de direcci\u00f3n precisa es reconocido a nivel mundial y compatible con m\u00e1s de 200 pa\u00edses. Esta direcci\u00f3n global de autocompletar para WooCommerce es una herramienta esencial de WooCommerce para las tiendas en l\u00ednea que buscan proporcionar una experiencia superior al cliente con WooCommerce Plugin.<\/p>\n<p>Por lo tanto, simplifique su proceso de pago y mejore su experiencia de compra con autocompletar. \u00a1Recuerde, una experiencia de usuario perfecta con AutoComplete est\u00e1 a solo un complemento de distancia!<\/p>\n","protected":false},"featured_media":165259,"comment_status":"open","ping_status":"open","template":"","meta":[],"product_brand":[2344],"product_cat":[1208,1207,1206],"product_tag":[1423],"class_list":{"0":"post-131540","1":"product","2":"type-product","3":"status-publish","4":"has-post-thumbnail","6":"product_brand-woocommerce","7":"product_cat-administracion","8":"product_cat-comercio-electronico-plugins","9":"product_cat-plugins","10":"product_tag-woocommerce","11":"member-discount","12":"discount-restricted","14":"first","15":"instock","16":"sale","17":"downloadable","18":"virtual","19":"sold-individually","20":"purchasable","21":"product-type-simple"},"_links":{"self":[{"href":"https:\/\/gpl-love.com\/es\/wp-json\/wp\/v2\/product\/131540","targetHints":{"allow":["GET"]}}],"collection":[{"href":"https:\/\/gpl-love.com\/es\/wp-json\/wp\/v2\/product"}],"about":[{"href":"https:\/\/gpl-love.com\/es\/wp-json\/wp\/v2\/types\/product"}],"replies":[{"embeddable":true,"href":"https:\/\/gpl-love.com\/es\/wp-json\/wp\/v2\/comments?post=131540"}],"wp:featuredmedia":[{"embeddable":true,"href":"https:\/\/gpl-love.com\/es\/wp-json\/wp\/v2\/media\/165259"}],"wp:attachment":[{"href":"https:\/\/gpl-love.com\/es\/wp-json\/wp\/v2\/media?parent=131540"}],"wp:term":[{"taxonomy":"product_brand","embeddable":true,"href":"https:\/\/gpl-love.com\/es\/wp-json\/wp\/v2\/product_brand?post=131540"},{"taxonomy":"product_cat","embeddable":true,"href":"https:\/\/gpl-love.com\/es\/wp-json\/wp\/v2\/product_cat?post=131540"},{"taxonomy":"product_tag","embeddable":true,"href":"https:\/\/gpl-love.com\/es\/wp-json\/wp\/v2\/product_tag?post=131540"}],"curies":[{"name":"wp","href":"https:\/\/api.w.org\/{rel}","templated":true}]}}