{"id":131538,"date":"2026-04-18T00:00:00","date_gmt":"2026-04-18T05:00:00","guid":{"rendered":"https:\/\/gpl-love.com\/es\/producto\/storewide-sale\/"},"modified":"2026-04-18T17:16:20","modified_gmt":"2026-04-18T22:16:20","slug":"storewide-sale","status":"publish","type":"product","link":"https:\/\/gpl-love.com\/es\/producto\/storewide-sale\/","title":{"rendered":"Storewide Sale 1.0.9"},"content":{"rendered":"<h3>Storewide Sale Caracteristicas<\/h3>\n<p>La venta en toda la tienda, una oferta incre\u00edblemente atractiva, presenta a los clientes una oportunidad incomparable para adquirir una variedad de productos diversos a precios significativamente reducidos. Con una extensa selecci\u00f3n de mercanc\u00edas, a los clientes se les otorga la capacidad ventajosa para capitalizar esta promoci\u00f3n extraordinaria, satisfaciendo as\u00ed sus requisitos de compras mientras economizan simult\u00e1neamente sus fondos. La venta en toda la tienda sirve como una v\u00eda excepcional a trav\u00e9s de la cual se puede adquirir art\u00edculos codiciados que pueden haber sido inalcanzables previamente debido a sus precios regulares exorbitantes. Ya sea que los deseos se encuentren en los reinos de la vestimenta de moda, la electr\u00f3nica de vanguardia o los adornos para el hogar de buen gusto, la venta en toda la tienda abarca un repertorio que lo abarca todo, asegurando que haya algo atendido a las preferencias de cada individuo. Por lo tanto, \u00bfpor qu\u00e9 retrasar m\u00e1s? \u00a1Prestas a la tienda y aprovecha la oportunidad para participar en la venta en toda la tienda!<\/p>\n<ul>\n<li>Enormes descuentos en toda la tienda<\/li>\n<li>Oferta de tiempo limitado<\/li>\n<li>Oportunidad de ahorrar en grande en una variedad de productos<\/li>\n<li>Ofertas exclusivas en art\u00edculos populares<\/li>\n<li>Oportunidad perfecta para abastecerse de elementos esenciales<\/li>\n<li>Descuentos en art\u00edculos que no suelen estar a la venta<\/li>\n<li>Gran oportunidad para probar nuevos productos a un precio m\u00e1s bajo<\/li>\n<li>Ahorros en art\u00edculos peque\u00f1os y grandes de boletos<\/li>\n<li>No te pierdas este raro evento de venta<\/li>\n<li>Momento perfecto para hacer compras navide\u00f1as temprano.<\/li>\n<\/ul>\n","protected":false},"excerpt":{"rendered":"<p>Aproveche nuestra venta en toda la tienda para experimentar ahorros significativos. Puede aprovechar descuentos incre\u00edbles en una amplia gama de art\u00edculos, que abarcan las famosas marcas que abarcan la moda, la electr\u00f3nica y la decoraci\u00f3n del hogar, entre otras. Es imperativo que no pase por alto esta oportunidad sensible al tiempo para elevar su guardarropa y mejorar su espacio vital, todo mientras se beneficia de los precios inmejorables. No pierda tiempo y comience su viaje de compra ahora para asegurar ahorros sustanciales.<\/p>\n","protected":false},"featured_media":167577,"comment_status":"open","ping_status":"open","template":"","meta":[],"product_brand":[2344],"product_cat":[1207,1225,1206],"product_tag":[1423],"class_list":{"0":"post-131538","1":"product","2":"type-product","3":"status-publish","4":"has-post-thumbnail","6":"product_brand-woocommerce","7":"product_cat-comercio-electronico-plugins","8":"product_cat-marketing","9":"product_cat-plugins","10":"product_tag-woocommerce","11":"member-discount","12":"discount-restricted","14":"first","15":"instock","16":"sale","17":"downloadable","18":"virtual","19":"sold-individually","20":"purchasable","21":"product-type-simple"},"_links":{"self":[{"href":"https:\/\/gpl-love.com\/es\/wp-json\/wp\/v2\/product\/131538","targetHints":{"allow":["GET"]}}],"collection":[{"href":"https:\/\/gpl-love.com\/es\/wp-json\/wp\/v2\/product"}],"about":[{"href":"https:\/\/gpl-love.com\/es\/wp-json\/wp\/v2\/types\/product"}],"replies":[{"embeddable":true,"href":"https:\/\/gpl-love.com\/es\/wp-json\/wp\/v2\/comments?post=131538"}],"wp:featuredmedia":[{"embeddable":true,"href":"https:\/\/gpl-love.com\/es\/wp-json\/wp\/v2\/media\/167577"}],"wp:attachment":[{"href":"https:\/\/gpl-love.com\/es\/wp-json\/wp\/v2\/media?parent=131538"}],"wp:term":[{"taxonomy":"product_brand","embeddable":true,"href":"https:\/\/gpl-love.com\/es\/wp-json\/wp\/v2\/product_brand?post=131538"},{"taxonomy":"product_cat","embeddable":true,"href":"https:\/\/gpl-love.com\/es\/wp-json\/wp\/v2\/product_cat?post=131538"},{"taxonomy":"product_tag","embeddable":true,"href":"https:\/\/gpl-love.com\/es\/wp-json\/wp\/v2\/product_tag?post=131538"}],"curies":[{"name":"wp","href":"https:\/\/api.w.org\/{rel}","templated":true}]}}