{"id":131537,"date":"2024-11-26T00:00:00","date_gmt":"2024-11-26T05:00:00","guid":{"rendered":"https:\/\/gpl-love.com\/es\/producto\/edit-order-por-customer\/"},"modified":"2026-03-09T07:30:07","modified_gmt":"2026-03-09T12:30:07","slug":"edit-order-por-customer","status":"publish","type":"product","link":"https:\/\/gpl-love.com\/es\/producto\/edit-order-por-customer\/","title":{"rendered":"Edit Order por Customer 1.1.3"},"content":{"rendered":"<h3>Edit Order por Customer Caracteristicas<\/h3>\n<p>El pedido de edici\u00f3n por producto del cliente ha sido complejo para proporcionar a los clientes la capacidad de modificar sus pedidos despu\u00e9s de la colocaci\u00f3n. A trav\u00e9s de la utilizaci\u00f3n de este ingenioso producto, a los clientes se les otorga la conveniencia de alterar o revisar sin esfuerzo sus pedidos, que abarca tareas como la inclusi\u00f3n o la exclusi\u00f3n de los art\u00edculos, la modificaci\u00f3n de las cantidades de art\u00edculos, as\u00ed como la especificaci\u00f3n de cualquier solicitud a medida. En consecuencia, esta invaluable herramienta garantiza que los clientes obtengan precisamente lo que desean, evitando as\u00ed la necesidad de que se involucren con los servicios de atenci\u00f3n al cliente para asistencia. Al racionalizar el procedimiento de edici\u00f3n, este producto aumenta efectivamente la experiencia general para los clientes, lo que posteriormente amplifica su satisfacci\u00f3n con el proceso de pedido.<\/p>\n<ul>\n<li>La capacidad de los clientes para editar sus propios pedidos despu\u00e9s de haber sido realizados<\/li>\n<li>Una interfaz f\u00e1cil de usar que permite modificaciones f\u00e1ciles de pedidos<\/li>\n<li>Accesible desde dispositivos de escritorio o m\u00f3viles para conveniencia y flexibilidad<\/li>\n<li>Ayuda a reducir los errores y los malentendidos, ya que los clientes pueden corregir los errores de inmediato<\/li>\n<li>Proporciona una experiencia perfecta al cliente, mejorando la satisfacci\u00f3n y la lealtad<\/li>\n<li>Se puede integrar con plataformas de comercio electr\u00f3nico existentes o sistemas de gesti\u00f3n de pedidos<\/li>\n<li>Opciones personalizables para ajustar necesidades y procesos comerciales espec\u00edficos<\/li>\n<li>Ofrece un mayor control y autonom\u00eda para los clientes, d\u00e1ndoles un sentido de propiedad sobre sus pedidos<\/li>\n<li>Proporciona actualizaciones y notificaciones en tiempo real para mantener a los clientes informados de cualquier cambio en sus pedidos<\/li>\n<li>Ayuda a las empresas a optimizar sus procesos de gesti\u00f3n de pedidos, reduciendo los tiempos de cumplimiento del pedido y mejorando la eficiencia general.<\/li>\n<\/ul>\n","protected":false},"excerpt":{"rendered":"<p>El pedido de edici\u00f3n por caracter\u00edstica del cliente, que es una herramienta incre\u00edblemente \u00fatil, permite a los clientes realizar alteraciones convenientemente a su pedido incluso despu\u00e9s de que ya se haya colocado. Mediante esta caracter\u00edstica, los clientes tienen la capacidad de modificar sin esfuerzo la cantidad de art\u00edculos o incluso agregar o eliminar art\u00edculos de su pedido antes de su env\u00edo. Esta caracter\u00edstica optimiza efectivamente el proceso para que los clientes rectifiquen cualquier error o realicen ajustes necesarios, reduciendo as\u00ed significativamente la necesidad de que la atenci\u00f3n al cliente maneje tales solicitudes. Al incorporar la funci\u00f3n Editar orden por cliente en su sistema, puede proporcionar a sus clientes una experiencia de compra que no solo sea m\u00e1s perfecta sino tambi\u00e9n altamente eficiente, lo que finalmente conduce a un nivel elevado de satisfacci\u00f3n y lealtad del cliente.<\/p>\n","protected":false},"featured_media":165908,"comment_status":"open","ping_status":"open","template":"","meta":[],"product_brand":[2344],"product_cat":[1208,1207,1206],"product_tag":[1423],"class_list":{"0":"post-131537","1":"product","2":"type-product","3":"status-publish","4":"has-post-thumbnail","6":"product_brand-woocommerce","7":"product_cat-administracion","8":"product_cat-comercio-electronico-plugins","9":"product_cat-plugins","10":"product_tag-woocommerce","11":"member-discount","12":"discount-restricted","14":"first","15":"instock","16":"sale","17":"downloadable","18":"virtual","19":"sold-individually","20":"purchasable","21":"product-type-simple"},"_links":{"self":[{"href":"https:\/\/gpl-love.com\/es\/wp-json\/wp\/v2\/product\/131537","targetHints":{"allow":["GET"]}}],"collection":[{"href":"https:\/\/gpl-love.com\/es\/wp-json\/wp\/v2\/product"}],"about":[{"href":"https:\/\/gpl-love.com\/es\/wp-json\/wp\/v2\/types\/product"}],"replies":[{"embeddable":true,"href":"https:\/\/gpl-love.com\/es\/wp-json\/wp\/v2\/comments?post=131537"}],"wp:featuredmedia":[{"embeddable":true,"href":"https:\/\/gpl-love.com\/es\/wp-json\/wp\/v2\/media\/165908"}],"wp:attachment":[{"href":"https:\/\/gpl-love.com\/es\/wp-json\/wp\/v2\/media?parent=131537"}],"wp:term":[{"taxonomy":"product_brand","embeddable":true,"href":"https:\/\/gpl-love.com\/es\/wp-json\/wp\/v2\/product_brand?post=131537"},{"taxonomy":"product_cat","embeddable":true,"href":"https:\/\/gpl-love.com\/es\/wp-json\/wp\/v2\/product_cat?post=131537"},{"taxonomy":"product_tag","embeddable":true,"href":"https:\/\/gpl-love.com\/es\/wp-json\/wp\/v2\/product_tag?post=131537"}],"curies":[{"name":"wp","href":"https:\/\/api.w.org\/{rel}","templated":true}]}}