{"id":131536,"date":"2026-02-14T00:00:00","date_gmt":"2026-02-14T05:00:00","guid":{"rendered":"https:\/\/gpl-love.com\/es\/producto\/referral-system-para-woocommerce\/"},"modified":"2026-04-10T11:23:01","modified_gmt":"2026-04-10T16:23:01","slug":"referral-system-para-woocommerce","status":"publish","type":"product","link":"https:\/\/gpl-love.com\/es\/producto\/referral-system-para-woocommerce\/","title":{"rendered":"Referral System para WooCommerce 1.4.4"},"content":{"rendered":"<h3>Referral System para WooCommerce Caracteristicas<\/h3>\n<p>El sistema de referencia para WooCommerce sirve como una herramienta altamente efectiva y eficiente que permite a las empresas mejorar sus ventas y su base de clientes al ofrecer incentivos a sus clientes existentes que remiten con \u00e9xito a nuevos clientes. A trav\u00e9s de la utilizaci\u00f3n de este complemento excepcional, los clientes pueden compartir sin problemas sus enlaces de referencia \u00fanicos con sus conocidos y seres queridos, obteniendo as\u00ed recompensas notables, como descuentos o incluso productos complementarios. Adem\u00e1s, el sistema puede configurarse y personalizarse sin esfuerzo de acuerdo con los requisitos espec\u00edficos de cada negocio individual, lo que les permite adaptar su programa de referencia para alinearse perfectamente con sus necesidades distintivas. Adem\u00e1s, el sistema tambi\u00e9n otorga a las empresas anal\u00edticas integrales y capacidades de informes, lo que les proporciona informaci\u00f3n invaluable sobre la eficacia y el \u00e9xito de su programa de referencia. En consecuencia, el sistema de referencia para WooCommerce es una herramienta de marketing extremadamente potente e impactante que ayuda diligentemente a las empresas a impulsar el crecimiento y fomentar la mayor lealtad de los clientes.<\/p>\n<ul>\n<li>Aumenta la adquisici\u00f3n de clientes a trav\u00e9s del marketing de referencias<\/li>\n<li>F\u00e1cil integraci\u00f3n con WooCommerce sin codificar<\/li>\n<li>C\u00f3digos de referencia personalizables y recompensas para clientes y afiliados<\/li>\n<li>Notificaciones en tiempo real y seguimiento de la actividad de referencia<\/li>\n<li>Gesti\u00f3n perfecta de las referencias y recompensas de los clientes<\/li>\n<li>Soporte expandible para m\u00faltiples niveles de referencia y campa\u00f1as<\/li>\n<li>An\u00e1lisis de datos e informes para evaluar el \u00e9xito de las campa\u00f1as de referencia<\/li>\n<li>Dise\u00f1o receptivo y amigable para los dispositivos m\u00f3viles para una experiencia \u00f3ptima del cliente<\/li>\n<li>Autenticaci\u00f3n segura del usuario y cifrado de datos<\/li>\n<li>Equipo de atenci\u00f3n al cliente dedicado para asistencia t\u00e9cnica y orientaci\u00f3n.<\/li>\n<\/ul>\n","protected":false},"excerpt":{"rendered":"<p>\u00bfEst\u00e1 buscando mejorar sus ventas y expandir su base de clientes? No busque m\u00e1s que el sistema de referencia para WooCommerce, un complemento altamente efectivo que puede ayudarlo a alcanzar estos objetivos. Este complemento robusto le brinda la capacidad de alentar a sus clientes existentes a remitir a sus amigos y familiares a su tienda ofreci\u00e9ndoles recompensas y descuentos atractivos. Sus opciones de configuraci\u00f3n y personalizaci\u00f3n f\u00e1ciles de usar le permiten adaptar un programa de referencia que se alinee perfectamente con las necesidades \u00fanicas de su negocio, lo que le permite maximizar su potencial de ingresos. Adem\u00e1s, nuestras caracter\u00edsticas completas de informes y an\u00e1lisis le proporcionan informaci\u00f3n y datos valiosos, lo que hace que sea f\u00e1cil de monitorear el \u00e9xito de su programa de referencia y hacer los ajustes necesarios a su estrategia de marketing. \u00a1No te retrases! D\u00e9 el primer paso para expandir su base de clientes hoy implementando el sistema de referencia para WooCommerce.<\/p>\n","protected":false},"featured_media":167335,"comment_status":"open","ping_status":"open","template":"","meta":[],"product_brand":[2344],"product_cat":[1207,1225,1206],"product_tag":[1423],"class_list":{"0":"post-131536","1":"product","2":"type-product","3":"status-publish","4":"has-post-thumbnail","6":"product_brand-woocommerce","7":"product_cat-comercio-electronico-plugins","8":"product_cat-marketing","9":"product_cat-plugins","10":"product_tag-woocommerce","11":"member-discount","12":"discount-restricted","14":"first","15":"instock","16":"sale","17":"downloadable","18":"virtual","19":"sold-individually","20":"purchasable","21":"product-type-simple"},"_links":{"self":[{"href":"https:\/\/gpl-love.com\/es\/wp-json\/wp\/v2\/product\/131536","targetHints":{"allow":["GET"]}}],"collection":[{"href":"https:\/\/gpl-love.com\/es\/wp-json\/wp\/v2\/product"}],"about":[{"href":"https:\/\/gpl-love.com\/es\/wp-json\/wp\/v2\/types\/product"}],"replies":[{"embeddable":true,"href":"https:\/\/gpl-love.com\/es\/wp-json\/wp\/v2\/comments?post=131536"}],"wp:featuredmedia":[{"embeddable":true,"href":"https:\/\/gpl-love.com\/es\/wp-json\/wp\/v2\/media\/167335"}],"wp:attachment":[{"href":"https:\/\/gpl-love.com\/es\/wp-json\/wp\/v2\/media?parent=131536"}],"wp:term":[{"taxonomy":"product_brand","embeddable":true,"href":"https:\/\/gpl-love.com\/es\/wp-json\/wp\/v2\/product_brand?post=131536"},{"taxonomy":"product_cat","embeddable":true,"href":"https:\/\/gpl-love.com\/es\/wp-json\/wp\/v2\/product_cat?post=131536"},{"taxonomy":"product_tag","embeddable":true,"href":"https:\/\/gpl-love.com\/es\/wp-json\/wp\/v2\/product_tag?post=131536"}],"curies":[{"name":"wp","href":"https:\/\/api.w.org\/{rel}","templated":true}]}}