{"id":131462,"date":"2026-03-03T00:00:00","date_gmt":"2026-03-03T05:00:00","guid":{"rendered":"https:\/\/gpl-love.com\/es\/producto\/automatorwp-fluent-support\/"},"modified":"2026-03-09T07:19:11","modified_gmt":"2026-03-09T12:19:11","slug":"automatorwp-fluent-support","status":"publish","type":"product","link":"https:\/\/gpl-love.com\/es\/producto\/automatorwp-fluent-support\/","title":{"rendered":"AutomatorWP Fluent Support 2.0.5"},"content":{"rendered":"<h3>AutomatorWP Fluent Support Caracteristicas<\/h3>\n<p>Automatorwp Fluent Support ofrece una soluci\u00f3n integral para optimizar su flujo de trabajo y automatizar tareas repetitivas, lo que lo convierte en una herramienta invaluable. Al aprovechar la potencia del complemento AutomatorWP, esta herramienta le permite crear intrincados flujos de trabajo de automatizaci\u00f3n que se puedan implementar sin esfuerzo en un espectro diverso de sitios web de WordPress. Su interfaz f\u00e1cil de usar y su amplia gama de caracter\u00edsticas hacen que sea muy f\u00e1cil configurar desencadenantes y acciones automatizadas, lo que resulta en una mayor eficiencia y beneficios para ahorrar tiempo. Ya sea que su objetivo es optimizar su proceso de creaci\u00f3n de contenido, administrar eficientemente campa\u00f1as de marketing o mejorar la experiencia de usuario de su sitio web, AutomatorWP Fluent Support es la soluci\u00f3n perfecta. Entonces, \u00bfpor qu\u00e9 no aprovechar la oportunidad de experimentar sus capacidades transformadoras de primera mano y impulsar su sitio web a nuevas alturas?<\/p>\n<ul>\n<li>Optimizado y automatiza tareas dentro de WordPress<\/li>\n<li>Se integra a la perfecci\u00f3n con FluentCRM, permitiendo campa\u00f1as de correo electr\u00f3nico personalizadas y espec\u00edficas<\/li>\n<li>Incluye una variedad de automatizaciones preconstruidas que se pueden personalizar para satisfacer las necesidades individuales<\/li>\n<li>Proporciona informaci\u00f3n y an\u00e1lisis en tiempo real para rastrear el rendimiento y hacer ajustes seg\u00fan sea necesario<\/li>\n<li>Ofrece una interfaz f\u00e1cil de usar que facilita la configuraci\u00f3n y la administraci\u00f3n de automatizaciones<\/li>\n<li>Ahorra tiempo y recursos eliminando la necesidad de tareas manuales<\/li>\n<li>Mejora la participaci\u00f3n y retenci\u00f3n del usuario a trav\u00e9s de comunicaciones oportunas y relevantes<\/li>\n<li>Aumenta la eficiencia general y la efectividad de los esfuerzos de marketing<\/li>\n<li>Admite m\u00faltiples idiomas y puede usarse en una variedad de configuraciones, incluidos sitios de comercio electr\u00f3nico y plataformas de membres\u00eda.<\/li>\n<\/ul>\n","protected":false},"excerpt":{"rendered":"<p>AutomatorWP Fluent Support es una soluci\u00f3n din\u00e1mica e integral dise\u00f1ada para optimizar su experiencia de atenci\u00f3n al cliente. Con una interfaz natural e intuitiva, nuestro servicio garantiza una comunicaci\u00f3n eficiente entre su negocio y sus clientes. Las caracter\u00edsticas clave incluyen el seguimiento potencial de los clientes, la gesti\u00f3n de la informaci\u00f3n y el resaltado de las consultas de los clientes. Experimente los beneficios de un sistema fluido que incorpora efectivamente los comentarios de los clientes en su estrategia comercial, ayud\u00e1ndole a atraer e informar a los clientes potenciales e impulsar el crecimiento de su negocio.<\/p>\n","protected":false},"featured_media":165420,"comment_status":"open","ping_status":"open","template":"","meta":[],"product_brand":[2368],"product_cat":[1212,1206,1211],"product_tag":[2210],"class_list":{"0":"post-131462","1":"product","2":"type-product","3":"status-publish","4":"has-post-thumbnail","6":"product_brand-automatorwp","7":"product_cat-administracion-wordpress-plugins","8":"product_cat-plugins","9":"product_cat-wordpress-plugins","10":"product_tag-automatorwp","11":"member-discount","12":"discount-restricted","14":"first","15":"instock","16":"sale","17":"downloadable","18":"virtual","19":"sold-individually","20":"purchasable","21":"product-type-simple"},"_links":{"self":[{"href":"https:\/\/gpl-love.com\/es\/wp-json\/wp\/v2\/product\/131462","targetHints":{"allow":["GET"]}}],"collection":[{"href":"https:\/\/gpl-love.com\/es\/wp-json\/wp\/v2\/product"}],"about":[{"href":"https:\/\/gpl-love.com\/es\/wp-json\/wp\/v2\/types\/product"}],"replies":[{"embeddable":true,"href":"https:\/\/gpl-love.com\/es\/wp-json\/wp\/v2\/comments?post=131462"}],"wp:featuredmedia":[{"embeddable":true,"href":"https:\/\/gpl-love.com\/es\/wp-json\/wp\/v2\/media\/165420"}],"wp:attachment":[{"href":"https:\/\/gpl-love.com\/es\/wp-json\/wp\/v2\/media?parent=131462"}],"wp:term":[{"taxonomy":"product_brand","embeddable":true,"href":"https:\/\/gpl-love.com\/es\/wp-json\/wp\/v2\/product_brand?post=131462"},{"taxonomy":"product_cat","embeddable":true,"href":"https:\/\/gpl-love.com\/es\/wp-json\/wp\/v2\/product_cat?post=131462"},{"taxonomy":"product_tag","embeddable":true,"href":"https:\/\/gpl-love.com\/es\/wp-json\/wp\/v2\/product_tag?post=131462"}],"curies":[{"name":"wp","href":"https:\/\/api.w.org\/{rel}","templated":true}]}}