{"id":131461,"date":"2025-08-03T00:00:00","date_gmt":"2025-08-03T05:00:00","guid":{"rendered":"https:\/\/gpl-love.com\/es\/producto\/gravity-forms-file-renamer\/"},"modified":"2026-03-09T07:39:45","modified_gmt":"2026-03-09T12:39:45","slug":"gravity-forms-file-renamer","status":"publish","type":"product","link":"https:\/\/gpl-love.com\/es\/producto\/gravity-forms-file-renamer\/","title":{"rendered":"Gravity Perks File Renamer 1.0.12"},"content":{"rendered":"<h3>Gravity Perks File Renamer Caracteristicas<\/h3>\n<p>Formas de gravedad Renamer de archivos es una herramienta altamente eficiente y robusta que simplifica considerablemente el intrincado proceso de renombrar archivos que se han cargado a trav\u00e9s de la utilizaci\u00f3n de los formularios de gravedad. En virtud de su interfaz notablemente f\u00e1cil de usar, puede cambiar el nombre de los archivos sin esfuerzo de acuerdo con sus requisitos espec\u00edficos. Este complemento ejemplar se ha dise\u00f1ado meticulosamente para integrarse perfectamente con las formas de gravedad, aliviando as\u00ed cualquier inquietud relacionada con problemas de compatibilidad. Tiene la capacidad excepcional de personalizar el nombre del archivo en funci\u00f3n de los campos de formulario, la fecha y la hora, adem\u00e1s de incorporar prefijos o sufijos en el nombre del archivo. Este complemento incomparable es una necesidad absoluta tanto para las empresas como para las personas que se encuentran lidiando con la gesti\u00f3n de una gran cantidad de archivos que se han cargado a trav\u00e9s de formularios de gravedad. Con la extraordinaria funcionalidad de los formularios de gravedad Renamer de archivos a su disposici\u00f3n, puede optimizar de manera efectiva su flujo de trabajo, economizar el tiempo y mejorar la productividad general.<\/p>\n<ul>\n<li>Un potente complemento de WordPress que le permite cambiar f\u00e1cilmente los archivos cargados a trav\u00e9s de formularios de gravedad<\/li>\n<li>Proporciona la capacidad de cambiar el nombre de uso de varios par\u00e1metros, como fecha, hora, usuario, usuarios, valores de campo de formulario y m\u00e1s<\/li>\n<li>Ahorra tiempo y esfuerzo al automatizar la tarea manual de cambiar el nombre de los archivos uno por uno<\/li>\n<li>Ayuda a mantener la organizaci\u00f3n y la consistencia en el nombre de los archivos a trav\u00e9s de los env\u00edos<\/li>\n<li>Admite m\u00faltiples tipos de archivos, como im\u00e1genes, audio, video y documentos.<\/li>\n<li>Ofrece varias opciones de personalizaci\u00f3n para satisfacer sus necesidades y preferencias espec\u00edficas.<\/li>\n<li>F\u00e1cil de instalar e integrar con su configuraci\u00f3n de formularios de gravedad existentes<\/li>\n<li>Interfaz f\u00e1cil de usar que simplifica el proceso de renombrar archivos<\/li>\n<li>Actualizaciones peri\u00f3dicas y atenci\u00f3n al cliente para garantizar que el complemento se mantenga actualizado y cumpla con todos sus requisitos.<\/li>\n<\/ul>\n","protected":false},"excerpt":{"rendered":"<p>El Renamer del archivo de formularios de gravedad es una herramienta altamente eficiente y notable que posee la capacidad de cambiar autom\u00e1ticamente el nombre de los archivos que se han cargado a trav\u00e9s de la utilizaci\u00f3n de los formularios de gravedad. Esta impresionante herramienta elimina efectivamente la laboriosa tarea de renombrar manualmente los archivos, conservando as\u00ed una gran cantidad de tiempo valioso. Adem\u00e1s, garantiza que todos los archivos se organicen sistem\u00e1ticamente de manera consistente y sin esfuerzo. Adem\u00e1s, ofrece la caracter\u00edstica notable de la personalizaci\u00f3n, lo que permite a los usuarios personalizar el formato de cambio de nombre de archivos de acuerdo con sus requisitos espec\u00edficos. En consecuencia, se despede de la exasperante prueba de administrar y renombrar archivos, y permita que el Renamer de archivos de formularios de gravedad ejecute esta laboriosa tarea en su nombre.<\/p>\n","protected":false},"featured_media":166306,"comment_status":"open","ping_status":"open","template":"","meta":[],"product_brand":[2470],"product_cat":[1212,1206,1211],"product_tag":[2325],"class_list":{"0":"post-131461","1":"product","2":"type-product","3":"status-publish","4":"has-post-thumbnail","6":"product_brand-gravity-perks","7":"product_cat-administracion-wordpress-plugins","8":"product_cat-plugins","9":"product_cat-wordpress-plugins","10":"product_tag-gravity-perks","11":"member-discount","12":"discount-restricted","14":"first","15":"instock","16":"sale","17":"downloadable","18":"virtual","19":"sold-individually","20":"purchasable","21":"product-type-simple"},"_links":{"self":[{"href":"https:\/\/gpl-love.com\/es\/wp-json\/wp\/v2\/product\/131461","targetHints":{"allow":["GET"]}}],"collection":[{"href":"https:\/\/gpl-love.com\/es\/wp-json\/wp\/v2\/product"}],"about":[{"href":"https:\/\/gpl-love.com\/es\/wp-json\/wp\/v2\/types\/product"}],"replies":[{"embeddable":true,"href":"https:\/\/gpl-love.com\/es\/wp-json\/wp\/v2\/comments?post=131461"}],"wp:featuredmedia":[{"embeddable":true,"href":"https:\/\/gpl-love.com\/es\/wp-json\/wp\/v2\/media\/166306"}],"wp:attachment":[{"href":"https:\/\/gpl-love.com\/es\/wp-json\/wp\/v2\/media?parent=131461"}],"wp:term":[{"taxonomy":"product_brand","embeddable":true,"href":"https:\/\/gpl-love.com\/es\/wp-json\/wp\/v2\/product_brand?post=131461"},{"taxonomy":"product_cat","embeddable":true,"href":"https:\/\/gpl-love.com\/es\/wp-json\/wp\/v2\/product_cat?post=131461"},{"taxonomy":"product_tag","embeddable":true,"href":"https:\/\/gpl-love.com\/es\/wp-json\/wp\/v2\/product_tag?post=131461"}],"curies":[{"name":"wp","href":"https:\/\/api.w.org\/{rel}","templated":true}]}}