{"id":131458,"date":"2026-04-07T00:00:00","date_gmt":"2026-04-07T05:00:00","guid":{"rendered":"https:\/\/gpl-love.com\/es\/producto\/image-map-pro-para-wordpress\/"},"modified":"2026-04-07T17:15:36","modified_gmt":"2026-04-07T22:15:36","slug":"image-map-pro-para-wordpress","status":"publish","type":"product","link":"https:\/\/gpl-love.com\/es\/producto\/image-map-pro-para-wordpress\/","title":{"rendered":"Image Map Pro para WordPress 6.1.4"},"content":{"rendered":"<h3>Image Map Pro para WordPress Caracteristicas<\/h3>\n<p>Image Map Pro para WordPress es una aplicaci\u00f3n de software extremadamente robusta y potente que permite a los usuarios generar sin esfuerzo mapas de im\u00e1genes que son receptivos y cautivadores para sus sitios web. A trav\u00e9s de la utilizaci\u00f3n de su interfaz f\u00e1cil de usar y sus caracter\u00edsticas personalizables, a los usuarios se les otorga la capacidad de incorporar sin esfuerzo componentes interactivos en sus im\u00e1genes, como informaci\u00f3n sobre herramientas, ventanas emergentes y regiones que se pueden hacer clic. El complemento en s\u00ed ha sido dise\u00f1ado por expertos para integrarse perfectamente con la plataforma WordPress, lo que brinda a los usuarios la oportunidad de incrustar a la perfecci\u00f3n sus mapas de imagen directamente en el contenido de su sitio web. Adem\u00e1s, es imperativo tener en cuenta que el mapa de im\u00e1genes Pro para WordPress ha sido meticulosamente optimizado para su utilizaci\u00f3n en dispositivos m\u00f3viles, lo que garantiza que estos mapas de im\u00e1genes son completamente funcionales y f\u00e1cilmente accesibles en todos los dispositivos concebibles. En general, se puede afirmar con confianza que el mapa de im\u00e1genes Pro para WordPress representa una soluci\u00f3n innovadora y notablemente efectiva para la creaci\u00f3n de mapas de im\u00e1genes din\u00e1micos e interactivos, mejorando en gran medida la experiencia general del usuario en cualquier sitio web.<\/p>\n<ul>\n<li>Crear mapas de im\u00e1genes interactivos y atractivos con facilidad<\/li>\n<li>No se requieren habilidades de codificaci\u00f3n<\/li>\n<li>Arrastre y suelte la interfaz para una f\u00e1cil personalizaci\u00f3n<\/li>\n<li>Dise\u00f1o receptivo para una pantalla \u00f3ptima en todos los dispositivos<\/li>\n<li>Capacidad para agregar informaci\u00f3n sobre herramientas y ventanas emergentes a \u00e1reas de mapas espec\u00edficas<\/li>\n<li>Opci\u00f3n para vincular las \u00e1reas de mapa con URL externos o p\u00e1ginas internas<\/li>\n<li>Estilos y esquemas de color personalizables para que coincidan con la marca de su sitio web<\/li>\n<li>Integraci\u00f3n con temas y complementos populares de WordPress<\/li>\n<li>Documentaci\u00f3n y soporte extenso disponible<\/li>\n<li>Actualizaciones y mejoras regulares para garantizar la compatibilidad con nuevas versiones de WordPress.<\/li>\n<\/ul>\n","protected":false},"excerpt":{"rendered":"<p>Image Map Pro para WordPress es un complemento muy robusto y rico en funciones que le ofrece la incre\u00edble capacidad para generar mapas de imagen din\u00e1micos y hechos a medida para su sitio web. Al utilizar su interfaz intuitiva y f\u00e1cil de usar con usuarios, tiene la capacidad conveniente de incorporar sin esfuerzo numerosos puntos de acceso en sus im\u00e1genes y personalizarlos a\u00fan m\u00e1s con una gran cantidad de acciones interactivas, informaci\u00f3n sobre herramientas informativas y enlaces valiosos. Adem\u00e1s, este complemento excepcional es totalmente receptivo, asegurando una compatibilidad perfecta en varios dispositivos y tama\u00f1os de pantalla. Adem\u00e1s, incluye un conveniente editor de im\u00e1genes incorporado que le permite manipular y optimizar de manera eficiente sus im\u00e1genes empleando funciones esenciales como recortar, cambiar el tama\u00f1o y la optimizaci\u00f3n. Ya sea que est\u00e9 curando un mercado en l\u00ednea, exhibiendo carteras creativas o cultivando plataformas educativas, las notables capacidades de Image Map Pro para WordPress sin duda elevar\u00e1n su experiencia de usuario y cautivar\u00e1n la atenci\u00f3n e inter\u00e9s de su estimada audiencia.<\/p>\n","protected":false},"featured_media":166457,"comment_status":"open","ping_status":"open","template":"","meta":[],"product_brand":[2339],"product_cat":[1214,1206,1211],"product_tag":[1256],"class_list":{"0":"post-131458","1":"product","2":"type-product","3":"status-publish","4":"has-post-thumbnail","6":"product_brand-codecanyon","7":"product_cat-personalizacion","8":"product_cat-plugins","9":"product_cat-wordpress-plugins","10":"product_tag-codecanyon","11":"member-discount","12":"discount-restricted","14":"first","15":"instock","16":"sale","17":"downloadable","18":"virtual","19":"sold-individually","20":"purchasable","21":"product-type-simple"},"_links":{"self":[{"href":"https:\/\/gpl-love.com\/es\/wp-json\/wp\/v2\/product\/131458","targetHints":{"allow":["GET"]}}],"collection":[{"href":"https:\/\/gpl-love.com\/es\/wp-json\/wp\/v2\/product"}],"about":[{"href":"https:\/\/gpl-love.com\/es\/wp-json\/wp\/v2\/types\/product"}],"replies":[{"embeddable":true,"href":"https:\/\/gpl-love.com\/es\/wp-json\/wp\/v2\/comments?post=131458"}],"wp:featuredmedia":[{"embeddable":true,"href":"https:\/\/gpl-love.com\/es\/wp-json\/wp\/v2\/media\/166457"}],"wp:attachment":[{"href":"https:\/\/gpl-love.com\/es\/wp-json\/wp\/v2\/media?parent=131458"}],"wp:term":[{"taxonomy":"product_brand","embeddable":true,"href":"https:\/\/gpl-love.com\/es\/wp-json\/wp\/v2\/product_brand?post=131458"},{"taxonomy":"product_cat","embeddable":true,"href":"https:\/\/gpl-love.com\/es\/wp-json\/wp\/v2\/product_cat?post=131458"},{"taxonomy":"product_tag","embeddable":true,"href":"https:\/\/gpl-love.com\/es\/wp-json\/wp\/v2\/product_tag?post=131458"}],"curies":[{"name":"wp","href":"https:\/\/api.w.org\/{rel}","templated":true}]}}