{"id":131457,"date":"2026-03-13T00:00:00","date_gmt":"2026-03-13T05:00:00","guid":{"rendered":"https:\/\/gpl-love.com\/es\/producto\/formidable-forms-stripe\/"},"modified":"2026-03-13T11:15:41","modified_gmt":"2026-03-13T16:15:41","slug":"formidable-form-stripe","status":"publish","type":"product","link":"https:\/\/gpl-love.com\/es\/producto\/formidable-form-stripe\/","title":{"rendered":"Formidable Forms Stripe 3.1.9"},"content":{"rendered":"<h3>Formidable Forms Stripe Caracteristicas<\/h3>\n<p>Formidable Forms Stripe, una herramienta de integraci\u00f3n de pagos altamente eficiente, ofrece una amplia gama de caracter\u00edsticas que le permiten cobrar sin esfuerzo pagos y donaciones en l\u00ednea. Su funci\u00f3n principal es facilitar la creaci\u00f3n de formularios de pago personalizados que pueden integrarse sin problemas en su sitio web de WordPress, garantizando una experiencia de pago segura y sin problemas para sus valiosos clientes. Lo que distingue a los formularios formidables Stripe es su capacidad para aceptar pagos de una variedad de fuentes, incluidas las principales tarjetas de cr\u00e9dito, las tarjetas de d\u00e9bito, Apple Pay y Google Pay. Adem\u00e1s, este complemento excepcional cuenta con capacidades avanzadas como pagos recurrentes, confirmaciones autom\u00e1ticas por correo electr\u00f3nico y recibos de pago personalizables. Ya sea que est\u00e9 administrando una tienda de comercio electr\u00f3nico, una organizaci\u00f3n sin fines de lucro o cualquier otro negocio que necesite pagos en l\u00ednea, Formidable Forms Stripe es la soluci\u00f3n confiable y efectiva que necesita para optimizar su proceso de pago y reforzar sus flujos de ingresos.<\/p>\n<ul>\n<li>Formularios que pueden integrarse f\u00e1cilmente con la pasarela de pago de stripe<\/li>\n<li>Procesamiento de pago seguro y f\u00e1cil para los clientes<\/li>\n<li>Una variedad de opciones de pago disponibles, incluidas las tarjetas de cr\u00e9dito\/d\u00e9bito y Apple Pay<\/li>\n<li>Formularios personalizables para que coincidan con su marca y dise\u00f1o de sitios web<\/li>\n<li>Seguimiento detallado de pagos e informes para un f\u00e1cil mantenimiento de registros y an\u00e1lisis<\/li>\n<li>Interfaz f\u00e1cil de usar que es f\u00e1cil de usar y configurar<\/li>\n<li>Opciones de precios flexibles basadas en el uso y el n\u00famero de formularios necesarios<\/li>\n<li>Atenci\u00f3n al cliente y actualizaciones continuas para garantizar una integraci\u00f3n y rendimiento sin problemas.<\/li>\n<\/ul>\n","protected":false},"excerpt":{"rendered":"<p>Formidable Forms Stripe es una herramienta de integraci\u00f3n de pagos extremadamente robusta que le permite recibir pagos con tarjeta de cr\u00e9dito sin esfuerzo y sin problemas para formularios que se han dise\u00f1ado h\u00e1bilmente utilizando el complemento de formularios formidables altamente estimado. Por medio de Stripe, puede manejar sin esfuerzo el procesamiento de pagos, administrar efectivamente suscripciones y aceptar con gracia donaciones en su estimado sitio de WordPress. Adem\u00e1s, este complemento notable tambi\u00e9n le otorga acceder a una variedad de opciones de personalizaci\u00f3n avanzada, que abarcan la capacidad incomparable para adaptar los campos de pago de acuerdo con sus preferencias, configurar de manera experta l\u00f3gica de pago e incluso implementar los pagos recurrentes sin problemas. Con las capacidades inigualables ofrecidas por Formidable Forms Stripe, sin duda poseer\u00e1 la flexibilidad y el comando incomparable requeridos para crear una experiencia de pago verdaderamente aerodin\u00e1mica e incomparablemente perfecta para su estimada clientela.<\/p>\n","protected":false},"featured_media":166156,"comment_status":"open","ping_status":"closed","template":"","meta":[],"product_brand":[2459],"product_cat":[1278,1206,1211],"product_tag":[1509],"class_list":{"0":"post-131457","1":"product","2":"type-product","3":"status-publish","4":"has-post-thumbnail","6":"product_brand-formidable","7":"product_cat-pago","8":"product_cat-plugins","9":"product_cat-wordpress-plugins","10":"product_tag-formidable","11":"member-discount","12":"discount-restricted","14":"first","15":"instock","16":"sale","17":"downloadable","18":"virtual","19":"sold-individually","20":"purchasable","21":"product-type-simple"},"_links":{"self":[{"href":"https:\/\/gpl-love.com\/es\/wp-json\/wp\/v2\/product\/131457","targetHints":{"allow":["GET"]}}],"collection":[{"href":"https:\/\/gpl-love.com\/es\/wp-json\/wp\/v2\/product"}],"about":[{"href":"https:\/\/gpl-love.com\/es\/wp-json\/wp\/v2\/types\/product"}],"replies":[{"embeddable":true,"href":"https:\/\/gpl-love.com\/es\/wp-json\/wp\/v2\/comments?post=131457"}],"wp:featuredmedia":[{"embeddable":true,"href":"https:\/\/gpl-love.com\/es\/wp-json\/wp\/v2\/media\/166156"}],"wp:attachment":[{"href":"https:\/\/gpl-love.com\/es\/wp-json\/wp\/v2\/media?parent=131457"}],"wp:term":[{"taxonomy":"product_brand","embeddable":true,"href":"https:\/\/gpl-love.com\/es\/wp-json\/wp\/v2\/product_brand?post=131457"},{"taxonomy":"product_cat","embeddable":true,"href":"https:\/\/gpl-love.com\/es\/wp-json\/wp\/v2\/product_cat?post=131457"},{"taxonomy":"product_tag","embeddable":true,"href":"https:\/\/gpl-love.com\/es\/wp-json\/wp\/v2\/product_tag?post=131457"}],"curies":[{"name":"wp","href":"https:\/\/api.w.org\/{rel}","templated":true}]}}