{"id":131437,"date":"2024-08-03T00:00:00","date_gmt":"2024-08-03T05:00:00","guid":{"rendered":"https:\/\/gpl-love.com\/es\/producto\/wpforms-webhooks\/"},"modified":"2026-03-09T08:31:28","modified_gmt":"2026-03-09T13:31:28","slug":"wpforms-webhooks","status":"publish","type":"product","link":"https:\/\/gpl-love.com\/es\/producto\/wpforms-webhooks\/","title":{"rendered":"WPForms Webhooks 1.4.0"},"content":{"rendered":"<h3>WPForms Webhooks Caracteristicas<\/h3>\n<p>WPForms Webhooks, una herramienta extremadamente potente, ofrece a los usuarios la extraordinaria capacidad de integrar a la perfecci\u00f3n sus datos WPForms con una amplia gama de otras aplicaciones o servicios. Al aprovechar esta caracter\u00edstica notable, los usuarios pueden dise\u00f1ar ingeniosamente webhooks personalizados, que transmiten diligentemente sus datos WPFORMS a una URL meticulosamente especificada, precisamente cuando se env\u00eda un formulario con \u00e9xito. Esta funcionalidad se puede emplear de manera efectiva para una variedad de prop\u00f3sitos diversos, que abarca, pero no se limita a la transmisi\u00f3n de datos de formulario a un sistema de gesti\u00f3n de relaciones con el cliente (CRM) o una plataforma de marketing por correo electr\u00f3nico, la actualizaci\u00f3n din\u00e1mica de una base de datos intrincadamente interconectada, O tal vez incluso el inicio de una acci\u00f3n altamente personalizada y a medida, totalmente dependiendo de los detalles de la presentaci\u00f3n de la forma en s\u00ed. Con una interfaz sin complicaciones y altamente intuitiva a su disposici\u00f3n, los usuarios pueden configurar y establecer meticulosamente el formato de URL y datos para su webhook a medida, asegurando que cumpla con sus requisitos y objetivos precisos. En su totalidad, WPFORMS Webhooks indudablemente se destaca como un activo invaluable e indispensable para las personas interesadas en optimizar su gesti\u00f3n de datos de forma y automatamente autom\u00e1ticamente su flujo de trabajo de una manera asombrosamente eficiente.<\/p>\n<ul>\n<li>WPFORMS Webhooks permite una integraci\u00f3n perfecta entre WPForms y otras aplicaciones o servicios web.<\/li>\n<li>Env\u00eda datos en tiempo real de WPForms a otras aplicaciones o webhooks.<\/li>\n<li>Agiliza los flujos de trabajo enviando autom\u00e1ticamente los env\u00edos de formularios a otras aplicaciones o webhooks.<\/li>\n<li>Capacidad para desencadenar eventos personalizados o notificaciones basadas en datos espec\u00edficos de env\u00edo de formularios.<\/li>\n<li>Ofrece un proceso de configuraci\u00f3n simple con una interfaz f\u00e1cil de usar para administrar webhooks e integraciones.<\/li>\n<li>Reduce la entrada manual de datos y aumenta la precisi\u00f3n de los datos mediante la automatizaci\u00f3n de la transferencia de datos de env\u00edo del formulario.<\/li>\n<li>Admite la integraci\u00f3n con aplicaciones y servicios populares como Zapier, Slack, Salesforce, MailChimp y m\u00e1s.<\/li>\n<li>Proporciona flexibilidad para crear integraciones personalizadas con pr\u00e1cticamente cualquier aplicaci\u00f3n o servicio basado en la web que acepte datos de Webhook.<\/li>\n<\/ul>\n","protected":false},"excerpt":{"rendered":"<p>WPForms Webhooks, un complemento altamente indispensable dise\u00f1ado exclusivamente para los usuarios de WPFORMS, les ofrece la capacidad excepcional para transmitir datos de formulario sin esfuerzo a varios servicios de terceros. A trav\u00e9s de la utilizaci\u00f3n de esta herramienta notablemente robusta, a los usuarios se les otorga la notable oportunidad de fusionar a la perfecci\u00f3n los env\u00edos de formularios con una extensa variedad de m\u00e1s de 1000 aplicaciones y servicios, lo que les permite optimizar de manera efectiva su flujo de trabajo y llevar sus procesos comerciales a un nivel completamente nuevo de automatizaci\u00f3n y eficiencia. Este complemento en particular cuenta con una interfaz f\u00e1cil de usar y una intuitividad que supera las expectativas, lo que le hace una soluci\u00f3n \u00f3ptima para las empresas que buscan ansiosamente mejorar y optimizar su funcionalidad de forma y esfuerzos de gesti\u00f3n de datos.<\/p>\n","protected":false},"featured_media":168518,"comment_status":"open","ping_status":"open","template":"","meta":[],"product_brand":[2628],"product_cat":[1214,1206,1211],"product_tag":[1440],"class_list":{"0":"post-131437","1":"product","2":"type-product","3":"status-publish","4":"has-post-thumbnail","6":"product_brand-wp-forms","7":"product_cat-personalizacion","8":"product_cat-plugins","9":"product_cat-wordpress-plugins","10":"product_tag-wp-forms","11":"member-discount","12":"discount-restricted","14":"first","15":"instock","16":"sale","17":"downloadable","18":"virtual","19":"sold-individually","20":"purchasable","21":"product-type-simple"},"_links":{"self":[{"href":"https:\/\/gpl-love.com\/es\/wp-json\/wp\/v2\/product\/131437","targetHints":{"allow":["GET"]}}],"collection":[{"href":"https:\/\/gpl-love.com\/es\/wp-json\/wp\/v2\/product"}],"about":[{"href":"https:\/\/gpl-love.com\/es\/wp-json\/wp\/v2\/types\/product"}],"replies":[{"embeddable":true,"href":"https:\/\/gpl-love.com\/es\/wp-json\/wp\/v2\/comments?post=131437"}],"wp:featuredmedia":[{"embeddable":true,"href":"https:\/\/gpl-love.com\/es\/wp-json\/wp\/v2\/media\/168518"}],"wp:attachment":[{"href":"https:\/\/gpl-love.com\/es\/wp-json\/wp\/v2\/media?parent=131437"}],"wp:term":[{"taxonomy":"product_brand","embeddable":true,"href":"https:\/\/gpl-love.com\/es\/wp-json\/wp\/v2\/product_brand?post=131437"},{"taxonomy":"product_cat","embeddable":true,"href":"https:\/\/gpl-love.com\/es\/wp-json\/wp\/v2\/product_cat?post=131437"},{"taxonomy":"product_tag","embeddable":true,"href":"https:\/\/gpl-love.com\/es\/wp-json\/wp\/v2\/product_tag?post=131437"}],"curies":[{"name":"wp","href":"https:\/\/api.w.org\/{rel}","templated":true}]}}