{"id":131435,"date":"2025-05-11T00:00:00","date_gmt":"2025-05-11T05:00:00","guid":{"rendered":"https:\/\/gpl-love.com\/es\/producto\/wpforms-square\/"},"modified":"2026-03-09T08:31:22","modified_gmt":"2026-03-09T13:31:22","slug":"wpforms-square","status":"publish","type":"product","link":"https:\/\/gpl-love.com\/es\/producto\/wpforms-square\/","title":{"rendered":"WPForms Square 2.0.0"},"content":{"rendered":"<h3>WPForms Square Caracteristicas<\/h3>\n<p>WPForms Square se presenta como un constructor de formularios en l\u00ednea avanzado y f\u00e1cil de usar que tiene como objetivo ayudar a empresas e individuos en la creaci\u00f3n de formas que no solo son altamente personalizables, sino que tambi\u00e9n exudan una apariencia profesional. Esta herramienta formidable est\u00e1 equipada con una mir\u00edada de caracter\u00edsticas e integraciones, una de las cuales incluye la capacidad de cobrar directamente los pagos a trav\u00e9s de los formularios utilizando Square. Con WPForms Square a su disposici\u00f3n, los usuarios poseen la capacidad de personalizar sin esfuerzo plantillas previas o construir sus propias formas desde cero. La interfaz de arrastrar y soltar, caracterizada por su naturaleza intuitiva, es f\u00e1cil de usar y f\u00e1cilmente maniobrable, mientras que las formas en s\u00ed cuentan con plena capacidad de respuesta, asegurando as\u00ed una apariencia est\u00e9ticamente agradable en todos los dispositivos. Adem\u00e1s, WPForms Square ofrece una amplia selecci\u00f3n de caracter\u00edsticas avanzadas, como l\u00f3gica condicional, cargas de archivos y la opci\u00f3n de crear formularios de varios pasos, agregando un considerable grado de flexibilidad y potencia a sus capacidades de recolecci\u00f3n de datos y datos. A fines de las cosas consideradas, WPFORMS Square se destaca sin lugar a dudas como un notable constructor de formularios en l\u00ednea, que sirve como la soluci\u00f3n ideal para cualquier negocio o individuo que busque producir formas del m\u00e1s alto calibre, completo con la funcionalidad integrada de procesamiento de pagos.<\/p>\n<ul>\n<li>Complemento de constructor de formulario f\u00e1cil de usar para sitios web de WordPress<\/li>\n<li>Integrado sin problemas con el procesamiento de pagos cuadrados<\/li>\n<li>Permite a los usuarios crear formularios de pago personalizados y aceptar pagos directamente en su sitio web<\/li>\n<li>Proporciona una variedad de plantillas de formulario para diferentes casos de uso (por ejemplo, formularios de contacto, solicitudes de empleo, encuestas, etc.)<\/li>\n<li>Ofrece caracter\u00edsticas avanzadas como l\u00f3gica condicional, formularios de varias p\u00e1ginas y cargas de archivos<\/li>\n<li>Compatible con los populares servicios de marketing por correo electr\u00f3nico como MailChimp y Constant Contact<\/li>\n<li>Proporciona an\u00e1lisis en tiempo real y seguimiento de rendimiento para formularios<\/li>\n<li>Ofrece notificaciones personalizables y mensajes de confirmaci\u00f3n a usuarios y clientes<\/li>\n<li>Incluye soporte para el cumplimiento de GDPR y la protecci\u00f3n contra el spam<\/li>\n<li>Proporciona atenci\u00f3n al cliente y recursos integrales para los usuarios.<\/li>\n<\/ul>\n","protected":false},"excerpt":{"rendered":"<p>WPForms Square, un constructor de formularios en l\u00ednea incre\u00edblemente robusto y altamente efectivo, brinda a las personas la oportunidad de generar formas personalizadas para sus sitios web o negocios. Con su interfaz notablemente f\u00e1cil de usar y una amplia variedad de plantillas meticulosamente elaboradas, WPForms Square otorga a los usuarios la capacidad de construir formularios de contacto, encuestas, formularios de pedido y una variedad de otros tipos de formularios con facilidad y eficiencia incomparables. Adem\u00e1s, WPForms Square se integra sin problemas con Square, lo que brinda a los usuarios la capacidad de procesar seguros los pagos directamente de sus formularios creados. Ya sea que se encuentre en el papel de un propietario de una peque\u00f1a empresa, un emprendedor ambicioso o incluso un desarrollador web calificado, WPForms Square demuestra ser la soluci\u00f3n definitiva para todos sus requisitos de formulario en l\u00ednea.<\/p>\n","protected":false},"featured_media":168514,"comment_status":"open","ping_status":"open","template":"","meta":[],"product_brand":[2628],"product_cat":[1278,1206,1211],"product_tag":[1440],"class_list":{"0":"post-131435","1":"product","2":"type-product","3":"status-publish","4":"has-post-thumbnail","6":"product_brand-wp-forms","7":"product_cat-pago","8":"product_cat-plugins","9":"product_cat-wordpress-plugins","10":"product_tag-wp-forms","11":"member-discount","12":"discount-restricted","14":"first","15":"instock","16":"sale","17":"downloadable","18":"virtual","19":"sold-individually","20":"purchasable","21":"product-type-simple"},"_links":{"self":[{"href":"https:\/\/gpl-love.com\/es\/wp-json\/wp\/v2\/product\/131435","targetHints":{"allow":["GET"]}}],"collection":[{"href":"https:\/\/gpl-love.com\/es\/wp-json\/wp\/v2\/product"}],"about":[{"href":"https:\/\/gpl-love.com\/es\/wp-json\/wp\/v2\/types\/product"}],"replies":[{"embeddable":true,"href":"https:\/\/gpl-love.com\/es\/wp-json\/wp\/v2\/comments?post=131435"}],"wp:featuredmedia":[{"embeddable":true,"href":"https:\/\/gpl-love.com\/es\/wp-json\/wp\/v2\/media\/168514"}],"wp:attachment":[{"href":"https:\/\/gpl-love.com\/es\/wp-json\/wp\/v2\/media?parent=131435"}],"wp:term":[{"taxonomy":"product_brand","embeddable":true,"href":"https:\/\/gpl-love.com\/es\/wp-json\/wp\/v2\/product_brand?post=131435"},{"taxonomy":"product_cat","embeddable":true,"href":"https:\/\/gpl-love.com\/es\/wp-json\/wp\/v2\/product_cat?post=131435"},{"taxonomy":"product_tag","embeddable":true,"href":"https:\/\/gpl-love.com\/es\/wp-json\/wp\/v2\/product_tag?post=131435"}],"curies":[{"name":"wp","href":"https:\/\/api.w.org\/{rel}","templated":true}]}}